{"id":266291,"date":"2022-12-01T12:50:45","date_gmt":"2022-12-01T11:50:45","guid":{"rendered":"http:\/\/dev.claret.cat\/producte\/pirates-rodamons-2\/"},"modified":"2024-04-20T13:50:13","modified_gmt":"2024-04-20T11:50:13","slug":"pirates-rodamons-9788418817632","status":"publish","type":"product","link":"https:\/\/www.claret.cat\/es\/libro\/pirates-rodamons-9788418817632\/","title":{"rendered":"PIRATES RODAMONS"},"content":{"rendered":"<p>Descobreix el llibre de cartr\u00f3 dels Pirates Rodamons i recorda que l&#8221;amistat \u00e9s el m\u00e9s gran tresor! El Pot Petit presenta les incre\u00efbles aventures dels Pirates Rodamons i descobreix el tresor m\u00e9s gran de tots: l&#8221;amistat! Est\u00e0s preparat per pujar al vaixell i jugar, cantar i ballar amb EL POT PETIT?<\/p>\n","protected":false},"excerpt":{"rendered":"<p>EL POT PETIT,<\/p>\n","protected":false},"featured_media":453967,"template":"","meta":{"_acf_changed":false,"om_disable_all_campaigns":false,"rs_blank_template":"","rs_page_bg_color":"","slide_template_v7":"","inline_featured_image":false,"_monsterinsights_skip_tracking":false,"_monsterinsights_sitenote_active":false,"_monsterinsights_sitenote_note":"","_monsterinsights_sitenote_category":0},"product_brand":[],"product_cat":[131,361],"product_tag":[],"class_list":{"0":"post-266291","1":"product","2":"type-product","3":"status-publish","4":"has-post-thumbnail","6":"product_cat-contes-per-infants-0-6-anys","7":"product_cat-cuentos-para-ninos-0-6-anos","9":"first","10":"instock","11":"taxable","12":"shipping-taxable","13":"purchasable","14":"product-type-simple"},"acf":{"autor":"EL POT PETIT,","codart":"841881763","libros-coleccion":"FORA DE COL.LECCI\u00d3","ediciones":"1","encuadernacion":"Carpeta","fecha_de_publicacion":"01\/11\/2022","novedad":"1","paginas":"12","subtitulo":"LLIBRE DE CARTR\u00d3","orden":"0","portada":"0","idioma":"cat","editorial":[{"ID":148657,"post_author":"3","post_date":"2022-10-14 11:59:58","post_date_gmt":"2022-10-14 09:59:58","post_content":"","post_title":"Penguin Kids","post_excerpt":"","post_status":"publish","comment_status":"closed","ping_status":"closed","post_password":"","post_name":"penguin-kids","to_ping":"","pinged":"","post_modified":"2022-10-14 11:59:58","post_modified_gmt":"2022-10-14 09:59:58","post_content_filtered":"","post_parent":0,"guid":"http:\/\/dev.claret.cat\/editorial\/penguin-kids\/","menu_order":0,"post_type":"editorial","post_mime_type":"","comment_count":"0","filter":"raw"}],"autores-libros":[{"ID":154686,"post_author":"3","post_date":"2022-10-14 15:06:48","post_date_gmt":"2022-10-14 13:06:48","post_content":"","post_title":"EL POT PETIT","post_excerpt":"","post_status":"publish","comment_status":"closed","ping_status":"closed","post_password":"","post_name":"el-pot-petit","to_ping":"","pinged":"","post_modified":"2022-10-14 15:06:48","post_modified_gmt":"2022-10-14 13:06:48","post_content_filtered":"","post_parent":0,"guid":"http:\/\/dev.claret.cat\/autor\/el-pot-petit\/","menu_order":0,"post_type":"autor","post_mime_type":"","comment_count":"0","filter":"raw"}]},"aioseo_notices":[],"_links":{"self":[{"href":"https:\/\/www.claret.cat\/es\/wp-json\/wp\/v2\/product\/266291","targetHints":{"allow":["GET"]}}],"collection":[{"href":"https:\/\/www.claret.cat\/es\/wp-json\/wp\/v2\/product"}],"about":[{"href":"https:\/\/www.claret.cat\/es\/wp-json\/wp\/v2\/types\/product"}],"wp:featuredmedia":[{"embeddable":true,"href":"https:\/\/www.claret.cat\/es\/wp-json\/wp\/v2\/media\/453967"}],"wp:attachment":[{"href":"https:\/\/www.claret.cat\/es\/wp-json\/wp\/v2\/media?parent=266291"}],"wp:term":[{"taxonomy":"product_brand","embeddable":true,"href":"https:\/\/www.claret.cat\/es\/wp-json\/wp\/v2\/product_brand?post=266291"},{"taxonomy":"product_cat","embeddable":true,"href":"https:\/\/www.claret.cat\/es\/wp-json\/wp\/v2\/product_cat?post=266291"},{"taxonomy":"product_tag","embeddable":true,"href":"https:\/\/www.claret.cat\/es\/wp-json\/wp\/v2\/product_tag?post=266291"}],"curies":[{"name":"wp","href":"https:\/\/api.w.org\/{rel}","templated":true}]}}