{"id":266294,"date":"2022-12-01T12:50:50","date_gmt":"2022-12-01T11:50:50","guid":{"rendered":"http:\/\/dev.claret.cat\/producte\/el-lleo-vergonyos-i-els-seus-amics-2\/"},"modified":"2026-01-02T12:05:57","modified_gmt":"2026-01-02T11:05:57","slug":"el-lleo-vergonyos-i-els-seus-amics-9788418817687","status":"publish","type":"product","link":"https:\/\/www.claret.cat\/es\/libro\/el-lleo-vergonyos-i-els-seus-amics-9788418817687\/","title":{"rendered":"EL LLE\u00d3 VERGONY\u00d3S I ELS SEUS AMICS"},"content":{"rendered":"<p>Descobreix el llibre de cartr\u00f3 del Lle\u00f3 vergony\u00f3s, diverteix-te amb  les seves incre\u00efbles aventures i coneix tots els seus amics! Est\u00e0s preparat per deixar enrere la vergonya i jugar, cantar i ballar amb El Pot Petit? \u00abEl lle\u00f3 vergony\u00f3s\u00bb, \u00abEl rock de la formiga\u00bb, \u00abEls pirates\u00bb&#8230; L&#8221;univers de les can\u00e7ons d&#8221;El Pot Petit \u00e9s l&#8221;univers dels m\u00e9s petits,  que ara podran gaudir-lo, a m\u00e9s, en un \u00e0lbum per a tota la fam\u00edlia. Amb les hist\u00f2ries m\u00e9s entranyables dels coneguts personatges, aquest  llibre presenta una nova manera de treballar les emocions, amb una  mirada respectuosa que ressalta el valor de l&#8221;amistat i la solidaritat en un format l\u00fadic i fresc. Descobreix els contes d&#8221;El Pot Petit!<\/p>\n","protected":false},"excerpt":{"rendered":"<p>EL POT PETIT,<\/p>\n","protected":false},"featured_media":1072434,"template":"","meta":{"_acf_changed":false,"om_disable_all_campaigns":false,"rs_blank_template":"","rs_page_bg_color":"","slide_template_v7":"","inline_featured_image":false,"_monsterinsights_skip_tracking":false,"_monsterinsights_sitenote_active":false,"_monsterinsights_sitenote_note":"","_monsterinsights_sitenote_category":0},"product_brand":[],"product_cat":[131,361],"product_tag":[],"class_list":{"0":"post-266294","1":"product","2":"type-product","3":"status-publish","4":"has-post-thumbnail","6":"product_cat-contes-per-infants-0-6-anys","7":"product_cat-cuentos-para-ninos-0-6-anos","9":"first","10":"outofstock","11":"taxable","12":"shipping-taxable","13":"purchasable","14":"product-type-simple"},"acf":{"autor":"EL POT PETIT,","codart":"841881768","libros-coleccion":"FORA DE COL.LECCI\u00d3","ediciones":"1","encuadernacion":"Carpeta","fecha_de_publicacion":"01\/11\/2022","novedad":"1","paginas":"12","subtitulo":"LLIBRE DE CARTR\u00d3","orden":"0","portada":"0","idioma":"cat","editorial":[{"ID":148657,"post_author":"3","post_date":"2022-10-14 11:59:58","post_date_gmt":"2022-10-14 09:59:58","post_content":"","post_title":"Penguin Kids","post_excerpt":"","post_status":"publish","comment_status":"closed","ping_status":"closed","post_password":"","post_name":"penguin-kids","to_ping":"","pinged":"","post_modified":"2022-10-14 11:59:58","post_modified_gmt":"2022-10-14 09:59:58","post_content_filtered":"","post_parent":0,"guid":"http:\/\/dev.claret.cat\/editorial\/penguin-kids\/","menu_order":0,"post_type":"editorial","post_mime_type":"","comment_count":"0","filter":"raw"}],"autores-libros":[{"ID":154686,"post_author":"3","post_date":"2022-10-14 15:06:48","post_date_gmt":"2022-10-14 13:06:48","post_content":"","post_title":"EL POT PETIT","post_excerpt":"","post_status":"publish","comment_status":"closed","ping_status":"closed","post_password":"","post_name":"el-pot-petit","to_ping":"","pinged":"","post_modified":"2022-10-14 15:06:48","post_modified_gmt":"2022-10-14 13:06:48","post_content_filtered":"","post_parent":0,"guid":"http:\/\/dev.claret.cat\/autor\/el-pot-petit\/","menu_order":0,"post_type":"autor","post_mime_type":"","comment_count":"0","filter":"raw"}],"booktrailer":"","resenas":""},"aioseo_notices":[],"_links":{"self":[{"href":"https:\/\/www.claret.cat\/es\/wp-json\/wp\/v2\/product\/266294","targetHints":{"allow":["GET"]}}],"collection":[{"href":"https:\/\/www.claret.cat\/es\/wp-json\/wp\/v2\/product"}],"about":[{"href":"https:\/\/www.claret.cat\/es\/wp-json\/wp\/v2\/types\/product"}],"wp:featuredmedia":[{"embeddable":true,"href":"https:\/\/www.claret.cat\/es\/wp-json\/wp\/v2\/media\/1072434"}],"wp:attachment":[{"href":"https:\/\/www.claret.cat\/es\/wp-json\/wp\/v2\/media?parent=266294"}],"wp:term":[{"taxonomy":"product_brand","embeddable":true,"href":"https:\/\/www.claret.cat\/es\/wp-json\/wp\/v2\/product_brand?post=266294"},{"taxonomy":"product_cat","embeddable":true,"href":"https:\/\/www.claret.cat\/es\/wp-json\/wp\/v2\/product_cat?post=266294"},{"taxonomy":"product_tag","embeddable":true,"href":"https:\/\/www.claret.cat\/es\/wp-json\/wp\/v2\/product_tag?post=266294"}],"curies":[{"name":"wp","href":"https:\/\/api.w.org\/{rel}","templated":true}]}}