{"id":266297,"date":"2022-12-01T12:50:54","date_gmt":"2022-12-01T11:50:54","guid":{"rendered":"http:\/\/dev.claret.cat\/producte\/los-elfos-de-papa-noel\/"},"modified":"2023-10-06T07:06:53","modified_gmt":"2023-10-06T05:06:53","slug":"los-elfos-de-papa-noel-9788419004581","status":"publish","type":"product","link":"https:\/\/www.claret.cat\/es\/libro\/los-elfos-de-papa-noel-9788419004581\/","title":{"rendered":"LOS ELFOS DE PAP\u00c1 NOEL"},"content":{"rendered":"<p>La autora infantil m\u00e1s querida, Mar\u00eda Men\u00e9ndez-Ponte, nos regala el cuento m\u00e1s divertido de la navidad.<\/p>\n<p> \u00bfQu\u00e9 pasar\u00eda si Pap\u00e1 Noel estuviera enfermo y los elfos tomaran el mando?<\/p>\n<p> En el C\u00edrculo Polar \u00c1rtico, Pap\u00e1 Noel se levanta con un buen resfriado. \u00bfHa sido mala suerte o hay alguien detr\u00e1s de todo esto?<br \/> Solo quedan siete d\u00edas para averiguar qu\u00e9 ha pasado<br \/> \u00a1y para preparar todos los regalos!.<\/p>\n","protected":false},"excerpt":{"rendered":"<p>MEN\u00c9NDEZ-PONTE, MAR\u00cdA<\/p>\n","protected":false},"featured_media":266298,"template":"","meta":{"_acf_changed":false,"om_disable_all_campaigns":false,"rs_blank_template":"","rs_page_bg_color":"","slide_template_v7":"","inline_featured_image":false,"_monsterinsights_skip_tracking":false,"_monsterinsights_sitenote_active":false,"_monsterinsights_sitenote_note":"","_monsterinsights_sitenote_category":0},"product_brand":[],"product_cat":[361],"product_tag":[],"class_list":{"0":"post-266297","1":"product","2":"type-product","3":"status-publish","4":"has-post-thumbnail","6":"product_cat-cuentos-para-ninos-0-6-anos","8":"first","9":"instock","10":"taxable","11":"shipping-taxable","12":"purchasable","13":"product-type-simple"},"acf":{"autor":"MEN\u00c9NDEZ-PONTE, MAR\u00cdA","codart":"841900458","libros-coleccion":"INFANTIL \/ JUVENIL","ediciones":"1","encuadernacion":"Carton\u00e9","fecha_de_publicacion":"01\/11\/2022","novedad":"1","paginas":"45","subtitulo":"","orden":"0","portada":"0","idioma":"spa","editorial":[{"ID":6188,"post_author":"3","post_date":"2022-07-28 17:46:47","post_date_gmt":"2022-07-28 15:46:47","post_content":"","post_title":"Duomo ediciones","post_excerpt":"","post_status":"publish","comment_status":"closed","ping_status":"closed","post_password":"","post_name":"duomo-ediciones","to_ping":"","pinged":"","post_modified":"2022-07-28 17:46:47","post_modified_gmt":"2022-07-28 15:46:47","post_content_filtered":"","post_parent":0,"guid":"http:\/\/dev.claret.cat\/editorial\/duomo-ediciones\/","menu_order":0,"post_type":"editorial","post_mime_type":"","comment_count":"0","filter":"raw"}],"autores-libros":[{"ID":5797,"post_author":"3","post_date":"2022-07-28 17:31:40","post_date_gmt":"2022-07-28 15:31:40","post_content":"","post_title":"MARIA MENENDEZ-PONTE","post_excerpt":"","post_status":"publish","comment_status":"closed","ping_status":"closed","post_password":"","post_name":"maria-menendez-ponte","to_ping":"","pinged":"","post_modified":"2022-07-28 17:31:40","post_modified_gmt":"2022-07-28 15:31:40","post_content_filtered":"","post_parent":0,"guid":"http:\/\/dev.claret.cat\/autor\/maria-menendez-ponte\/","menu_order":0,"post_type":"autor","post_mime_type":"","comment_count":"0","filter":"raw"}]},"aioseo_notices":[],"_links":{"self":[{"href":"https:\/\/www.claret.cat\/es\/wp-json\/wp\/v2\/product\/266297","targetHints":{"allow":["GET"]}}],"collection":[{"href":"https:\/\/www.claret.cat\/es\/wp-json\/wp\/v2\/product"}],"about":[{"href":"https:\/\/www.claret.cat\/es\/wp-json\/wp\/v2\/types\/product"}],"wp:featuredmedia":[{"embeddable":true,"href":"https:\/\/www.claret.cat\/es\/wp-json\/wp\/v2\/media\/266298"}],"wp:attachment":[{"href":"https:\/\/www.claret.cat\/es\/wp-json\/wp\/v2\/media?parent=266297"}],"wp:term":[{"taxonomy":"product_brand","embeddable":true,"href":"https:\/\/www.claret.cat\/es\/wp-json\/wp\/v2\/product_brand?post=266297"},{"taxonomy":"product_cat","embeddable":true,"href":"https:\/\/www.claret.cat\/es\/wp-json\/wp\/v2\/product_cat?post=266297"},{"taxonomy":"product_tag","embeddable":true,"href":"https:\/\/www.claret.cat\/es\/wp-json\/wp\/v2\/product_tag?post=266297"}],"curies":[{"name":"wp","href":"https:\/\/api.w.org\/{rel}","templated":true}]}}