{"id":266330,"date":"2022-12-01T12:51:45","date_gmt":"2022-12-01T11:51:45","guid":{"rendered":"http:\/\/dev.claret.cat\/producte\/tots-els-contes-de-nadal\/"},"modified":"2025-12-24T09:41:50","modified_gmt":"2025-12-24T08:41:50","slug":"tots-els-contes-de-nadal-9788419013477","status":"publish","type":"product","link":"https:\/\/www.claret.cat\/es\/libro\/tots-els-contes-de-nadal-9788419013477\/","title":{"rendered":"TOTS ELS CONTES DE NADAL"},"content":{"rendered":"<p>Tots els contes de Nadal, il\u00b7lustrat per Bernat Cormand, inclou  reunits per primer cop en catal\u00e0 els cinc contes nadalencs de Charles Dickens Despr\u00e9s del gran impacte de la publicaci\u00f3 de Can\u00e7\u00f3 de Nadal el  1843, l&#8217;aparici\u00f3 de les hist\u00f2ries nadalenques de Charles Dickens era  cada any tot un esdeveniment a la Gran Bretanya de mitjan segle XIX. Els contes de Dickens van arribar a ser tan influents que se&#8217;ls  considera part fundadora de la mateixa est\u00e8tica de la celebraci\u00f3 de  Nadal als pa\u00efsos anglosaxons. Amb el temps, per\u00f2, la for\u00e7a de la Can\u00e7\u00f3  de Nadal va anar eclipsant la fortuna editorial dels altres contes, dotats d&#8217;un inter\u00e8s equivalent.<\/p>\n","protected":false},"excerpt":{"rendered":"<p>DICKENS, CHARLES<\/p>\n","protected":false},"featured_media":278073,"template":"","meta":{"_acf_changed":false,"om_disable_all_campaigns":false,"rs_blank_template":"","rs_page_bg_color":"","slide_template_v7":"","inline_featured_image":false,"_monsterinsights_skip_tracking":false,"_monsterinsights_sitenote_active":false,"_monsterinsights_sitenote_note":"","_monsterinsights_sitenote_category":0},"product_brand":[],"product_cat":[354,123],"product_tag":[],"class_list":{"0":"post-266330","1":"product","2":"type-product","3":"status-publish","4":"has-post-thumbnail","6":"product_cat-clasica","7":"product_cat-classica","9":"first","10":"instock","11":"taxable","12":"shipping-taxable","13":"purchasable","14":"product-type-simple"},"acf":{"autor":"DICKENS, CHARLES","codart":"841901347","libros-coleccion":"LES ALES ESTESES","ediciones":"1","encuadernacion":"Carton\u00e9","fecha_de_publicacion":"01\/11\/2022","novedad":"1","paginas":"478","subtitulo":"","orden":"0","portada":"0","idioma":"cat","editorial":[{"ID":6278,"post_author":"3","post_date":"2022-07-28 17:48:46","post_date_gmt":"2022-07-28 15:48:46","post_content":"","post_title":"La Magrana","post_excerpt":"","post_status":"publish","comment_status":"closed","ping_status":"closed","post_password":"","post_name":"la-magrana","to_ping":"","pinged":"","post_modified":"2022-07-28 17:48:46","post_modified_gmt":"2022-07-28 15:48:46","post_content_filtered":"","post_parent":0,"guid":"http:\/\/dev.claret.cat\/editorial\/la-magrana\/","menu_order":0,"post_type":"editorial","post_mime_type":"","comment_count":"0","filter":"raw"}],"autores-libros":[{"ID":152762,"post_author":"3","post_date":"2022-10-14 14:51:22","post_date_gmt":"2022-10-14 12:51:22","post_content":"","post_title":"CHARLES DICKENS","post_excerpt":"","post_status":"publish","comment_status":"closed","ping_status":"closed","post_password":"","post_name":"charles-dickens","to_ping":"","pinged":"","post_modified":"2022-10-14 14:51:22","post_modified_gmt":"2022-10-14 12:51:22","post_content_filtered":"","post_parent":0,"guid":"http:\/\/dev.claret.cat\/autor\/charles-dickens\/","menu_order":0,"post_type":"autor","post_mime_type":"","comment_count":"0","filter":"raw"}],"booktrailer":"","resenas":""},"aioseo_notices":[],"_links":{"self":[{"href":"https:\/\/www.claret.cat\/es\/wp-json\/wp\/v2\/product\/266330","targetHints":{"allow":["GET"]}}],"collection":[{"href":"https:\/\/www.claret.cat\/es\/wp-json\/wp\/v2\/product"}],"about":[{"href":"https:\/\/www.claret.cat\/es\/wp-json\/wp\/v2\/types\/product"}],"wp:featuredmedia":[{"embeddable":true,"href":"https:\/\/www.claret.cat\/es\/wp-json\/wp\/v2\/media\/278073"}],"wp:attachment":[{"href":"https:\/\/www.claret.cat\/es\/wp-json\/wp\/v2\/media?parent=266330"}],"wp:term":[{"taxonomy":"product_brand","embeddable":true,"href":"https:\/\/www.claret.cat\/es\/wp-json\/wp\/v2\/product_brand?post=266330"},{"taxonomy":"product_cat","embeddable":true,"href":"https:\/\/www.claret.cat\/es\/wp-json\/wp\/v2\/product_cat?post=266330"},{"taxonomy":"product_tag","embeddable":true,"href":"https:\/\/www.claret.cat\/es\/wp-json\/wp\/v2\/product_tag?post=266330"}],"curies":[{"name":"wp","href":"https:\/\/api.w.org\/{rel}","templated":true}]}}