{"id":266342,"date":"2022-12-01T12:52:04","date_gmt":"2022-12-01T11:52:04","guid":{"rendered":"http:\/\/dev.claret.cat\/producte\/miscelaneas-japonesas\/"},"modified":"2023-10-06T07:05:34","modified_gmt":"2023-10-06T05:05:34","slug":"miscelaneas-japonesas-9788419035394","status":"publish","type":"product","link":"https:\/\/www.claret.cat\/es\/libro\/miscelaneas-japonesas-9788419035394\/","title":{"rendered":"MISCELANEAS JAPONESAS"},"content":{"rendered":"<p>Miscel\u00e1neas japonesas es un cofre repleto de joyas, tesoros literarios en forma de historias extra\u00f1as que nos hablan de promesas incumplidas, de pinturas maravillosas que cobran vida o de reencarnaciones asombrosas. Hace mucho, mucho tiempo, en el lejano Jap\u00f3n la realidad y lo sobrenatural conviv\u00edan en armon\u00eda: la pluma magistral de Lafcadio Hearn plasma con exquisita sensibilidad y refinado talento literario los lejanos y enigm\u00e1ticos ecos del pa\u00eds del Sol Naciente.Lafcadio Hearn lleg\u00f3 a Jap\u00f3n en una ma\u00f1ana de primavera del a\u00f1o 1890. Desde aquel preciso instante, el pa\u00eds ex\u00f3tico y misterioso que se presentaba ante \u00e9l cautiv\u00f3 su hasta entonces desarraigado esp\u00edritu. El escritor errante que se sent\u00eda extranjero en todas partes pudo formar al fin el hogar que siempre hab\u00eda anhelado y se convirti\u00f3 en el m\u00e1s valioso y querido int\u00e9rprete occidental de la cultura japonesa.bok, y tiene tiendas minoristas en Los Angeles, Nueva York, Londres y Tokio. de los m\u00e1s atrevidos y audaces de los publicados en los \u00faltimos a\u00f1os.\u00abAl principio aprend\u00ed a distinguir por el tipo de vitalidad. Es decir, una vitalidad ten\u00eda un color,<\/p>\n","protected":false},"excerpt":{"rendered":"<p>HEARN, LAFCADIO<\/p>\n","protected":false},"featured_media":314814,"template":"","meta":{"_acf_changed":false,"om_disable_all_campaigns":false,"rs_blank_template":"","rs_page_bg_color":"","slide_template_v7":"","inline_featured_image":false,"_monsterinsights_skip_tracking":false,"_monsterinsights_sitenote_active":false,"_monsterinsights_sitenote_note":"","_monsterinsights_sitenote_category":0},"product_brand":[],"product_cat":[354],"product_tag":[],"class_list":{"0":"post-266342","1":"product","2":"type-product","3":"status-publish","4":"has-post-thumbnail","6":"product_cat-clasica","8":"first","9":"instock","10":"taxable","11":"shipping-taxable","12":"purchasable","13":"product-type-simple"},"acf":{"autor":"HEARN, LAFCADIO","codart":"841903539","libros-coleccion":"CLASICOS SATORI","ediciones":"1","encuadernacion":"Carton\u00e9","fecha_de_publicacion":"01\/11\/2022","novedad":"1","paginas":"216","subtitulo":"","orden":"0","portada":"0","idioma":"spa","editorial":[{"ID":6358,"post_author":"3","post_date":"2022-07-28 17:50:29","post_date_gmt":"2022-07-28 15:50:29","post_content":"","post_title":"Satori","post_excerpt":"","post_status":"publish","comment_status":"closed","ping_status":"closed","post_password":"","post_name":"satori","to_ping":"","pinged":"","post_modified":"2022-07-28 17:50:29","post_modified_gmt":"2022-07-28 15:50:29","post_content_filtered":"","post_parent":0,"guid":"http:\/\/dev.claret.cat\/editorial\/satori\/","menu_order":0,"post_type":"editorial","post_mime_type":"","comment_count":"0","filter":"raw"}],"autores-libros":[{"ID":161816,"post_author":"3","post_date":"2022-10-14 17:21:15","post_date_gmt":"2022-10-14 15:21:15","post_content":"","post_title":"LAFCADIO HEARN","post_excerpt":"","post_status":"publish","comment_status":"closed","ping_status":"closed","post_password":"","post_name":"lafcadio-hearn","to_ping":"","pinged":"","post_modified":"2022-10-14 17:21:15","post_modified_gmt":"2022-10-14 15:21:15","post_content_filtered":"","post_parent":0,"guid":"http:\/\/dev.claret.cat\/autor\/lafcadio-hearn\/","menu_order":0,"post_type":"autor","post_mime_type":"","comment_count":"0","filter":"raw"}]},"aioseo_notices":[],"_links":{"self":[{"href":"https:\/\/www.claret.cat\/es\/wp-json\/wp\/v2\/product\/266342","targetHints":{"allow":["GET"]}}],"collection":[{"href":"https:\/\/www.claret.cat\/es\/wp-json\/wp\/v2\/product"}],"about":[{"href":"https:\/\/www.claret.cat\/es\/wp-json\/wp\/v2\/types\/product"}],"wp:featuredmedia":[{"embeddable":true,"href":"https:\/\/www.claret.cat\/es\/wp-json\/wp\/v2\/media\/314814"}],"wp:attachment":[{"href":"https:\/\/www.claret.cat\/es\/wp-json\/wp\/v2\/media?parent=266342"}],"wp:term":[{"taxonomy":"product_brand","embeddable":true,"href":"https:\/\/www.claret.cat\/es\/wp-json\/wp\/v2\/product_brand?post=266342"},{"taxonomy":"product_cat","embeddable":true,"href":"https:\/\/www.claret.cat\/es\/wp-json\/wp\/v2\/product_cat?post=266342"},{"taxonomy":"product_tag","embeddable":true,"href":"https:\/\/www.claret.cat\/es\/wp-json\/wp\/v2\/product_tag?post=266342"}],"curies":[{"name":"wp","href":"https:\/\/api.w.org\/{rel}","templated":true}]}}