{"id":26636,"date":"2022-10-02T10:47:46","date_gmt":"2022-10-02T08:47:46","guid":{"rendered":"http:\/\/dev.claret.cat\/producte\/quina-mena-de-mon-es-aquest\/"},"modified":"2025-06-26T10:34:56","modified_gmt":"2025-06-26T08:34:56","slug":"quina-mena-de-mon-es-aquest-9788412471724","status":"publish","type":"product","link":"https:\/\/www.claret.cat\/es\/libro\/quina-mena-de-mon-es-aquest-9788412471724\/","title":{"rendered":"\u00bfQUINA MENA DE M\u00d3N \u00c9S AQUEST?"},"content":{"rendered":"<p>La pand\u00e8mia ha alterat la nostra visi\u00f3 del m\u00f3n. Ara, m\u00e9s que d&#8217;un \u00abm\u00f3n com\u00fa\u00bb, haur\u00edem de parlar de molts \u00abmons\u00bb que se superposen, si tenim en compte que una bona part dels recursos no s\u00f3n compartits equitativament per tothom. \u00bfCom haur\u00edem de viure-hi, en aquest m\u00f3n? \u00bfQu\u00e8 cal perqu\u00e8 el m\u00f3n sigui habitable? La destrucci\u00f3 mediambiental, la pobresa, el racisme, les desigualtats, la viol\u00e8ncia social, inclosa la viol\u00e8ncia contra les dones i les minories sexuals, s\u00f3n, sens dubte, q\u00fcestions que condicionen la manera de viure individualment i col\u00b7lectiva.<\/p>\n<p> Perqu\u00e8 la vida sigui digna de ser viscuda cal fer valdre la nostra interdepend\u00e8ncia, la implicaci\u00f3 dels uns amb els altres, i adquirir un comprom\u00eds ferm amb el planeta i els seus habitants, humans i no humans, per respirar en un \u00abm\u00f3n com\u00fa\u00bb de deb\u00f2.<\/p>\n","protected":false},"excerpt":{"rendered":"<p>BUTLER, JUDITH<\/p>\n","protected":false},"featured_media":55959,"template":"","meta":{"_acf_changed":false,"om_disable_all_campaigns":false,"rs_blank_template":"","rs_page_bg_color":"","slide_template_v7":"","inline_featured_image":false,"_monsterinsights_skip_tracking":false,"_monsterinsights_sitenote_active":false,"_monsterinsights_sitenote_note":"","_monsterinsights_sitenote_category":0},"product_brand":[],"product_cat":[175,445],"product_tag":[],"class_list":{"0":"post-26636","1":"product","2":"type-product","3":"status-publish","4":"has-post-thumbnail","6":"product_cat-etica","7":"product_cat-etica-filosofia-2_humanidades","9":"first","10":"instock","11":"taxable","12":"shipping-taxable","13":"purchasable","14":"product-type-simple"},"acf":{"autor":"BUTLER, JUDITH","codart":"841247172","libros-coleccion":"FORA DE COL.LECCI\u00d3","ediciones":"1","encuadernacion":"R\u00fastica","fecha_de_publicacion":"01\/04\/2022","novedad":"1","paginas":"144","subtitulo":"FENOMENOLOGIA I PAND\u00c8MIA","orden":"0","portada":"0","idioma":"cat","editorial":[{"ID":6125,"post_author":"3","post_date":"2022-07-28 17:45:25","post_date_gmt":"2022-07-28 15:45:25","post_content":"","post_title":"ARC\u00c0DIA","post_excerpt":"","post_status":"publish","comment_status":"closed","ping_status":"closed","post_password":"","post_name":"arcadia","to_ping":"","pinged":"","post_modified":"2022-07-28 17:45:25","post_modified_gmt":"2022-07-28 15:45:25","post_content_filtered":"","post_parent":0,"guid":"http:\/\/dev.claret.cat\/editorial\/arcadia\/","menu_order":0,"post_type":"editorial","post_mime_type":"","comment_count":"0","filter":"raw"}],"autores-libros":[{"ID":161213,"post_author":"3","post_date":"2022-10-14 17:16:24","post_date_gmt":"2022-10-14 15:16:24","post_content":"","post_title":"JUDITH BUTLER","post_excerpt":"","post_status":"publish","comment_status":"closed","ping_status":"closed","post_password":"","post_name":"judith-butler","to_ping":"","pinged":"","post_modified":"2022-10-14 17:16:24","post_modified_gmt":"2022-10-14 15:16:24","post_content_filtered":"","post_parent":0,"guid":"http:\/\/dev.claret.cat\/autor\/judith-butler\/","menu_order":0,"post_type":"autor","post_mime_type":"","comment_count":"0","filter":"raw"}],"booktrailer":"","resenas":""},"aioseo_notices":[],"_links":{"self":[{"href":"https:\/\/www.claret.cat\/es\/wp-json\/wp\/v2\/product\/26636","targetHints":{"allow":["GET"]}}],"collection":[{"href":"https:\/\/www.claret.cat\/es\/wp-json\/wp\/v2\/product"}],"about":[{"href":"https:\/\/www.claret.cat\/es\/wp-json\/wp\/v2\/types\/product"}],"wp:featuredmedia":[{"embeddable":true,"href":"https:\/\/www.claret.cat\/es\/wp-json\/wp\/v2\/media\/55959"}],"wp:attachment":[{"href":"https:\/\/www.claret.cat\/es\/wp-json\/wp\/v2\/media?parent=26636"}],"wp:term":[{"taxonomy":"product_brand","embeddable":true,"href":"https:\/\/www.claret.cat\/es\/wp-json\/wp\/v2\/product_brand?post=26636"},{"taxonomy":"product_cat","embeddable":true,"href":"https:\/\/www.claret.cat\/es\/wp-json\/wp\/v2\/product_cat?post=26636"},{"taxonomy":"product_tag","embeddable":true,"href":"https:\/\/www.claret.cat\/es\/wp-json\/wp\/v2\/product_tag?post=26636"}],"curies":[{"name":"wp","href":"https:\/\/api.w.org\/{rel}","templated":true}]}}