{"id":266433,"date":"2022-12-01T12:54:22","date_gmt":"2022-12-01T11:54:22","guid":{"rendered":"http:\/\/dev.claret.cat\/producte\/moverse-por-el-amor\/"},"modified":"2024-07-13T12:15:12","modified_gmt":"2024-07-13T10:15:12","slug":"moverse-por-el-amor-9788427146969","status":"publish","type":"product","link":"https:\/\/www.claret.cat\/es\/libro\/moverse-por-el-amor-9788427146969\/","title":{"rendered":"MOVERSE POR EL AMOR"},"content":{"rendered":"<p>Muchas veces se dice que los Ejercicios Espirituales son una autobiograf\u00eda de Ignacio de Loyola \u00abdid\u00e1cticamente elaborada\u00bb. Y es que Ignacio intu\u00eda que algunas cosas \u00fatiles que observaba en su alma pod\u00edan servir a otros. En efecto, la mistagog\u00eda ignaciana es una pedagog\u00eda espiritual para vivir en el amor todo lo que uno hace.   \u00abMoverse por el amor\u00bb es un conjunto de aproximaciones a esa mistagog\u00eda ignaciana del amor para descifrar esa partitura a trav\u00e9s de la persona de Ignacio de Loyola, los Ejercicios Espirituales, las prolongaciones del carisma ignaciano y la espiritualidad que se configura a partir de dicho carisma.<\/p>\n","protected":false},"excerpt":{"rendered":"<p>RAMBLA BLANCH, JOSEP M. ;SJ<\/p>\n","protected":false},"featured_media":385015,"template":"","meta":{"_acf_changed":false,"om_disable_all_campaigns":false,"rs_blank_template":"","rs_page_bg_color":"","slide_template_v7":"","inline_featured_image":false,"_monsterinsights_skip_tracking":false,"_monsterinsights_sitenote_active":false,"_monsterinsights_sitenote_note":"","_monsterinsights_sitenote_category":0},"product_brand":[],"product_cat":[244,494],"product_tag":[],"class_list":{"0":"post-266433","1":"product","2":"type-product","3":"status-publish","4":"has-post-thumbnail","6":"product_cat-ignaciana","7":"product_cat-ignaciana-espiritualidad-1_espiritualidad","9":"first","10":"instock","11":"taxable","12":"shipping-taxable","13":"purchasable","14":"product-type-simple"},"acf":{"autor":"RAMBLA BLANCH, JOSEP M. ;SJ","codart":"842714696","libros-coleccion":"Manresa","ediciones":"1","encuadernacion":"R\u00fastica","fecha_de_publicacion":"01\/11\/2022","novedad":"1","paginas":"576","subtitulo":"IGNACIO DE LOYOLA, SU CARISMA Y SU LEGADO","orden":"0","portada":"0","idioma":"spa","editorial":[{"ID":8258,"post_author":"3","post_date":"2022-09-30 09:21:32","post_date_gmt":"2022-09-30 07:21:32","post_content":"","post_title":"MENSAJERO","post_excerpt":"","post_status":"publish","comment_status":"closed","ping_status":"closed","post_password":"","post_name":"mensajero","to_ping":"","pinged":"","post_modified":"2022-09-30 09:21:32","post_modified_gmt":"2022-09-30 07:21:32","post_content_filtered":"","post_parent":0,"guid":"http:\/\/dev.claret.cat\/editorial\/mensajero\/","menu_order":0,"post_type":"editorial","post_mime_type":"","comment_count":"0","filter":"raw"}],"autores-libros":[{"ID":160721,"post_author":"3","post_date":"2022-10-14 15:55:21","post_date_gmt":"2022-10-14 13:55:21","post_content":"","post_title":"JOSEP M. RAMBLA BLANCH","post_excerpt":"","post_status":"publish","comment_status":"closed","ping_status":"closed","post_password":"","post_name":"josep-m-rambla-blanch","to_ping":"","pinged":"","post_modified":"2022-10-14 15:55:21","post_modified_gmt":"2022-10-14 13:55:21","post_content_filtered":"","post_parent":0,"guid":"http:\/\/dev.claret.cat\/autor\/josep-m-rambla-blanch\/","menu_order":0,"post_type":"autor","post_mime_type":"","comment_count":"0","filter":"raw"},{"ID":169599,"post_author":"3","post_date":"2022-10-14 22:28:31","post_date_gmt":"2022-10-14 20:28:31","post_content":"","post_title":"SJ","post_excerpt":"","post_status":"publish","comment_status":"closed","ping_status":"closed","post_password":"","post_name":"sj","to_ping":"","pinged":"","post_modified":"2022-10-14 22:28:31","post_modified_gmt":"2022-10-14 20:28:31","post_content_filtered":"","post_parent":0,"guid":"http:\/\/dev.claret.cat\/autor\/sj\/","menu_order":0,"post_type":"autor","post_mime_type":"","comment_count":"0","filter":"raw"}]},"aioseo_notices":[],"_links":{"self":[{"href":"https:\/\/www.claret.cat\/es\/wp-json\/wp\/v2\/product\/266433","targetHints":{"allow":["GET"]}}],"collection":[{"href":"https:\/\/www.claret.cat\/es\/wp-json\/wp\/v2\/product"}],"about":[{"href":"https:\/\/www.claret.cat\/es\/wp-json\/wp\/v2\/types\/product"}],"wp:featuredmedia":[{"embeddable":true,"href":"https:\/\/www.claret.cat\/es\/wp-json\/wp\/v2\/media\/385015"}],"wp:attachment":[{"href":"https:\/\/www.claret.cat\/es\/wp-json\/wp\/v2\/media?parent=266433"}],"wp:term":[{"taxonomy":"product_brand","embeddable":true,"href":"https:\/\/www.claret.cat\/es\/wp-json\/wp\/v2\/product_brand?post=266433"},{"taxonomy":"product_cat","embeddable":true,"href":"https:\/\/www.claret.cat\/es\/wp-json\/wp\/v2\/product_cat?post=266433"},{"taxonomy":"product_tag","embeddable":true,"href":"https:\/\/www.claret.cat\/es\/wp-json\/wp\/v2\/product_tag?post=266433"}],"curies":[{"name":"wp","href":"https:\/\/api.w.org\/{rel}","templated":true}]}}