{"id":266472,"date":"2022-12-01T12:55:19","date_gmt":"2022-12-01T11:55:19","guid":{"rendered":"http:\/\/dev.claret.cat\/producte\/san-juan-de-avila-leido-hoy-1-audi-filia\/"},"modified":"2025-12-18T11:01:13","modified_gmt":"2025-12-18T10:01:13","slug":"san-juan-de-avila-leido-hoy-1-audi-filia-9788419307415","status":"publish","type":"product","link":"https:\/\/www.claret.cat\/es\/libro\/san-juan-de-avila-leido-hoy-1-audi-filia-9788419307415\/","title":{"rendered":"SAN JUAN DE \u00c1VILA, LE\u00cdDO HOY &#8211; 1. AUDI FILIA"},"content":{"rendered":"<p>\u201cLeer a san Juan de \u00c1vila en su lengua original, en castellano del siglo XVI, es un placer a\u00f1adido, que acompa\u00f1a al sabor y la sabidur\u00eda que tienen sus escritos. Pero para acercar tales escritos a las personas de hoy, y sobre todo a los j\u00f3venes de hoy, ese lenguaje constituye una barrera a veces dif\u00edcil de superar.<\/p>\n<p> Por eso, me parece muy acertada la iniciativa de D. Pablo Cervera Barranco, sacerdote diocesano, de poner en castellano de nuestros d\u00edas este tesoro de doctrina que se encierra en los escritos de san Juan de \u00c1vila. Es como si ante un tesoro escondido nos dieran las pautas y la clave para rastrearlo y encontrarlo en todo su frescor y originalidad (Demetrio Fern\u00e1ndez, Obispo de C\u00f3rdoba, Pr\u00f3logo).<\/p>\n<p> El mismo san Juan de \u00c1vila, en el pr\u00f3logo de su libro, se\u00f1ala que toma las palabras del salmo 44 (45, vers\u00edculo 11): \u201cOye, hija\u201d (\u201cEscucha hija\u201d), para dar t\u00edtulo a este libro (\u201cAudi filia\u201d). En \u00e9l encontramos lo esencial de la doctrina espiritual del santo. El libro trata, en sus propias palabras, de los lenguajes del mundo, del demonio y de la carne, as\u00ed como de los remedios contra ellos, de la verdadera fe cat\u00f3lica, los sentimientos espirituales falsos, el propio conocimiento, la oraci\u00f3n, la meditaci\u00f3n, la penitencia, y de la pasi\u00f3n de Nuestro Se\u00f1or Jesucristo, de la misericordia de Dios, del amor al pr\u00f3jimo y de la hermosura del alma, que se pierde por el pecado.<\/p>\n","protected":false},"excerpt":{"rendered":"<p>CERVERA BARRANCO, PABLO<\/p>\n","protected":false},"featured_media":1071233,"template":"","meta":{"_acf_changed":false,"om_disable_all_campaigns":false,"rs_blank_template":"","rs_page_bg_color":"","slide_template_v7":"","inline_featured_image":false,"_monsterinsights_skip_tracking":false,"_monsterinsights_sitenote_active":false,"_monsterinsights_sitenote_note":"","_monsterinsights_sitenote_category":0},"product_brand":[],"product_cat":[485,232],"product_tag":[],"class_list":{"0":"post-266472","1":"product","2":"type-product","3":"status-publish","4":"has-post-thumbnail","6":"product_cat-autores-espiritualidad-1_espiritualidad","7":"product_cat-autors-espiritualitat","9":"first","10":"instock","11":"taxable","12":"shipping-taxable","13":"purchasable","14":"product-type-simple"},"acf":{"autor":"CERVERA BARRANCO, PABLO","codart":"841930741","libros-coleccion":"","ediciones":"1","encuadernacion":"R\u00fastica","fecha_de_publicacion":"31\/10\/2022","novedad":"1","paginas":"550","subtitulo":"AUDI FILIA","orden":"0","portada":"0","idioma":"spa","editorial":[{"ID":6309,"post_author":"3","post_date":"2022-07-28 17:49:25","post_date_gmt":"2022-07-28 15:49:25","post_content":"","post_title":"Monte Carmelo","post_excerpt":"","post_status":"publish","comment_status":"closed","ping_status":"closed","post_password":"","post_name":"monte-carmelo","to_ping":"","pinged":"","post_modified":"2022-07-28 17:49:25","post_modified_gmt":"2022-07-28 15:49:25","post_content_filtered":"","post_parent":0,"guid":"http:\/\/dev.claret.cat\/editorial\/monte-carmelo\/","menu_order":0,"post_type":"editorial","post_mime_type":"","comment_count":"0","filter":"raw"}],"autores-libros":[{"ID":166400,"post_author":"3","post_date":"2022-10-14 18:02:52","post_date_gmt":"2022-10-14 16:02:52","post_content":"","post_title":"PABLO CERVERA BARRANCO","post_excerpt":"","post_status":"publish","comment_status":"closed","ping_status":"closed","post_password":"","post_name":"pablo-cervera-barranco","to_ping":"","pinged":"","post_modified":"2022-10-14 18:02:52","post_modified_gmt":"2022-10-14 16:02:52","post_content_filtered":"","post_parent":0,"guid":"http:\/\/dev.claret.cat\/autor\/pablo-cervera-barranco\/","menu_order":0,"post_type":"autor","post_mime_type":"","comment_count":"0","filter":"raw"}],"booktrailer":"","resenas":""},"aioseo_notices":[],"_links":{"self":[{"href":"https:\/\/www.claret.cat\/es\/wp-json\/wp\/v2\/product\/266472","targetHints":{"allow":["GET"]}}],"collection":[{"href":"https:\/\/www.claret.cat\/es\/wp-json\/wp\/v2\/product"}],"about":[{"href":"https:\/\/www.claret.cat\/es\/wp-json\/wp\/v2\/types\/product"}],"wp:featuredmedia":[{"embeddable":true,"href":"https:\/\/www.claret.cat\/es\/wp-json\/wp\/v2\/media\/1071233"}],"wp:attachment":[{"href":"https:\/\/www.claret.cat\/es\/wp-json\/wp\/v2\/media?parent=266472"}],"wp:term":[{"taxonomy":"product_brand","embeddable":true,"href":"https:\/\/www.claret.cat\/es\/wp-json\/wp\/v2\/product_brand?post=266472"},{"taxonomy":"product_cat","embeddable":true,"href":"https:\/\/www.claret.cat\/es\/wp-json\/wp\/v2\/product_cat?post=266472"},{"taxonomy":"product_tag","embeddable":true,"href":"https:\/\/www.claret.cat\/es\/wp-json\/wp\/v2\/product_tag?post=266472"}],"curies":[{"name":"wp","href":"https:\/\/api.w.org\/{rel}","templated":true}]}}