{"id":266488,"date":"2022-12-01T12:55:44","date_gmt":"2022-12-01T11:55:44","guid":{"rendered":"http:\/\/dev.claret.cat\/producte\/aculturacio-i-interaccio-judeocristianes-en-lesglesia-dels-origens\/"},"modified":"2025-11-08T12:11:21","modified_gmt":"2025-11-08T11:11:21","slug":"aculturacio-i-interaccio-judeocristianes-en-lesglesia-dels-origens-9788412592405","status":"publish","type":"product","link":"https:\/\/www.claret.cat\/es\/libro\/aculturacio-i-interaccio-judeocristianes-en-lesglesia-dels-origens-9788412592405\/","title":{"rendered":"ACULTURACI\u00d3 I INTERACCI\u00d3 JUDEOCRISTIANES EN L&#8217;ESGL\u00c9SIA DELS OR\u00cdGENS"},"content":{"rendered":"","protected":false},"excerpt":{"rendered":"<p>FREDERIC RAURELL-OERE ILLA<\/p>\n","protected":false},"featured_media":296856,"template":"","meta":{"_acf_changed":false,"om_disable_all_campaigns":false,"rs_blank_template":"","rs_page_bg_color":"","slide_template_v7":"","inline_featured_image":false,"_monsterinsights_skip_tracking":false,"_monsterinsights_sitenote_active":false,"_monsterinsights_sitenote_note":"","_monsterinsights_sitenote_category":0},"product_brand":[],"product_cat":[392,231],"product_tag":[],"class_list":{"0":"post-266488","1":"product","2":"type-product","3":"status-publish","4":"has-post-thumbnail","6":"product_cat-obras-generales","7":"product_cat-obres-generals","9":"first","10":"instock","11":"taxable","12":"shipping-taxable","13":"purchasable","14":"product-type-simple"},"acf":{"autor":"FREDERIC RAURELL-OERE ILLA","codart":"841259240","libros-coleccion":"","ediciones":"1","encuadernacion":"R\u00fastica","fecha_de_publicacion":"27\/10\/2022","novedad":"1","paginas":"379","subtitulo":"INTRODUCCI\u00d3 A CURA DE TERESA SOL\u00c0","orden":"0","portada":"1","idioma":"cat","editorial":[{"ID":275615,"post_author":"3","post_date":"2022-12-09 06:55:38","post_date_gmt":"2022-12-09 05:55:38","post_content":"","post_title":"KAME EDITORS","post_excerpt":"","post_status":"publish","comment_status":"closed","ping_status":"closed","post_password":"","post_name":"kame-editors","to_ping":"","pinged":"","post_modified":"2022-12-09 06:55:38","post_modified_gmt":"2022-12-09 05:55:38","post_content_filtered":"","post_parent":0,"guid":"http:\/\/dev.claret.cat\/editorial\/kame-editors\/","menu_order":0,"post_type":"editorial","post_mime_type":"","comment_count":"0","filter":"raw"}],"autores-libros":[{"ID":275616,"post_author":"3","post_date":"2022-12-09 06:55:39","post_date_gmt":"2022-12-09 05:55:39","post_content":"","post_title":"FREDERIC RAURELL-OERE ILLA","post_excerpt":"","post_status":"publish","comment_status":"closed","ping_status":"closed","post_password":"","post_name":"frederic-raurell-oere-illa","to_ping":"","pinged":"","post_modified":"2022-12-09 06:55:39","post_modified_gmt":"2022-12-09 05:55:39","post_content_filtered":"","post_parent":0,"guid":"http:\/\/dev.claret.cat\/autor\/frederic-raurell-oere-illa\/","menu_order":0,"post_type":"autor","post_mime_type":"","comment_count":"0","filter":"raw"}],"booktrailer":"","resenas":""},"aioseo_notices":[],"_links":{"self":[{"href":"https:\/\/www.claret.cat\/es\/wp-json\/wp\/v2\/product\/266488","targetHints":{"allow":["GET"]}}],"collection":[{"href":"https:\/\/www.claret.cat\/es\/wp-json\/wp\/v2\/product"}],"about":[{"href":"https:\/\/www.claret.cat\/es\/wp-json\/wp\/v2\/types\/product"}],"wp:featuredmedia":[{"embeddable":true,"href":"https:\/\/www.claret.cat\/es\/wp-json\/wp\/v2\/media\/296856"}],"wp:attachment":[{"href":"https:\/\/www.claret.cat\/es\/wp-json\/wp\/v2\/media?parent=266488"}],"wp:term":[{"taxonomy":"product_brand","embeddable":true,"href":"https:\/\/www.claret.cat\/es\/wp-json\/wp\/v2\/product_brand?post=266488"},{"taxonomy":"product_cat","embeddable":true,"href":"https:\/\/www.claret.cat\/es\/wp-json\/wp\/v2\/product_cat?post=266488"},{"taxonomy":"product_tag","embeddable":true,"href":"https:\/\/www.claret.cat\/es\/wp-json\/wp\/v2\/product_tag?post=266488"}],"curies":[{"name":"wp","href":"https:\/\/api.w.org\/{rel}","templated":true}]}}