{"id":266647,"date":"2022-12-01T12:59:41","date_gmt":"2022-12-01T11:59:41","guid":{"rendered":"http:\/\/dev.claret.cat\/producte\/el-arte-de-mirar-y-escuchar-desde-el-corazon\/"},"modified":"2025-09-19T18:22:00","modified_gmt":"2025-09-19T16:22:00","slug":"el-arte-de-mirar-y-escuchar-desde-el-corazon-9788433031990","status":"publish","type":"product","link":"https:\/\/www.claret.cat\/es\/libro\/el-arte-de-mirar-y-escuchar-desde-el-corazon-9788433031990\/","title":{"rendered":"EL ARTE DE MIRAR Y ESCUCHAR DESDE EL CORAZ\u00d3N"},"content":{"rendered":"<p>Las p\u00e1ginas de este libro son una invitaci\u00f3n a convertir el mirar y el escuchar en un acto de reconciliaci\u00f3n con la Vida y de aceptaci\u00f3n de lo que sucede.<br \/> Es un texto que, m\u00e1s que informar, quiere inspirar a quien, sin prisas y pausadamente, se acerque a \u00e9l para leerlo, escucharlo y acariciarlo. Para quien sepa descubrirlo, est\u00e1 cargado de sugerencias vivenciales.<br \/> En el coraz\u00f3n de cada cap\u00edtulo hay una propuesta de ver, escuchar, acoger y situarse ante las cosas que dan cuerpo a nuestro vivir de cada d\u00eda.<br \/> Atendiendo a su vocaci\u00f3n escritora, y a partir de la frase Un \u00e1rbol que cae hace m\u00e1s ruido que el bosque creciendo, el autor quiere dar volumen a esa vida que crece, silenciosamente, en un mundo complejo, conflictivo y ruidoso.<br \/> Cada vez que te decidas a abrir este libro y entregarte a la lectura de sus p\u00e1ginas, estar\u00e1s pegando tu o\u00eddo a lo escondido, a lo menos visible y a eso no noticiable, pero que tambi\u00e9n ocurre en el mundo.<br \/> Profundizando en la l\u00ednea de los libros que le preceden, La Vida Maestra (2001), La Sabidur\u00eda de Vivir (2008) y Mi alegr\u00eda sobre el puente (2015), todos ellos publicados por Descl\u00e9e, el autor quiere devolver nuestra atenci\u00f3n a esa vida que crece en lo peque\u00f1o y simple de cada d\u00eda. Es, como toda su obra, un canto de esperanza y un himno a la alegr\u00eda de vivir.<\/p>\n","protected":false},"excerpt":{"rendered":"<p>TORO, JOS\u00c9 MAR\u00cdA<\/p>\n","protected":false},"featured_media":347353,"template":"","meta":{"_acf_changed":false,"om_disable_all_campaigns":false,"rs_blank_template":"","rs_page_bg_color":"","slide_template_v7":"","inline_featured_image":false,"_monsterinsights_skip_tracking":false,"_monsterinsights_sitenote_active":false,"_monsterinsights_sitenote_note":"","_monsterinsights_sitenote_category":0},"product_brand":[],"product_cat":[179,377],"product_tag":[],"class_list":{"0":"post-266647","1":"product","2":"type-product","3":"status-publish","4":"has-post-thumbnail","6":"product_cat-autoajuda-i-salut-mental","7":"product_cat-autoayuda-y-salud-mental","9":"first","10":"instock","11":"taxable","12":"shipping-taxable","13":"purchasable","14":"product-type-simple"},"acf":{"autor":"TORO, JOS\u00c9 MAR\u00cdA","codart":"843303199","libros-coleccion":"A los cuatro vientos","ediciones":"1","encuadernacion":"R\u00fastica","fecha_de_publicacion":"26\/10\/2022","novedad":"1","paginas":"224","subtitulo":"","orden":"0","portada":"0","idioma":"spa","editorial":[{"ID":6179,"post_author":"3","post_date":"2022-07-28 17:46:36","post_date_gmt":"2022-07-28 15:46:36","post_content":"","post_title":"DESCLEE DE BROUWER","post_excerpt":"","post_status":"publish","comment_status":"closed","ping_status":"closed","post_password":"","post_name":"desclee-de-brouwer","to_ping":"","pinged":"","post_modified":"2022-07-28 17:46:36","post_modified_gmt":"2022-07-28 15:46:36","post_content_filtered":"","post_parent":0,"guid":"http:\/\/dev.claret.cat\/editorial\/desclee-de-brouwer\/","menu_order":0,"post_type":"editorial","post_mime_type":"","comment_count":"0","filter":"raw"}],"autores-libros":[{"ID":160499,"post_author":"3","post_date":"2022-10-14 15:53:34","post_date_gmt":"2022-10-14 13:53:34","post_content":"","post_title":"JOSE MARIA TORO","post_excerpt":"","post_status":"publish","comment_status":"closed","ping_status":"closed","post_password":"","post_name":"jose-maria-toro","to_ping":"","pinged":"","post_modified":"2022-10-14 15:53:34","post_modified_gmt":"2022-10-14 13:53:34","post_content_filtered":"","post_parent":0,"guid":"http:\/\/dev.claret.cat\/autor\/jose-maria-toro\/","menu_order":0,"post_type":"autor","post_mime_type":"","comment_count":"0","filter":"raw"}],"booktrailer":"","resenas":""},"aioseo_notices":[],"_links":{"self":[{"href":"https:\/\/www.claret.cat\/es\/wp-json\/wp\/v2\/product\/266647","targetHints":{"allow":["GET"]}}],"collection":[{"href":"https:\/\/www.claret.cat\/es\/wp-json\/wp\/v2\/product"}],"about":[{"href":"https:\/\/www.claret.cat\/es\/wp-json\/wp\/v2\/types\/product"}],"wp:featuredmedia":[{"embeddable":true,"href":"https:\/\/www.claret.cat\/es\/wp-json\/wp\/v2\/media\/347353"}],"wp:attachment":[{"href":"https:\/\/www.claret.cat\/es\/wp-json\/wp\/v2\/media?parent=266647"}],"wp:term":[{"taxonomy":"product_brand","embeddable":true,"href":"https:\/\/www.claret.cat\/es\/wp-json\/wp\/v2\/product_brand?post=266647"},{"taxonomy":"product_cat","embeddable":true,"href":"https:\/\/www.claret.cat\/es\/wp-json\/wp\/v2\/product_cat?post=266647"},{"taxonomy":"product_tag","embeddable":true,"href":"https:\/\/www.claret.cat\/es\/wp-json\/wp\/v2\/product_tag?post=266647"}],"curies":[{"name":"wp","href":"https:\/\/api.w.org\/{rel}","templated":true}]}}