{"id":266665,"date":"2022-12-01T13:00:12","date_gmt":"2022-12-01T12:00:12","guid":{"rendered":"http:\/\/dev.claret.cat\/producte\/la-missa-explicada\/"},"modified":"2025-04-04T14:15:25","modified_gmt":"2025-04-04T12:15:25","slug":"la-missa-explicada-9788491655176","status":"publish","type":"product","link":"https:\/\/www.claret.cat\/es\/libro\/la-missa-explicada-9788491655176\/","title":{"rendered":"LA MISSA EXPLICADA"},"content":{"rendered":"","protected":false},"excerpt":{"rendered":"<p>GONZ\u00c1LEZ PADR\u00d3S, JAUME<\/p>\n","protected":false},"featured_media":1016706,"template":"","meta":{"_acf_changed":false,"om_disable_all_campaigns":false,"rs_blank_template":"","rs_page_bg_color":"","slide_template_v7":"","inline_featured_image":false,"_monsterinsights_skip_tracking":false,"_monsterinsights_sitenote_active":false,"_monsterinsights_sitenote_note":"","_monsterinsights_sitenote_category":0},"product_brand":[],"product_cat":[500,255,392,502,231,257],"product_tag":[],"class_list":{"0":"post-266665","1":"product","2":"type-product","3":"status-publish","4":"has-post-thumbnail","6":"product_cat-misales","7":"product_cat-missals","8":"product_cat-obras-generales","9":"product_cat-obras-generales-liturgia-1_espiritualidad","10":"product_cat-obres-generals","11":"product_cat-obres-generals-liturgia-1_espiritualitat","13":"first","14":"instock","15":"taxable","16":"shipping-taxable","17":"purchasable","18":"product-type-simple"},"acf":{"autor":"GONZ\u00c1LEZ PADR\u00d3S, JAUME","codart":"849165517","libros-coleccion":"","ediciones":"1","encuadernacion":"R\u00fastica","fecha_de_publicacion":"25\/10\/2022","novedad":"1","paginas":"72","subtitulo":"PARAULES I SIGNES AMB SENTIT","orden":"0","portada":"1","idioma":"cat","editorial":[{"ID":6172,"post_author":"3","post_date":"2022-07-28 17:46:27","post_date_gmt":"2022-07-28 15:46:27","post_content":"","post_title":"CPL","post_excerpt":"","post_status":"publish","comment_status":"closed","ping_status":"closed","post_password":"","post_name":"cpl","to_ping":"","pinged":"","post_modified":"2022-07-28 17:46:27","post_modified_gmt":"2022-07-28 15:46:27","post_content_filtered":"","post_parent":0,"guid":"http:\/\/dev.claret.cat\/editorial\/cpl\/","menu_order":0,"post_type":"editorial","post_mime_type":"","comment_count":"0","filter":"raw"}],"autores-libros":[{"ID":263560,"post_author":"3","post_date":"2022-12-01 11:18:33","post_date_gmt":"2022-12-01 10:18:33","post_content":"","post_title":"JAUME GONZALEZ PADROS","post_excerpt":"","post_status":"publish","comment_status":"closed","ping_status":"closed","post_password":"","post_name":"jaume-gonzalez-padros","to_ping":"","pinged":"","post_modified":"2022-12-01 11:18:33","post_modified_gmt":"2022-12-01 10:18:33","post_content_filtered":"","post_parent":0,"guid":"http:\/\/dev.claret.cat\/autor\/jaume-gonzalez-padros\/","menu_order":0,"post_type":"autor","post_mime_type":"","comment_count":"0","filter":"raw"}]},"aioseo_notices":[],"_links":{"self":[{"href":"https:\/\/www.claret.cat\/es\/wp-json\/wp\/v2\/product\/266665","targetHints":{"allow":["GET"]}}],"collection":[{"href":"https:\/\/www.claret.cat\/es\/wp-json\/wp\/v2\/product"}],"about":[{"href":"https:\/\/www.claret.cat\/es\/wp-json\/wp\/v2\/types\/product"}],"wp:featuredmedia":[{"embeddable":true,"href":"https:\/\/www.claret.cat\/es\/wp-json\/wp\/v2\/media\/1016706"}],"wp:attachment":[{"href":"https:\/\/www.claret.cat\/es\/wp-json\/wp\/v2\/media?parent=266665"}],"wp:term":[{"taxonomy":"product_brand","embeddable":true,"href":"https:\/\/www.claret.cat\/es\/wp-json\/wp\/v2\/product_brand?post=266665"},{"taxonomy":"product_cat","embeddable":true,"href":"https:\/\/www.claret.cat\/es\/wp-json\/wp\/v2\/product_cat?post=266665"},{"taxonomy":"product_tag","embeddable":true,"href":"https:\/\/www.claret.cat\/es\/wp-json\/wp\/v2\/product_tag?post=266665"}],"curies":[{"name":"wp","href":"https:\/\/api.w.org\/{rel}","templated":true}]}}