{"id":266758,"date":"2022-12-01T13:02:32","date_gmt":"2022-12-01T12:02:32","guid":{"rendered":"http:\/\/dev.claret.cat\/producte\/animals-ferits\/"},"modified":"2024-01-31T19:54:57","modified_gmt":"2024-01-31T18:54:57","slug":"animals-ferits-9788429780598","status":"publish","type":"product","link":"https:\/\/www.claret.cat\/es\/libro\/animals-ferits-9788429780598\/","title":{"rendered":"ANIMALS FERITS"},"content":{"rendered":"<p>La Nora, amb la mare gran, afronta un divorci despr\u00e9s d&#8217;un llarg matrimoni t\u00f2xic. Amb l&#8217;ajut dels amics, intentar\u00e0 desfer-se de tot all\u00f2 que durant quinze anys l&#8217;ha mantingut atrapada en una mentida. El Daniel i els seus fills tamb\u00e9 han d&#8217;afrontar una p\u00e8rdua irreversible i tr\u00e0gica. Com l&#8217;Anna, la mare de la Nora, que desorientada afronta els primers s\u00edmptomes greus de la p\u00e8rdua de la mem\u00f2ria. Un mas enmig del bosc, on la mare de la Nora de jove va ser feli\u00e7, ser\u00e0 el refugi d&#8217;aquesta estranya nova fam\u00edlia, que durant uns mesos conviur\u00e0 sota el mateix sostre.<br \/>Durant la conviv\u00e8ncia, dels m\u00e9s petits a la m\u00e9s gran compartiran confid\u00e8ncies i cadasc\u00fa a la seva manera intentar\u00e0 ressituar el passat, i recuperar l&#8217;energia que li permeti sortir de l&#8217;atzucac, trobar el nord i refer la vida.<\/p>\n","protected":false},"excerpt":{"rendered":"<p>ROCA PALET, ELISENDA<\/p>\n","protected":false},"featured_media":327705,"template":"","meta":{"_acf_changed":false,"om_disable_all_campaigns":false,"rs_blank_template":"","rs_page_bg_color":"","slide_template_v7":"","inline_featured_image":false,"_monsterinsights_skip_tracking":false,"_monsterinsights_sitenote_active":false,"_monsterinsights_sitenote_note":"","_monsterinsights_sitenote_category":0},"product_brand":[],"product_cat":[127,357],"product_tag":[],"class_list":{"0":"post-266758","1":"product","2":"type-product","3":"status-publish","4":"has-post-thumbnail","6":"product_cat-novella-contemporania","7":"product_cat-novela-contemporanea","9":"first","10":"instock","11":"taxable","12":"shipping-taxable","13":"purchasable","14":"product-type-simple"},"acf":{"autor":"ROCA PALET, ELISENDA","codart":"842978059","libros-coleccion":"El Balanc\u00ed","ediciones":"1","encuadernacion":"Carton\u00e9","fecha_de_publicacion":"01\/10\/2022","novedad":"1","paginas":"207","subtitulo":"","orden":"0","portada":"0","idioma":"cat","editorial":[{"ID":6210,"post_author":"3","post_date":"2022-07-28 17:47:13","post_date_gmt":"2022-07-28 15:47:13","post_content":"","post_title":"Edicions 62","post_excerpt":"","post_status":"publish","comment_status":"closed","ping_status":"closed","post_password":"","post_name":"edicions-62","to_ping":"","pinged":"","post_modified":"2022-07-28 17:47:13","post_modified_gmt":"2022-07-28 15:47:13","post_content_filtered":"","post_parent":0,"guid":"http:\/\/dev.claret.cat\/editorial\/edicions-62\/","menu_order":0,"post_type":"editorial","post_mime_type":"","comment_count":"0","filter":"raw"}],"autores-libros":[{"ID":154846,"post_author":"3","post_date":"2022-10-14 15:08:07","post_date_gmt":"2022-10-14 13:08:07","post_content":"","post_title":"ELISENDA ROCA PALET","post_excerpt":"","post_status":"publish","comment_status":"closed","ping_status":"closed","post_password":"","post_name":"elisenda-roca-palet","to_ping":"","pinged":"","post_modified":"2022-10-14 15:08:07","post_modified_gmt":"2022-10-14 13:08:07","post_content_filtered":"","post_parent":0,"guid":"http:\/\/dev.claret.cat\/autor\/elisenda-roca-palet\/","menu_order":0,"post_type":"autor","post_mime_type":"","comment_count":"0","filter":"raw"}]},"aioseo_notices":[],"_links":{"self":[{"href":"https:\/\/www.claret.cat\/es\/wp-json\/wp\/v2\/product\/266758","targetHints":{"allow":["GET"]}}],"collection":[{"href":"https:\/\/www.claret.cat\/es\/wp-json\/wp\/v2\/product"}],"about":[{"href":"https:\/\/www.claret.cat\/es\/wp-json\/wp\/v2\/types\/product"}],"wp:featuredmedia":[{"embeddable":true,"href":"https:\/\/www.claret.cat\/es\/wp-json\/wp\/v2\/media\/327705"}],"wp:attachment":[{"href":"https:\/\/www.claret.cat\/es\/wp-json\/wp\/v2\/media?parent=266758"}],"wp:term":[{"taxonomy":"product_brand","embeddable":true,"href":"https:\/\/www.claret.cat\/es\/wp-json\/wp\/v2\/product_brand?post=266758"},{"taxonomy":"product_cat","embeddable":true,"href":"https:\/\/www.claret.cat\/es\/wp-json\/wp\/v2\/product_cat?post=266758"},{"taxonomy":"product_tag","embeddable":true,"href":"https:\/\/www.claret.cat\/es\/wp-json\/wp\/v2\/product_tag?post=266758"}],"curies":[{"name":"wp","href":"https:\/\/api.w.org\/{rel}","templated":true}]}}