{"id":266872,"date":"2022-12-01T13:05:30","date_gmt":"2022-12-01T12:05:30","guid":{"rendered":"http:\/\/dev.claret.cat\/producte\/jo-no-faig-la-pipa\/"},"modified":"2024-05-03T11:02:28","modified_gmt":"2024-05-03T09:02:28","slug":"jo-no-faig-la-pipa-9788418522642","status":"publish","type":"product","link":"https:\/\/www.claret.cat\/es\/libro\/jo-no-faig-la-pipa-9788418522642\/","title":{"rendered":"JO NO FAIG LA PIPA"},"content":{"rendered":"<p>El Teo, la Noa i la Valentina se senten insegurs i temorosos el primer dia d&#8221;escola. Tots fan la pipa per sentir-se millor. El Marco vol jugar amb els seus amics nous, per\u00f2 no \u00e9s capa\u00e7 d&#8221;aconseguir que es treguin el dit de la boca! Fins que la mestra, la Paula, t\u00e9 una idea brillant. Funcionar\u00e0?<\/p>\n","protected":false},"excerpt":{"rendered":"<p>MERL\u00c1N, PAULA \/ ZURITA, ANA<\/p>\n","protected":false},"featured_media":370965,"template":"","meta":{"_acf_changed":false,"om_disable_all_campaigns":false,"rs_blank_template":"","rs_page_bg_color":"","slide_template_v7":"","inline_featured_image":false,"_monsterinsights_skip_tracking":false,"_monsterinsights_sitenote_active":false,"_monsterinsights_sitenote_note":"","_monsterinsights_sitenote_category":0},"product_brand":[],"product_cat":[127,357],"product_tag":[],"class_list":{"0":"post-266872","1":"product","2":"type-product","3":"status-publish","4":"has-post-thumbnail","6":"product_cat-novella-contemporania","7":"product_cat-novela-contemporanea","9":"first","10":"instock","11":"taxable","12":"shipping-taxable","13":"purchasable","14":"product-type-simple"},"acf":{"autor":"MERL\u00c1N, PAULA \/ ZURITA, ANA","codart":"841852264","libros-coleccion":"Tresors","ediciones":"1","encuadernacion":"Carton\u00e9","fecha_de_publicacion":"01\/10\/2022","novedad":"1","paginas":"45","subtitulo":"","orden":"0","portada":"0","idioma":"cat","editorial":[{"ID":148063,"post_author":"3","post_date":"2022-10-14 11:55:21","post_date_gmt":"2022-10-14 09:55:21","post_content":"","post_title":"EL CEP I LA NANSA EDICIONS","post_excerpt":"","post_status":"publish","comment_status":"closed","ping_status":"closed","post_password":"","post_name":"el-cep-i-la-nansa-edicions","to_ping":"","pinged":"","post_modified":"2022-10-14 11:55:21","post_modified_gmt":"2022-10-14 09:55:21","post_content_filtered":"","post_parent":0,"guid":"http:\/\/dev.claret.cat\/editorial\/el-cep-i-la-nansa-edicions\/","menu_order":0,"post_type":"editorial","post_mime_type":"","comment_count":"0","filter":"raw"}],"autores-libros":[{"ID":166784,"post_author":"3","post_date":"2022-10-14 18:06:01","post_date_gmt":"2022-10-14 16:06:01","post_content":"","post_title":"PAULA MERL\u00c1N","post_excerpt":"","post_status":"publish","comment_status":"closed","ping_status":"closed","post_password":"","post_name":"paula-merlan","to_ping":"","pinged":"","post_modified":"2022-10-14 18:06:01","post_modified_gmt":"2022-10-14 16:06:01","post_content_filtered":"","post_parent":0,"guid":"http:\/\/dev.claret.cat\/autor\/paula-merlan\/","menu_order":0,"post_type":"autor","post_mime_type":"","comment_count":"0","filter":"raw"},{"ID":150153,"post_author":"3","post_date":"2022-10-14 14:30:39","post_date_gmt":"2022-10-14 12:30:39","post_content":"","post_title":"ANA ZURITA","post_excerpt":"","post_status":"publish","comment_status":"closed","ping_status":"closed","post_password":"","post_name":"ana-zurita","to_ping":"","pinged":"","post_modified":"2022-10-14 14:30:39","post_modified_gmt":"2022-10-14 12:30:39","post_content_filtered":"","post_parent":0,"guid":"http:\/\/dev.claret.cat\/autor\/ana-zurita\/","menu_order":0,"post_type":"autor","post_mime_type":"","comment_count":"0","filter":"raw"}]},"aioseo_notices":[],"_links":{"self":[{"href":"https:\/\/www.claret.cat\/es\/wp-json\/wp\/v2\/product\/266872","targetHints":{"allow":["GET"]}}],"collection":[{"href":"https:\/\/www.claret.cat\/es\/wp-json\/wp\/v2\/product"}],"about":[{"href":"https:\/\/www.claret.cat\/es\/wp-json\/wp\/v2\/types\/product"}],"wp:featuredmedia":[{"embeddable":true,"href":"https:\/\/www.claret.cat\/es\/wp-json\/wp\/v2\/media\/370965"}],"wp:attachment":[{"href":"https:\/\/www.claret.cat\/es\/wp-json\/wp\/v2\/media?parent=266872"}],"wp:term":[{"taxonomy":"product_brand","embeddable":true,"href":"https:\/\/www.claret.cat\/es\/wp-json\/wp\/v2\/product_brand?post=266872"},{"taxonomy":"product_cat","embeddable":true,"href":"https:\/\/www.claret.cat\/es\/wp-json\/wp\/v2\/product_cat?post=266872"},{"taxonomy":"product_tag","embeddable":true,"href":"https:\/\/www.claret.cat\/es\/wp-json\/wp\/v2\/product_tag?post=266872"}],"curies":[{"name":"wp","href":"https:\/\/api.w.org\/{rel}","templated":true}]}}