{"id":267052,"date":"2022-12-01T13:10:03","date_gmt":"2022-12-01T12:10:03","guid":{"rendered":"http:\/\/dev.claret.cat\/producte\/no-estoy-de-cine\/"},"modified":"2023-10-06T07:34:45","modified_gmt":"2023-10-06T05:34:45","slug":"no-estoy-de-cine-9788418059667","status":"publish","type":"product","link":"https:\/\/www.claret.cat\/es\/libro\/no-estoy-de-cine-9788418059667\/","title":{"rendered":"NO ESTOY DE CINE"},"content":{"rendered":"<p>Este es un libro de aventuras. Y tambi\u00e9n un libro de viajes en el que aparecen submarinos, aviones min\u00fasculos, naves espaciales y puentes inacabables. Un libro sobre boxeadores, astronautas, bailarinas y magos, sobre refugios y chimeneas, sobre r\u00edos que acaban desembocando en un gran oc\u00e9ano en el que todos hemos nadado alguna vez: el s\u00e9ptimo arte.<\/p>\n<p> Un libro sobre esas pel\u00edculas que nos han salvado la vida, pel\u00edculas que nos recuerdan a alguien, que nos reconcilian con nosotros mismos. Pel\u00edculas que son paraguas: para re\u00edr, llorar o para mitigar las resacas.<\/p>\n<p> Un libro de historias con alma de payaso con el que soltar carcajadas o recordar que en realidad las cosas importantes se descubren en los momentos m\u00e1s inoportunos.<\/p>\n","protected":false},"excerpt":{"rendered":"<p>GARCIA RAMON, TONI<\/p>\n","protected":false},"featured_media":453077,"template":"","meta":{"_acf_changed":false,"om_disable_all_campaigns":false,"rs_blank_template":"","rs_page_bg_color":"","slide_template_v7":"","inline_featured_image":false,"_monsterinsights_skip_tracking":false,"_monsterinsights_sitenote_active":false,"_monsterinsights_sitenote_note":"","_monsterinsights_sitenote_category":0},"product_brand":[],"product_cat":[561],"product_tag":[],"class_list":{"0":"post-267052","1":"product","2":"type-product","3":"status-publish","4":"has-post-thumbnail","6":"product_cat-cine-y-television","8":"first","9":"instock","10":"taxable","11":"shipping-taxable","12":"purchasable","13":"product-type-simple"},"acf":{"autor":"GARCIA RAMON, TONI","codart":"841805966","libros-coleccion":"Catedral","ediciones":"1","encuadernacion":"R\u00fastica","fecha_de_publicacion":"01\/10\/2022","novedad":"1","paginas":"221","subtitulo":"","orden":"0","portada":"0","idioma":"spa","editorial":[{"ID":147610,"post_author":"3","post_date":"2022-10-14 11:51:54","post_date_gmt":"2022-10-14 09:51:54","post_content":"","post_title":"Catedral","post_excerpt":"","post_status":"publish","comment_status":"closed","ping_status":"closed","post_password":"","post_name":"catedral","to_ping":"","pinged":"","post_modified":"2022-10-14 11:51:54","post_modified_gmt":"2022-10-14 09:51:54","post_content_filtered":"","post_parent":0,"guid":"http:\/\/dev.claret.cat\/editorial\/catedral\/","menu_order":0,"post_type":"editorial","post_mime_type":"","comment_count":"0","filter":"raw"}],"autores-libros":[{"ID":170540,"post_author":"3","post_date":"2022-10-14 22:36:10","post_date_gmt":"2022-10-14 20:36:10","post_content":"","post_title":"TONI GARC\u00cdA RAM\u00d3N","post_excerpt":"","post_status":"publish","comment_status":"closed","ping_status":"closed","post_password":"","post_name":"toni-garcia-ramon","to_ping":"","pinged":"","post_modified":"2022-10-14 22:36:10","post_modified_gmt":"2022-10-14 20:36:10","post_content_filtered":"","post_parent":0,"guid":"http:\/\/dev.claret.cat\/autor\/toni-garcia-ramon\/","menu_order":0,"post_type":"autor","post_mime_type":"","comment_count":"0","filter":"raw"}]},"aioseo_notices":[],"_links":{"self":[{"href":"https:\/\/www.claret.cat\/es\/wp-json\/wp\/v2\/product\/267052","targetHints":{"allow":["GET"]}}],"collection":[{"href":"https:\/\/www.claret.cat\/es\/wp-json\/wp\/v2\/product"}],"about":[{"href":"https:\/\/www.claret.cat\/es\/wp-json\/wp\/v2\/types\/product"}],"wp:featuredmedia":[{"embeddable":true,"href":"https:\/\/www.claret.cat\/es\/wp-json\/wp\/v2\/media\/453077"}],"wp:attachment":[{"href":"https:\/\/www.claret.cat\/es\/wp-json\/wp\/v2\/media?parent=267052"}],"wp:term":[{"taxonomy":"product_brand","embeddable":true,"href":"https:\/\/www.claret.cat\/es\/wp-json\/wp\/v2\/product_brand?post=267052"},{"taxonomy":"product_cat","embeddable":true,"href":"https:\/\/www.claret.cat\/es\/wp-json\/wp\/v2\/product_cat?post=267052"},{"taxonomy":"product_tag","embeddable":true,"href":"https:\/\/www.claret.cat\/es\/wp-json\/wp\/v2\/product_tag?post=267052"}],"curies":[{"name":"wp","href":"https:\/\/api.w.org\/{rel}","templated":true}]}}