{"id":267058,"date":"2022-12-01T13:10:12","date_gmt":"2022-12-01T12:10:12","guid":{"rendered":"http:\/\/dev.claret.cat\/producte\/sobre-la-muerte-del-hermano\/"},"modified":"2023-10-06T07:28:50","modified_gmt":"2023-10-06T05:28:50","slug":"sobre-la-muerte-del-hermano-9788418981708","status":"publish","type":"product","link":"https:\/\/www.claret.cat\/es\/libro\/sobre-la-muerte-del-hermano-9788418981708\/","title":{"rendered":"SOBRE LA MUERTE DEL HERMANO"},"content":{"rendered":"<p>La muerte de un hermano, la p\u00e9rdida de un ser verdaderamente querido \u2013el hijo que se anticipa al ineluctable destino, la mujer o el hombre cuyo amor nos desvive\u2013, nos precipita en un tormento angosto, laber\u00edntico, del que cuesta salir. <br \/> S\u00e9neca no niega el dolor, es m\u00e1s, lo resalta en toda su crudeza, pero s\u00ed la tragedia: nada tan exclusivamente humano como la muerte, nada m\u00e1s perentorio que evitar que la muerte del ser querido nos arrastre y lleve consigo. <br \/> Si algo hay que prevenir, y este es el prop\u00f3sito de los consejos de S\u00e9neca, es que la muerte nos mate: que nos convierta en seres espectrales, en criaturas solo dolientes. <br \/> Este tratado ense\u00f1a que, a partir de cierto momento, la verdadera vida solo acontece en la rememoraci\u00f3n de la vida.<\/p>\n","protected":false},"excerpt":{"rendered":"<p>S\u00c9NECA, LUCIO ANNEO<\/p>\n","protected":false},"featured_media":267059,"template":"","meta":{"_acf_changed":false,"om_disable_all_campaigns":false,"rs_blank_template":"","rs_page_bg_color":"","slide_template_v7":"","inline_featured_image":false,"_monsterinsights_skip_tracking":false,"_monsterinsights_sitenote_active":false,"_monsterinsights_sitenote_note":"","_monsterinsights_sitenote_category":0},"product_brand":[],"product_cat":[373],"product_tag":[],"class_list":{"0":"post-267058","1":"product","2":"type-product","3":"status-publish","4":"has-post-thumbnail","6":"product_cat-autores","8":"first","9":"instock","10":"taxable","11":"shipping-taxable","12":"purchasable","13":"product-type-simple"},"acf":{"autor":"S\u00c9NECA, LUCIO ANNEO","codart":"841898170","libros-coleccion":"Los secretos de Diotima","ediciones":"1","encuadernacion":"R\u00fastica","fecha_de_publicacion":"01\/10\/2022","novedad":"1","paginas":"61","subtitulo":"","orden":"0","portada":"0","idioma":"spa","editorial":[{"ID":148236,"post_author":"3","post_date":"2022-10-14 11:56:41","post_date_gmt":"2022-10-14 09:56:41","post_content":"","post_title":"Guillermo Escolar Editor SL","post_excerpt":"","post_status":"publish","comment_status":"closed","ping_status":"closed","post_password":"","post_name":"guillermo-escolar-editor-sl","to_ping":"","pinged":"","post_modified":"2022-10-14 11:56:41","post_modified_gmt":"2022-10-14 09:56:41","post_content_filtered":"","post_parent":0,"guid":"http:\/\/dev.claret.cat\/editorial\/guillermo-escolar-editor-sl\/","menu_order":0,"post_type":"editorial","post_mime_type":"","comment_count":"0","filter":"raw"}],"autores-libros":[{"ID":162614,"post_author":"3","post_date":"2022-10-14 17:32:25","post_date_gmt":"2022-10-14 15:32:25","post_content":"","post_title":"LUCIO ANNEO SENECA","post_excerpt":"","post_status":"publish","comment_status":"closed","ping_status":"closed","post_password":"","post_name":"lucio-anneo-seneca","to_ping":"","pinged":"","post_modified":"2022-10-14 17:32:25","post_modified_gmt":"2022-10-14 15:32:25","post_content_filtered":"","post_parent":0,"guid":"http:\/\/dev.claret.cat\/autor\/lucio-anneo-seneca\/","menu_order":0,"post_type":"autor","post_mime_type":"","comment_count":"0","filter":"raw"}]},"aioseo_notices":[],"_links":{"self":[{"href":"https:\/\/www.claret.cat\/es\/wp-json\/wp\/v2\/product\/267058","targetHints":{"allow":["GET"]}}],"collection":[{"href":"https:\/\/www.claret.cat\/es\/wp-json\/wp\/v2\/product"}],"about":[{"href":"https:\/\/www.claret.cat\/es\/wp-json\/wp\/v2\/types\/product"}],"wp:featuredmedia":[{"embeddable":true,"href":"https:\/\/www.claret.cat\/es\/wp-json\/wp\/v2\/media\/267059"}],"wp:attachment":[{"href":"https:\/\/www.claret.cat\/es\/wp-json\/wp\/v2\/media?parent=267058"}],"wp:term":[{"taxonomy":"product_brand","embeddable":true,"href":"https:\/\/www.claret.cat\/es\/wp-json\/wp\/v2\/product_brand?post=267058"},{"taxonomy":"product_cat","embeddable":true,"href":"https:\/\/www.claret.cat\/es\/wp-json\/wp\/v2\/product_cat?post=267058"},{"taxonomy":"product_tag","embeddable":true,"href":"https:\/\/www.claret.cat\/es\/wp-json\/wp\/v2\/product_tag?post=267058"}],"curies":[{"name":"wp","href":"https:\/\/api.w.org\/{rel}","templated":true}]}}