{"id":267073,"date":"2022-12-01T13:10:35","date_gmt":"2022-12-01T12:10:35","guid":{"rendered":"http:\/\/dev.claret.cat\/producte\/excursions-a-peu-per-les-gavarres\/"},"modified":"2023-10-06T07:57:15","modified_gmt":"2023-10-06T05:57:15","slug":"excursions-a-peu-per-les-gavarres-9788413562056","status":"publish","type":"product","link":"https:\/\/www.claret.cat\/es\/libro\/excursions-a-peu-per-les-gavarres-9788413562056\/","title":{"rendered":"EXCURSIONS A PEU PER LES GAVARRES"},"content":{"rendered":"<p>GUIA DE BUTXACA EN COLOR I PER A TOTS ELS P\u00daBLICS El mass\u00eds de les Gavarres t\u00e9 la forma d&#8217;un gran arc que s&#8217;obre cap al nord, a cavall entre les comarques del Baix Empord\u00e0 i el Giron\u00e8s, i una extensi\u00f3 propera als 350 km2. Per a aquesta guia s&#8217;han dissenyat 15 rutes en circuit que han estat escollides a partir de criteris de situaci\u00f3 geogr\u00e0fica, d&#8217;inter\u00e8s paisatg\u00edstic, hist\u00f2ric i excursionista, que us permetran con\u00e8ixer en profunditat l&#8217;Espai d&#8217;Inter\u00e8s Natural de les Gavarres; un petit gran espai que cal petjar de manera calmosa per apreciar-lo com cal.<\/p>\n","protected":false},"excerpt":{"rendered":"<p>GREGORI I PONS, FRANCESC XAVIER<\/p>\n","protected":false},"featured_media":315844,"template":"","meta":{"_acf_changed":false,"om_disable_all_campaigns":false,"rs_blank_template":"","rs_page_bg_color":"","slide_template_v7":"","inline_featured_image":false,"_monsterinsights_skip_tracking":false,"_monsterinsights_sitenote_active":false,"_monsterinsights_sitenote_note":"","_monsterinsights_sitenote_category":0},"product_brand":[],"product_cat":[107],"product_tag":[],"class_list":{"0":"post-267073","1":"product","2":"type-product","3":"status-publish","4":"has-post-thumbnail","6":"product_cat-guies-de-viatge","8":"first","9":"instock","10":"taxable","11":"shipping-taxable","12":"purchasable","13":"product-type-simple"},"acf":{"autor":"GREGORI I PONS, FRANCESC XAVIER","codart":"841356205","libros-coleccion":"Miniazimuts","ediciones":"1","encuadernacion":"R\u00fastica","fecha_de_publicacion":"01\/10\/2022","novedad":"1","paginas":"72","subtitulo":"","orden":"0","portada":"0","idioma":"cat","editorial":[{"ID":6171,"post_author":"3","post_date":"2022-07-28 17:46:25","post_date_gmt":"2022-07-28 15:46:25","post_content":"","post_title":"COSSETANIA EDICIONS","post_excerpt":"","post_status":"publish","comment_status":"closed","ping_status":"closed","post_password":"","post_name":"cossetania-edicions","to_ping":"","pinged":"","post_modified":"2022-07-28 17:46:25","post_modified_gmt":"2022-07-28 15:46:25","post_content_filtered":"","post_parent":0,"guid":"http:\/\/dev.claret.cat\/editorial\/cossetania-edicions\/","menu_order":0,"post_type":"editorial","post_mime_type":"","comment_count":"0","filter":"raw"}],"autores-libros":[{"ID":156153,"post_author":"3","post_date":"2022-10-14 15:18:32","post_date_gmt":"2022-10-14 13:18:32","post_content":"","post_title":"FRANCESC XAVIER GREGORI I PONS","post_excerpt":"","post_status":"publish","comment_status":"closed","ping_status":"closed","post_password":"","post_name":"francesc-xavier-gregori-i-pons","to_ping":"","pinged":"","post_modified":"2022-10-14 15:18:32","post_modified_gmt":"2022-10-14 13:18:32","post_content_filtered":"","post_parent":0,"guid":"http:\/\/dev.claret.cat\/autor\/francesc-xavier-gregori-i-pons\/","menu_order":0,"post_type":"autor","post_mime_type":"","comment_count":"0","filter":"raw"}]},"aioseo_notices":[],"_links":{"self":[{"href":"https:\/\/www.claret.cat\/es\/wp-json\/wp\/v2\/product\/267073","targetHints":{"allow":["GET"]}}],"collection":[{"href":"https:\/\/www.claret.cat\/es\/wp-json\/wp\/v2\/product"}],"about":[{"href":"https:\/\/www.claret.cat\/es\/wp-json\/wp\/v2\/types\/product"}],"wp:featuredmedia":[{"embeddable":true,"href":"https:\/\/www.claret.cat\/es\/wp-json\/wp\/v2\/media\/315844"}],"wp:attachment":[{"href":"https:\/\/www.claret.cat\/es\/wp-json\/wp\/v2\/media?parent=267073"}],"wp:term":[{"taxonomy":"product_brand","embeddable":true,"href":"https:\/\/www.claret.cat\/es\/wp-json\/wp\/v2\/product_brand?post=267073"},{"taxonomy":"product_cat","embeddable":true,"href":"https:\/\/www.claret.cat\/es\/wp-json\/wp\/v2\/product_cat?post=267073"},{"taxonomy":"product_tag","embeddable":true,"href":"https:\/\/www.claret.cat\/es\/wp-json\/wp\/v2\/product_tag?post=267073"}],"curies":[{"name":"wp","href":"https:\/\/api.w.org\/{rel}","templated":true}]}}