{"id":267076,"date":"2022-12-01T13:10:40","date_gmt":"2022-12-01T12:10:40","guid":{"rendered":"http:\/\/dev.claret.cat\/producte\/sant-llorenc-del-munt-i-lobac-50-llocs-i-camins-pel-parc-i-rodalies\/"},"modified":"2024-01-24T17:10:41","modified_gmt":"2024-01-24T16:10:41","slug":"sant-llorenc-del-munt-i-lobac-50-llocs-i-camins-pel-parc-i-rodalies-9788413562063","status":"publish","type":"product","link":"https:\/\/www.claret.cat\/es\/libro\/sant-llorenc-del-munt-i-lobac-50-llocs-i-camins-pel-parc-i-rodalies-9788413562063\/","title":{"rendered":"SANT LLOREN\u00c7 DEL MUNT I L&#8217;OBAC: 50 LLOCS I CAMINS PEL PARC I RODALIES"},"content":{"rendered":"<p>AQUEST LLIBRE PRET\u00c9N DONAR A CON\u00c8IXER ELS CINQUANTA LLOCS M\u00c9S EMBLEM\u00c0TICS DEL MASS\u00cdS DE SANT LLOREN\u00c7 DEL MUNT, DES DELS SEUS CIMS FINS A LES PRINCIPALS COVES DE LA MUNTANYA.  A alguns d&#8217;aquests llocs s&#8217;hi arriba sense baixar del cotxe, mentre altres exigeixen una petita excursi\u00f3. En cadascun dels cinquanta cap\u00edtols en qu\u00e8 es divideix, hi trobareu alguna cosa que us sorprendr\u00e0 i us ajudar\u00e0 a entendre un dels paisatges m\u00e9s interessants que tenim a tocar de les grans ciutats del pa\u00eds. Rec\u00f3rrer algun d&#8217;aquests camins \u00e9s com fer un viatge en el temps. Hi trobareu gent de fa molts segles que vivia d&#8217;una manera que a nosaltres ens sembla impensable i fins i tot impossible. Per\u00f2 \u00e9s indubtable que hi vivien, que van donar forma a la muntanya i que \u00e9s aix\u00ed com se&#8217;ns presenta avui dia. S\u00f3n cinquanta llocs o camins d&#8217;avui, per\u00f2 que ens acosten als camins i llocs d&#8217;ahir: als camins de sempre.  * Cada lloc o cam\u00ed va acompanyat de dades pr\u00e0ctiques, com el temps, la dificultat, el desnivell i la informaci\u00f3 b\u00e0sica per arribar-hi.<\/p>\n","protected":false},"excerpt":{"rendered":"<p>ROMA I CASANOVAS, FRANCESC<\/p>\n","protected":false},"featured_media":315846,"template":"","meta":{"_acf_changed":false,"om_disable_all_campaigns":false,"rs_blank_template":"","rs_page_bg_color":"","slide_template_v7":"","inline_featured_image":false,"_monsterinsights_skip_tracking":false,"_monsterinsights_sitenote_active":false,"_monsterinsights_sitenote_note":"","_monsterinsights_sitenote_category":0},"product_brand":[],"product_cat":[557,107,105,555],"product_tag":[],"class_list":{"0":"post-267076","1":"product","2":"type-product","3":"status-publish","4":"has-post-thumbnail","6":"product_cat-guias-de-viaje","7":"product_cat-guies-de-viatge","8":"product_cat-regal","9":"product_cat-regalo","11":"first","12":"instock","13":"taxable","14":"shipping-taxable","15":"purchasable","16":"product-type-simple"},"acf":{"autor":"ROMA I CASANOVAS, FRANCESC","codart":"841356206","libros-coleccion":"Khroma","ediciones":"1","encuadernacion":"Carton\u00e9","fecha_de_publicacion":"01\/10\/2022","novedad":"1","paginas":"120","subtitulo":"","orden":"0","portada":"0","idioma":"cat","editorial":[{"ID":6171,"post_author":"3","post_date":"2022-07-28 17:46:25","post_date_gmt":"2022-07-28 15:46:25","post_content":"","post_title":"COSSETANIA EDICIONS","post_excerpt":"","post_status":"publish","comment_status":"closed","ping_status":"closed","post_password":"","post_name":"cossetania-edicions","to_ping":"","pinged":"","post_modified":"2022-07-28 17:46:25","post_modified_gmt":"2022-07-28 15:46:25","post_content_filtered":"","post_parent":0,"guid":"http:\/\/dev.claret.cat\/editorial\/cossetania-edicions\/","menu_order":0,"post_type":"editorial","post_mime_type":"","comment_count":"0","filter":"raw"}],"autores-libros":[{"ID":156140,"post_author":"3","post_date":"2022-10-14 15:18:26","post_date_gmt":"2022-10-14 13:18:26","post_content":"","post_title":"FRANCESC ROMA I CASANOVAS","post_excerpt":"","post_status":"publish","comment_status":"closed","ping_status":"closed","post_password":"","post_name":"francesc-roma-i-casanovas","to_ping":"","pinged":"","post_modified":"2022-10-14 15:18:26","post_modified_gmt":"2022-10-14 13:18:26","post_content_filtered":"","post_parent":0,"guid":"http:\/\/dev.claret.cat\/autor\/francesc-roma-i-casanovas\/","menu_order":0,"post_type":"autor","post_mime_type":"","comment_count":"0","filter":"raw"}]},"aioseo_notices":[],"_links":{"self":[{"href":"https:\/\/www.claret.cat\/es\/wp-json\/wp\/v2\/product\/267076","targetHints":{"allow":["GET"]}}],"collection":[{"href":"https:\/\/www.claret.cat\/es\/wp-json\/wp\/v2\/product"}],"about":[{"href":"https:\/\/www.claret.cat\/es\/wp-json\/wp\/v2\/types\/product"}],"wp:featuredmedia":[{"embeddable":true,"href":"https:\/\/www.claret.cat\/es\/wp-json\/wp\/v2\/media\/315846"}],"wp:attachment":[{"href":"https:\/\/www.claret.cat\/es\/wp-json\/wp\/v2\/media?parent=267076"}],"wp:term":[{"taxonomy":"product_brand","embeddable":true,"href":"https:\/\/www.claret.cat\/es\/wp-json\/wp\/v2\/product_brand?post=267076"},{"taxonomy":"product_cat","embeddable":true,"href":"https:\/\/www.claret.cat\/es\/wp-json\/wp\/v2\/product_cat?post=267076"},{"taxonomy":"product_tag","embeddable":true,"href":"https:\/\/www.claret.cat\/es\/wp-json\/wp\/v2\/product_tag?post=267076"}],"curies":[{"name":"wp","href":"https:\/\/api.w.org\/{rel}","templated":true}]}}