{"id":267187,"date":"2022-12-01T13:13:23","date_gmt":"2022-12-01T12:13:23","guid":{"rendered":"http:\/\/dev.claret.cat\/producte\/ana-la-de-tejas-verdes-leb\/"},"modified":"2023-10-06T07:53:40","modified_gmt":"2023-10-06T05:53:40","slug":"ana-la-de-tejas-verdes-leb-9788415870456","status":"publish","type":"product","link":"https:\/\/www.claret.cat\/es\/libro\/ana-la-de-tejas-verdes-leb-9788415870456\/","title":{"rendered":"ANA, LA DE TEJAS VERDES (LEB)"},"content":{"rendered":"<p>\u00abDesde la inmortal Alicia, Ana, la de Tejas Verdes, es la ni\u00f1a imaginaria m\u00e1s encantadora que se haya creado.\u00bb Mark Twain.  Cuando en lugar del chico hu\u00e9rfano que quer\u00edan adoptar es una ni\u00f1a pelirroja de once a\u00f1os, Ana Shirley, la que entra en las vidas de Marilla y Matthew Cuthbert ?dos hermanos solteros que residen en su casa de Tejas Verdes?, todo cuanto les rodea cambiar\u00e1 para siempre. Con su vivacidad, sus risas y tambi\u00e9n sus l\u00e1grimas, y sobre todo gracias a su desbordante alegr\u00eda e imaginaci\u00f3n, Ana conseguir\u00e1 formar parte de una familia por primera vez y tener un lugar al que, al &#64257;n, podr\u00e1 llamar hogar. Ambientada a principios del siglo XX en un lugar tan m\u00e1gico como la Isla del Pr\u00edncipe Eduardo, en Canad\u00e1, Ana, la de Tejas Verdes nos llevar\u00e1 a trav\u00e9s de los ojos de esta despierta e inocente ni\u00f1a a sentir el mundo como algo totalmente nuevo, a emocionarnos y re\u00edrnos con sus aventuras y peripecias, y, en de&#64257;nitiva, a ver la vida desde un prisma m\u00e1s positivo y estimulante. Esta obra, al igual que toda la serie de Ana Shirley, conjuga los valores de la vida rural y la familia con las cuesti<\/p>\n","protected":false},"excerpt":{"rendered":"<p>MONTGOMERY, LUCY MAUD<\/p>\n","protected":false},"featured_media":267188,"template":"","meta":{"_acf_changed":false,"om_disable_all_campaigns":false,"rs_blank_template":"","rs_page_bg_color":"","slide_template_v7":"","inline_featured_image":false,"_monsterinsights_skip_tracking":false,"_monsterinsights_sitenote_active":false,"_monsterinsights_sitenote_note":"","_monsterinsights_sitenote_category":0},"product_brand":[],"product_cat":[363],"product_tag":[],"class_list":{"0":"post-267187","1":"product","2":"type-product","3":"status-publish","4":"has-post-thumbnail","6":"product_cat-lecturas-por-adolescentes-12-18-anos","8":"first","9":"instock","10":"taxable","11":"shipping-taxable","12":"purchasable","13":"product-type-simple"},"acf":{"autor":"MONTGOMERY, LUCY MAUD","codart":"841587045","libros-coleccion":"Narrativa","ediciones":"1","encuadernacion":"R\u00fastica","fecha_de_publicacion":"01\/10\/2022","novedad":"1","paginas":"384","subtitulo":"","orden":"0","portada":"0","idioma":"spa","editorial":[{"ID":147561,"post_author":"3","post_date":"2022-10-14 11:51:31","post_date_gmt":"2022-10-14 09:51:31","post_content":"","post_title":"BOOKS4POCKET","post_excerpt":"","post_status":"publish","comment_status":"closed","ping_status":"closed","post_password":"","post_name":"books4pocket","to_ping":"","pinged":"","post_modified":"2022-10-14 11:51:31","post_modified_gmt":"2022-10-14 09:51:31","post_content_filtered":"","post_parent":0,"guid":"http:\/\/dev.claret.cat\/editorial\/books4pocket\/","menu_order":0,"post_type":"editorial","post_mime_type":"","comment_count":"0","filter":"raw"}],"autores-libros":[{"ID":162631,"post_author":"3","post_date":"2022-10-14 17:32:33","post_date_gmt":"2022-10-14 15:32:33","post_content":"","post_title":"LUCY MAUD MONTGOMERY","post_excerpt":"","post_status":"publish","comment_status":"closed","ping_status":"closed","post_password":"","post_name":"lucy-maud-montgomery","to_ping":"","pinged":"","post_modified":"2022-10-14 17:32:33","post_modified_gmt":"2022-10-14 15:32:33","post_content_filtered":"","post_parent":0,"guid":"http:\/\/dev.claret.cat\/autor\/lucy-maud-montgomery\/","menu_order":0,"post_type":"autor","post_mime_type":"","comment_count":"0","filter":"raw"}]},"aioseo_notices":[],"_links":{"self":[{"href":"https:\/\/www.claret.cat\/es\/wp-json\/wp\/v2\/product\/267187","targetHints":{"allow":["GET"]}}],"collection":[{"href":"https:\/\/www.claret.cat\/es\/wp-json\/wp\/v2\/product"}],"about":[{"href":"https:\/\/www.claret.cat\/es\/wp-json\/wp\/v2\/types\/product"}],"wp:featuredmedia":[{"embeddable":true,"href":"https:\/\/www.claret.cat\/es\/wp-json\/wp\/v2\/media\/267188"}],"wp:attachment":[{"href":"https:\/\/www.claret.cat\/es\/wp-json\/wp\/v2\/media?parent=267187"}],"wp:term":[{"taxonomy":"product_brand","embeddable":true,"href":"https:\/\/www.claret.cat\/es\/wp-json\/wp\/v2\/product_brand?post=267187"},{"taxonomy":"product_cat","embeddable":true,"href":"https:\/\/www.claret.cat\/es\/wp-json\/wp\/v2\/product_cat?post=267187"},{"taxonomy":"product_tag","embeddable":true,"href":"https:\/\/www.claret.cat\/es\/wp-json\/wp\/v2\/product_tag?post=267187"}],"curies":[{"name":"wp","href":"https:\/\/api.w.org\/{rel}","templated":true}]}}