{"id":267211,"date":"2022-12-01T13:13:58","date_gmt":"2022-12-01T12:13:58","guid":{"rendered":"http:\/\/dev.claret.cat\/producte\/la-banda-del-teixo\/"},"modified":"2023-10-06T07:30:41","modified_gmt":"2023-10-06T05:30:41","slug":"la-banda-del-teixo-9788426147707","status":"publish","type":"product","link":"https:\/\/www.claret.cat\/es\/libro\/la-banda-del-teixo-9788426147707\/","title":{"rendered":"LA BANDA DEL TEIX\u00d3"},"content":{"rendered":"<p>Benvinguts al Bosc de la Gla, on el Teix\u00f3 vol formar una banda. Qui creus que s&#8221;hi apuntar\u00e0? Aixeca les solapes i ho descobrir\u00e0s!<\/p>\n<p> Dos nous t\u00edtols de la s\u00e8rie que porta captivant els m\u00e9s petits des de fa m\u00e9s de quinze anys! Aquests llibres de cartr\u00f3 estan dissenyats per facilitar la introducci\u00f3 a la lectura al m\u00e9s menuts. Els textos rimats, ideals per a ser llegits en veu alta, van acompanyats de magn\u00edfiques il\u00b7lustracions que estimularan la imaginaci\u00f3 dels petits al mateix temps que els ajudar\u00e0 a entrar en la hist\u00f2ria. Aquesta obra, dels guardonats autors d&#8221;El Gr\u00fafal, far\u00e0 que els adults gaudeixin veient els m\u00e9s petits xalant de la lectura i descobrint el que s&#8221;amaga darrere les solapes del llibre.<\/p>\n","protected":false},"excerpt":{"rendered":"<p>DONALDSON, JULIA<\/p>\n","protected":false},"featured_media":267212,"template":"","meta":{"_acf_changed":false,"om_disable_all_campaigns":false,"rs_blank_template":"","rs_page_bg_color":"","slide_template_v7":"","inline_featured_image":false,"_monsterinsights_skip_tracking":false,"_monsterinsights_sitenote_active":false,"_monsterinsights_sitenote_note":"","_monsterinsights_sitenote_category":0},"product_brand":[],"product_cat":[361],"product_tag":[],"class_list":{"0":"post-267211","1":"product","2":"type-product","3":"status-publish","4":"has-post-thumbnail","6":"product_cat-cuentos-para-ninos-0-6-anos","8":"first","9":"instock","10":"taxable","11":"shipping-taxable","12":"purchasable","13":"product-type-simple"},"acf":{"autor":"DONALDSON, JULIA","codart":"842614770","libros-coleccion":"FORA DE COL.LECCI\u00d3","ediciones":"1","encuadernacion":"Carpeta","fecha_de_publicacion":"01\/10\/2022","novedad":"1","paginas":"12","subtitulo":"","orden":"0","portada":"0","idioma":"spa","editorial":[{"ID":6226,"post_author":"3","post_date":"2022-07-28 17:47:36","post_date_gmt":"2022-07-28 15:47:36","post_content":"","post_title":"EDITORIAL JUVENTUD","post_excerpt":"","post_status":"publish","comment_status":"closed","ping_status":"closed","post_password":"","post_name":"editorial-juventud","to_ping":"","pinged":"","post_modified":"2022-07-28 17:47:36","post_modified_gmt":"2022-07-28 15:47:36","post_content_filtered":"","post_parent":0,"guid":"http:\/\/dev.claret.cat\/editorial\/editorial-juventud\/","menu_order":0,"post_type":"editorial","post_mime_type":"","comment_count":"0","filter":"raw"}],"autores-libros":[{"ID":161252,"post_author":"3","post_date":"2022-10-14 17:16:43","post_date_gmt":"2022-10-14 15:16:43","post_content":"","post_title":"JULIA DONALDSON","post_excerpt":"","post_status":"publish","comment_status":"closed","ping_status":"closed","post_password":"","post_name":"julia-donaldson","to_ping":"","pinged":"","post_modified":"2022-10-14 17:16:43","post_modified_gmt":"2022-10-14 15:16:43","post_content_filtered":"","post_parent":0,"guid":"http:\/\/dev.claret.cat\/autor\/julia-donaldson\/","menu_order":0,"post_type":"autor","post_mime_type":"","comment_count":"0","filter":"raw"}]},"aioseo_notices":[],"_links":{"self":[{"href":"https:\/\/www.claret.cat\/es\/wp-json\/wp\/v2\/product\/267211","targetHints":{"allow":["GET"]}}],"collection":[{"href":"https:\/\/www.claret.cat\/es\/wp-json\/wp\/v2\/product"}],"about":[{"href":"https:\/\/www.claret.cat\/es\/wp-json\/wp\/v2\/types\/product"}],"wp:featuredmedia":[{"embeddable":true,"href":"https:\/\/www.claret.cat\/es\/wp-json\/wp\/v2\/media\/267212"}],"wp:attachment":[{"href":"https:\/\/www.claret.cat\/es\/wp-json\/wp\/v2\/media?parent=267211"}],"wp:term":[{"taxonomy":"product_brand","embeddable":true,"href":"https:\/\/www.claret.cat\/es\/wp-json\/wp\/v2\/product_brand?post=267211"},{"taxonomy":"product_cat","embeddable":true,"href":"https:\/\/www.claret.cat\/es\/wp-json\/wp\/v2\/product_cat?post=267211"},{"taxonomy":"product_tag","embeddable":true,"href":"https:\/\/www.claret.cat\/es\/wp-json\/wp\/v2\/product_tag?post=267211"}],"curies":[{"name":"wp","href":"https:\/\/api.w.org\/{rel}","templated":true}]}}