{"id":267217,"date":"2022-12-01T13:14:07","date_gmt":"2022-12-01T12:14:07","guid":{"rendered":"http:\/\/dev.claret.cat\/producte\/a-recollir\/"},"modified":"2023-12-19T17:15:12","modified_gmt":"2023-12-19T16:15:12","slug":"a-recollir-9788418592492","status":"publish","type":"product","link":"https:\/\/www.claret.cat\/es\/libro\/a-recollir-9788418592492\/","title":{"rendered":"A RECOLLIR!"},"content":{"rendered":"<p>Babymoni s&#8217;ho ha passat d&#8217;all\u00f2 m\u00e9s b\u00e9 jugant, per\u00f2 ara toca recollir les joguines. Totes totes, que no ens en podem deixar cap ni una!<\/p>\n","protected":false},"excerpt":{"rendered":"<p>BONILLA, ROCIO<\/p>\n","protected":false},"featured_media":318568,"template":"","meta":{"_acf_changed":false,"om_disable_all_campaigns":false,"rs_blank_template":"","rs_page_bg_color":"","slide_template_v7":"","inline_featured_image":false,"_monsterinsights_skip_tracking":false,"_monsterinsights_sitenote_active":false,"_monsterinsights_sitenote_note":"","_monsterinsights_sitenote_category":0},"product_brand":[],"product_cat":[131,361],"product_tag":[],"class_list":{"0":"post-267217","1":"product","2":"type-product","3":"status-publish","4":"has-post-thumbnail","6":"product_cat-contes-per-infants-0-6-anys","7":"product_cat-cuentos-para-ninos-0-6-anos","9":"first","10":"instock","11":"taxable","12":"shipping-taxable","13":"purchasable","14":"product-type-simple"},"acf":{"autor":"BONILLA, ROCIO","codart":"841859249","libros-coleccion":"Cartr\u00f3","ediciones":"1","encuadernacion":"Carpeta","fecha_de_publicacion":"01\/10\/2022","novedad":"1","paginas":"18","subtitulo":"","orden":"0","portada":"0","idioma":"cat","editorial":[{"ID":6123,"post_author":"3","post_date":"2022-07-28 17:45:23","post_date_gmt":"2022-07-28 15:45:23","post_content":"","post_title":"ANIMALLIBRES","post_excerpt":"","post_status":"publish","comment_status":"closed","ping_status":"closed","post_password":"","post_name":"animallibres","to_ping":"","pinged":"","post_modified":"2022-07-28 17:45:23","post_modified_gmt":"2022-07-28 15:45:23","post_content_filtered":"","post_parent":0,"guid":"http:\/\/dev.claret.cat\/editorial\/animallibres\/","menu_order":0,"post_type":"editorial","post_mime_type":"","comment_count":"0","filter":"raw"}],"autores-libros":[{"ID":168315,"post_author":"3","post_date":"2022-10-14 18:18:14","post_date_gmt":"2022-10-14 16:18:14","post_content":"","post_title":"ROCIO BONILLA","post_excerpt":"","post_status":"publish","comment_status":"closed","ping_status":"closed","post_password":"","post_name":"rocio-bonilla","to_ping":"","pinged":"","post_modified":"2022-10-14 18:18:14","post_modified_gmt":"2022-10-14 16:18:14","post_content_filtered":"","post_parent":0,"guid":"http:\/\/dev.claret.cat\/autor\/rocio-bonilla\/","menu_order":0,"post_type":"autor","post_mime_type":"","comment_count":"0","filter":"raw"}]},"aioseo_notices":[],"_links":{"self":[{"href":"https:\/\/www.claret.cat\/es\/wp-json\/wp\/v2\/product\/267217","targetHints":{"allow":["GET"]}}],"collection":[{"href":"https:\/\/www.claret.cat\/es\/wp-json\/wp\/v2\/product"}],"about":[{"href":"https:\/\/www.claret.cat\/es\/wp-json\/wp\/v2\/types\/product"}],"wp:featuredmedia":[{"embeddable":true,"href":"https:\/\/www.claret.cat\/es\/wp-json\/wp\/v2\/media\/318568"}],"wp:attachment":[{"href":"https:\/\/www.claret.cat\/es\/wp-json\/wp\/v2\/media?parent=267217"}],"wp:term":[{"taxonomy":"product_brand","embeddable":true,"href":"https:\/\/www.claret.cat\/es\/wp-json\/wp\/v2\/product_brand?post=267217"},{"taxonomy":"product_cat","embeddable":true,"href":"https:\/\/www.claret.cat\/es\/wp-json\/wp\/v2\/product_cat?post=267217"},{"taxonomy":"product_tag","embeddable":true,"href":"https:\/\/www.claret.cat\/es\/wp-json\/wp\/v2\/product_tag?post=267217"}],"curies":[{"name":"wp","href":"https:\/\/api.w.org\/{rel}","templated":true}]}}