{"id":267241,"date":"2022-12-01T13:14:41","date_gmt":"2022-12-01T12:14:41","guid":{"rendered":"http:\/\/dev.claret.cat\/producte\/experimentem-electricitat-i-magnetisme\/"},"modified":"2023-10-06T07:55:30","modified_gmt":"2023-10-06T05:55:30","slug":"experimentem-electricitat-i-magnetisme-9788418592850","status":"publish","type":"product","link":"https:\/\/www.claret.cat\/es\/libro\/experimentem-electricitat-i-magnetisme-9788418592850\/","title":{"rendered":"EXPERIMENTEM! ELECTRICITAT I MAGNETISME"},"content":{"rendered":"<p>EL MAGNETISME i l&#8217;ELECTRICITAT governen i sostenen el nostre dia a dia, per\u00f2 sabem com funcionen?<br \/> Junta aprendrem sobre ambd\u00f3s amb 17 EXPERIMENTS DIVERTID\u00cdSSIMS I FACIL\u00cdSSIMS\u00a0 que expliquen tot el que necessites saber-hi!<br \/> NO CALEN MATERIALS ESTRANYS NI F\u00d3RMULES COMPLICADES, nom\u00e9s una gran PASSI\u00d3 PER LA CI\u00c8NCIA!<\/p>\n","protected":false},"excerpt":{"rendered":"<p>FOSFORO<\/p>\n","protected":false},"featured_media":318598,"template":"","meta":{"_acf_changed":false,"om_disable_all_campaigns":false,"rs_blank_template":"","rs_page_bg_color":"","slide_template_v7":"","inline_featured_image":false,"_monsterinsights_skip_tracking":false,"_monsterinsights_sitenote_active":false,"_monsterinsights_sitenote_note":"","_monsterinsights_sitenote_category":0},"product_brand":[],"product_cat":[132],"product_tag":[],"class_list":{"0":"post-267241","1":"product","2":"type-product","3":"status-publish","4":"has-post-thumbnail","6":"product_cat-lectures-per-preadolescents-6-12-anys","8":"first","9":"instock","10":"taxable","11":"shipping-taxable","12":"purchasable","13":"product-type-simple"},"acf":{"autor":"FOSFORO","codart":"841859285","libros-coleccion":"La biblioteca dels ratolins","ediciones":"1","encuadernacion":"Carton\u00e9","fecha_de_publicacion":"01\/10\/2022","novedad":"1","paginas":"48","subtitulo":"","orden":"0","portada":"0","idioma":"cat","editorial":[{"ID":6123,"post_author":"3","post_date":"2022-07-28 17:45:23","post_date_gmt":"2022-07-28 15:45:23","post_content":"","post_title":"ANIMALLIBRES","post_excerpt":"","post_status":"publish","comment_status":"closed","ping_status":"closed","post_password":"","post_name":"animallibres","to_ping":"","pinged":"","post_modified":"2022-07-28 17:45:23","post_modified_gmt":"2022-07-28 15:45:23","post_content_filtered":"","post_parent":0,"guid":"http:\/\/dev.claret.cat\/editorial\/animallibres\/","menu_order":0,"post_type":"editorial","post_mime_type":"","comment_count":"0","filter":"raw"}],"autores-libros":[{"ID":263483,"post_author":"3","post_date":"2022-12-01 11:17:50","post_date_gmt":"2022-12-01 10:17:50","post_content":"","post_title":"FOSFORO","post_excerpt":"","post_status":"publish","comment_status":"closed","ping_status":"closed","post_password":"","post_name":"fosforo","to_ping":"","pinged":"","post_modified":"2022-12-01 11:17:50","post_modified_gmt":"2022-12-01 10:17:50","post_content_filtered":"","post_parent":0,"guid":"http:\/\/dev.claret.cat\/autor\/fosforo\/","menu_order":0,"post_type":"autor","post_mime_type":"","comment_count":"0","filter":"raw"}]},"aioseo_notices":[],"_links":{"self":[{"href":"https:\/\/www.claret.cat\/es\/wp-json\/wp\/v2\/product\/267241","targetHints":{"allow":["GET"]}}],"collection":[{"href":"https:\/\/www.claret.cat\/es\/wp-json\/wp\/v2\/product"}],"about":[{"href":"https:\/\/www.claret.cat\/es\/wp-json\/wp\/v2\/types\/product"}],"wp:featuredmedia":[{"embeddable":true,"href":"https:\/\/www.claret.cat\/es\/wp-json\/wp\/v2\/media\/318598"}],"wp:attachment":[{"href":"https:\/\/www.claret.cat\/es\/wp-json\/wp\/v2\/media?parent=267241"}],"wp:term":[{"taxonomy":"product_brand","embeddable":true,"href":"https:\/\/www.claret.cat\/es\/wp-json\/wp\/v2\/product_brand?post=267241"},{"taxonomy":"product_cat","embeddable":true,"href":"https:\/\/www.claret.cat\/es\/wp-json\/wp\/v2\/product_cat?post=267241"},{"taxonomy":"product_tag","embeddable":true,"href":"https:\/\/www.claret.cat\/es\/wp-json\/wp\/v2\/product_tag?post=267241"}],"curies":[{"name":"wp","href":"https:\/\/api.w.org\/{rel}","templated":true}]}}