{"id":267253,"date":"2022-12-01T13:14:59","date_gmt":"2022-12-01T12:14:59","guid":{"rendered":"http:\/\/dev.claret.cat\/producte\/en-felip-marlot-els-drons-i-els-sensellar\/"},"modified":"2023-10-06T07:55:28","modified_gmt":"2023-10-06T05:55:28","slug":"en-felip-marlot-els-drons-i-els-sensellar-9788418592928","status":"publish","type":"product","link":"https:\/\/www.claret.cat\/es\/libro\/en-felip-marlot-els-drons-i-els-sensellar-9788418592928\/","title":{"rendered":"EN FELIP MARLOT, ELS DRONS I ELS SENSELLAR"},"content":{"rendered":"<p>Torna el fam\u00f3s detectiu creat per Joaquim Carb\u00f3, batejat aix\u00ed per l&#8217;escriptor en homenatge al c\u00e8lebre Philip Marlowe del nord-americ\u00e0 Raymond Chandler. En Felip Marlot est\u00e0 m\u00e9s en forma que mai, i en aquesta ocasi\u00f3 protagonitza una aventura plena de drons on no hi falta la cr\u00edtica social.<\/p>\n","protected":false},"excerpt":{"rendered":"<p>CARB\u00d3, JOAQUIM<\/p>\n","protected":false},"featured_media":318608,"template":"","meta":{"_acf_changed":false,"om_disable_all_campaigns":false,"rs_blank_template":"","rs_page_bg_color":"","slide_template_v7":"","inline_featured_image":false,"_monsterinsights_skip_tracking":false,"_monsterinsights_sitenote_active":false,"_monsterinsights_sitenote_note":"","_monsterinsights_sitenote_category":0},"product_brand":[],"product_cat":[132],"product_tag":[],"class_list":{"0":"post-267253","1":"product","2":"type-product","3":"status-publish","4":"has-post-thumbnail","6":"product_cat-lectures-per-preadolescents-6-12-anys","8":"first","9":"instock","10":"taxable","11":"shipping-taxable","12":"purchasable","13":"product-type-simple"},"acf":{"autor":"CARB\u00d3, JOAQUIM","codart":"841859292","libros-coleccion":"La formiga","ediciones":"1","encuadernacion":"R\u00fastica","fecha_de_publicacion":"01\/10\/2022","novedad":"1","paginas":"168","subtitulo":"","orden":"0","portada":"0","idioma":"cat","editorial":[{"ID":6123,"post_author":"3","post_date":"2022-07-28 17:45:23","post_date_gmt":"2022-07-28 15:45:23","post_content":"","post_title":"ANIMALLIBRES","post_excerpt":"","post_status":"publish","comment_status":"closed","ping_status":"closed","post_password":"","post_name":"animallibres","to_ping":"","pinged":"","post_modified":"2022-07-28 17:45:23","post_modified_gmt":"2022-07-28 15:45:23","post_content_filtered":"","post_parent":0,"guid":"http:\/\/dev.claret.cat\/editorial\/animallibres\/","menu_order":0,"post_type":"editorial","post_mime_type":"","comment_count":"0","filter":"raw"}],"autores-libros":[{"ID":159492,"post_author":"3","post_date":"2022-10-14 15:45:17","post_date_gmt":"2022-10-14 13:45:17","post_content":"","post_title":"JOAQUIM CARB\u00d3","post_excerpt":"","post_status":"publish","comment_status":"closed","ping_status":"closed","post_password":"","post_name":"joaquim-carbo","to_ping":"","pinged":"","post_modified":"2022-10-14 15:45:17","post_modified_gmt":"2022-10-14 13:45:17","post_content_filtered":"","post_parent":0,"guid":"http:\/\/dev.claret.cat\/autor\/joaquim-carbo\/","menu_order":0,"post_type":"autor","post_mime_type":"","comment_count":"0","filter":"raw"}]},"aioseo_notices":[],"_links":{"self":[{"href":"https:\/\/www.claret.cat\/es\/wp-json\/wp\/v2\/product\/267253","targetHints":{"allow":["GET"]}}],"collection":[{"href":"https:\/\/www.claret.cat\/es\/wp-json\/wp\/v2\/product"}],"about":[{"href":"https:\/\/www.claret.cat\/es\/wp-json\/wp\/v2\/types\/product"}],"wp:featuredmedia":[{"embeddable":true,"href":"https:\/\/www.claret.cat\/es\/wp-json\/wp\/v2\/media\/318608"}],"wp:attachment":[{"href":"https:\/\/www.claret.cat\/es\/wp-json\/wp\/v2\/media?parent=267253"}],"wp:term":[{"taxonomy":"product_brand","embeddable":true,"href":"https:\/\/www.claret.cat\/es\/wp-json\/wp\/v2\/product_brand?post=267253"},{"taxonomy":"product_cat","embeddable":true,"href":"https:\/\/www.claret.cat\/es\/wp-json\/wp\/v2\/product_cat?post=267253"},{"taxonomy":"product_tag","embeddable":true,"href":"https:\/\/www.claret.cat\/es\/wp-json\/wp\/v2\/product_tag?post=267253"}],"curies":[{"name":"wp","href":"https:\/\/api.w.org\/{rel}","templated":true}]}}