{"id":267274,"date":"2022-12-01T13:15:28","date_gmt":"2022-12-01T12:15:28","guid":{"rendered":"http:\/\/dev.claret.cat\/producte\/un-mar-de-amor\/"},"modified":"2023-10-06T07:30:43","modified_gmt":"2023-10-06T05:30:43","slug":"un-mar-de-amor-9788419094841","status":"publish","type":"product","link":"https:\/\/www.claret.cat\/es\/libro\/un-mar-de-amor-9788419094841\/","title":{"rendered":"UN MAR DE AMOR"},"content":{"rendered":"<p>* Ping\u00fcino atraviesa el oc\u00e9ano hasta casa de su amigo Oso. Quiere revelarle un gran secreto, tan grande que lo cambiar\u00e1 todo: est\u00e1 enamorado de \u00e9l.<br \/> * Sin embargo, Oso no entiende realmente qu\u00e9 es el amor, ni parece sentirlo.<br \/> * Ping\u00fcino decide pasar el verano con Oso, esperando a que sus sentimientos cambien. <\/p>\n<p> Juntos pasan los mejores momentos de su vida. Sin embargo, una ma\u00f1ana, Ping\u00fcino se planta en la puerta con su maleta. Le hab\u00eda contado a Oso el secreto y hab\u00eda esperado, pero nada hab\u00eda cambiado. As\u00ed que decide volver a casa. Por primera vez, Oso se siente solo. Ping\u00fcino se hab\u00eda llevado toda la alegr\u00eda y la calidez de la casa. <\/p>\n<p> Una tierna historia que muestra que el amor es amor, sin importar qui\u00e9n seas.<\/p>\n","protected":false},"excerpt":{"rendered":"<p>GAUDESABOOS, PIETER<\/p>\n","protected":false},"featured_media":267275,"template":"","meta":{"_acf_changed":false,"om_disable_all_campaigns":false,"rs_blank_template":"","rs_page_bg_color":"","slide_template_v7":"","inline_featured_image":false,"_monsterinsights_skip_tracking":false,"_monsterinsights_sitenote_active":false,"_monsterinsights_sitenote_note":"","_monsterinsights_sitenote_category":0},"product_brand":[],"product_cat":[361],"product_tag":[],"class_list":{"0":"post-267274","1":"product","2":"type-product","3":"status-publish","4":"has-post-thumbnail","6":"product_cat-cuentos-para-ninos-0-6-anos","8":"first","9":"instock","10":"taxable","11":"shipping-taxable","12":"purchasable","13":"product-type-simple"},"acf":{"autor":"GAUDESABOOS, PIETER","codart":"841909484","libros-coleccion":"INFANTIL","ediciones":"1","encuadernacion":"Carton\u00e9","fecha_de_publicacion":"01\/10\/2022","novedad":"1","paginas":"45","subtitulo":"","orden":"0","portada":"0","idioma":"spa","editorial":[{"ID":147554,"post_author":"3","post_date":"2022-10-14 11:51:27","post_date_gmt":"2022-10-14 09:51:27","post_content":"","post_title":"BLUME (Naturart)","post_excerpt":"","post_status":"publish","comment_status":"closed","ping_status":"closed","post_password":"","post_name":"blume-naturart","to_ping":"","pinged":"","post_modified":"2022-10-14 11:51:27","post_modified_gmt":"2022-10-14 09:51:27","post_content_filtered":"","post_parent":0,"guid":"http:\/\/dev.claret.cat\/editorial\/blume-naturart\/","menu_order":0,"post_type":"editorial","post_mime_type":"","comment_count":"0","filter":"raw"}],"autores-libros":[{"ID":263839,"post_author":"3","post_date":"2022-12-01 11:21:17","post_date_gmt":"2022-12-01 10:21:17","post_content":"","post_title":"PIETER GAUDESABOOS","post_excerpt":"","post_status":"publish","comment_status":"closed","ping_status":"closed","post_password":"","post_name":"pieter-gaudesaboos","to_ping":"","pinged":"","post_modified":"2022-12-01 11:21:17","post_modified_gmt":"2022-12-01 10:21:17","post_content_filtered":"","post_parent":0,"guid":"http:\/\/dev.claret.cat\/autor\/pieter-gaudesaboos\/","menu_order":0,"post_type":"autor","post_mime_type":"","comment_count":"0","filter":"raw"}]},"aioseo_notices":[],"_links":{"self":[{"href":"https:\/\/www.claret.cat\/es\/wp-json\/wp\/v2\/product\/267274","targetHints":{"allow":["GET"]}}],"collection":[{"href":"https:\/\/www.claret.cat\/es\/wp-json\/wp\/v2\/product"}],"about":[{"href":"https:\/\/www.claret.cat\/es\/wp-json\/wp\/v2\/types\/product"}],"wp:featuredmedia":[{"embeddable":true,"href":"https:\/\/www.claret.cat\/es\/wp-json\/wp\/v2\/media\/267275"}],"wp:attachment":[{"href":"https:\/\/www.claret.cat\/es\/wp-json\/wp\/v2\/media?parent=267274"}],"wp:term":[{"taxonomy":"product_brand","embeddable":true,"href":"https:\/\/www.claret.cat\/es\/wp-json\/wp\/v2\/product_brand?post=267274"},{"taxonomy":"product_cat","embeddable":true,"href":"https:\/\/www.claret.cat\/es\/wp-json\/wp\/v2\/product_cat?post=267274"},{"taxonomy":"product_tag","embeddable":true,"href":"https:\/\/www.claret.cat\/es\/wp-json\/wp\/v2\/product_tag?post=267274"}],"curies":[{"name":"wp","href":"https:\/\/api.w.org\/{rel}","templated":true}]}}