{"id":267277,"date":"2022-12-01T13:15:32","date_gmt":"2022-12-01T12:15:32","guid":{"rendered":"http:\/\/dev.claret.cat\/producte\/un-mar-damor\/"},"modified":"2023-10-06T07:30:45","modified_gmt":"2023-10-06T05:30:45","slug":"un-mar-damor-9788419094858","status":"publish","type":"product","link":"https:\/\/www.claret.cat\/es\/libro\/un-mar-damor-9788419094858\/","title":{"rendered":"UN MAR D&#8217;AMOR"},"content":{"rendered":"<p>* Ping\u00fc\u00ed travessa l&#8221;oce\u00e0 fins a casa del seu amic \u00d3s. Vol revelar-li un gran secret, tan gran que ho canviar\u00e0 tot: n&#8221;est\u00e0 enamorat.<br \/> * Tot i aix\u00f2, \u00d3s no ent\u00e9n realment qu\u00e8 \u00e9s l&#8221;amor, ni sembla sentir-ho.<br \/> * Ping\u00fc\u00ed decideix passar l&#8221;estiu amb \u00d3s, esperant que els seus sentiments canvi\u00efn.<\/p>\n<p> Junts passen els millors moments de la vida. Tot i aix\u00f2, un mat\u00ed, Ping\u00fc\u00ed es planta a la porta amb la seva maleta. Li havia explicat a \u00d3s el secret i havia esperat, per\u00f2 no havia canviat res. Aix\u00ed doncs, decideix tornar a casa. Per primera vegada, \u00d3s se sent sol. Ping\u00fc\u00ed s&#8221;havia endut tota l&#8221;alegria i la calidesa de la casa.<\/p>\n<p> Una tendra hist\u00f2ria que mostra que l&#8221;amor \u00e9s amor, sense importar qui siguis.<\/p>\n","protected":false},"excerpt":{"rendered":"<p>GAUDESABOOS, PIETER<\/p>\n","protected":false},"featured_media":267278,"template":"","meta":{"_acf_changed":false,"om_disable_all_campaigns":false,"rs_blank_template":"","rs_page_bg_color":"","slide_template_v7":"","inline_featured_image":false,"_monsterinsights_skip_tracking":false,"_monsterinsights_sitenote_active":false,"_monsterinsights_sitenote_note":"","_monsterinsights_sitenote_category":0},"product_brand":[],"product_cat":[132],"product_tag":[],"class_list":{"0":"post-267277","1":"product","2":"type-product","3":"status-publish","4":"has-post-thumbnail","6":"product_cat-lectures-per-preadolescents-6-12-anys","8":"first","9":"instock","10":"taxable","11":"shipping-taxable","12":"purchasable","13":"product-type-simple"},"acf":{"autor":"GAUDESABOOS, PIETER","codart":"841909485","libros-coleccion":"","ediciones":"1","encuadernacion":"Carton\u00e9","fecha_de_publicacion":"01\/10\/2022","novedad":"1","paginas":"0","subtitulo":"","orden":"0","portada":"0","idioma":"cat","editorial":[{"ID":147554,"post_author":"3","post_date":"2022-10-14 11:51:27","post_date_gmt":"2022-10-14 09:51:27","post_content":"","post_title":"BLUME (Naturart)","post_excerpt":"","post_status":"publish","comment_status":"closed","ping_status":"closed","post_password":"","post_name":"blume-naturart","to_ping":"","pinged":"","post_modified":"2022-10-14 11:51:27","post_modified_gmt":"2022-10-14 09:51:27","post_content_filtered":"","post_parent":0,"guid":"http:\/\/dev.claret.cat\/editorial\/blume-naturart\/","menu_order":0,"post_type":"editorial","post_mime_type":"","comment_count":"0","filter":"raw"}],"autores-libros":[{"ID":263839,"post_author":"3","post_date":"2022-12-01 11:21:17","post_date_gmt":"2022-12-01 10:21:17","post_content":"","post_title":"PIETER GAUDESABOOS","post_excerpt":"","post_status":"publish","comment_status":"closed","ping_status":"closed","post_password":"","post_name":"pieter-gaudesaboos","to_ping":"","pinged":"","post_modified":"2022-12-01 11:21:17","post_modified_gmt":"2022-12-01 10:21:17","post_content_filtered":"","post_parent":0,"guid":"http:\/\/dev.claret.cat\/autor\/pieter-gaudesaboos\/","menu_order":0,"post_type":"autor","post_mime_type":"","comment_count":"0","filter":"raw"}]},"aioseo_notices":[],"_links":{"self":[{"href":"https:\/\/www.claret.cat\/es\/wp-json\/wp\/v2\/product\/267277","targetHints":{"allow":["GET"]}}],"collection":[{"href":"https:\/\/www.claret.cat\/es\/wp-json\/wp\/v2\/product"}],"about":[{"href":"https:\/\/www.claret.cat\/es\/wp-json\/wp\/v2\/types\/product"}],"wp:featuredmedia":[{"embeddable":true,"href":"https:\/\/www.claret.cat\/es\/wp-json\/wp\/v2\/media\/267278"}],"wp:attachment":[{"href":"https:\/\/www.claret.cat\/es\/wp-json\/wp\/v2\/media?parent=267277"}],"wp:term":[{"taxonomy":"product_brand","embeddable":true,"href":"https:\/\/www.claret.cat\/es\/wp-json\/wp\/v2\/product_brand?post=267277"},{"taxonomy":"product_cat","embeddable":true,"href":"https:\/\/www.claret.cat\/es\/wp-json\/wp\/v2\/product_cat?post=267277"},{"taxonomy":"product_tag","embeddable":true,"href":"https:\/\/www.claret.cat\/es\/wp-json\/wp\/v2\/product_tag?post=267277"}],"curies":[{"name":"wp","href":"https:\/\/api.w.org\/{rel}","templated":true}]}}