{"id":267286,"date":"2022-12-01T13:15:45","date_gmt":"2022-12-01T12:15:45","guid":{"rendered":"http:\/\/dev.claret.cat\/producte\/george-sand-y-el-lenguaje-del-amor\/"},"modified":"2026-02-23T11:12:58","modified_gmt":"2026-02-23T10:12:58","slug":"george-sand-y-el-lenguaje-del-amor-9788419110510","status":"publish","type":"product","link":"https:\/\/www.claret.cat\/es\/libro\/george-sand-y-el-lenguaje-del-amor-9788419110510\/","title":{"rendered":"GEORGE SAND Y EL LENGUAJE DEL AMOR"},"content":{"rendered":"<p>Un retrato personal y apasionante de la gran escritora, una de las primeras feministas c\u00e9lebres.<\/p>\n<p>Par\u00eds, 1831. Una joven vestida de hombre entra en la redacci\u00f3n del diario Le Figaro. Ha dejado atr\u00e1s sus or\u00edgenes nobles y un matrimonio infeliz y est\u00e1 preparada para un nuevo comienzo.Las palabras son la gran pasi\u00f3n de George: con su joven amante, Jules, conoce la vida del Par\u00eds bohemio y juntos escriben su primera novela. Pero George espera m\u00e1s de la vida, es valiente e inquisitiva, siempre dispuesta a romper tab\u00faes. Llena de pasi\u00f3n, se lanza a una nueva relaci\u00f3n con el famoso compositor Fr\u00e9d\u00e9ric Chopin, y juntos pasar\u00e1n una temporada en Mallorca que marcar\u00e1 un punto de inflexi\u00f3n en la vida de George Sand.<\/p>\n","protected":false},"excerpt":{"rendered":"<p>RYGIERT , BEATE<\/p>\n","protected":false},"featured_media":1085447,"template":"","meta":{"_acf_changed":false,"om_disable_all_campaigns":false,"rs_blank_template":"","rs_page_bg_color":"","slide_template_v7":"","inline_featured_image":false,"_monsterinsights_skip_tracking":false,"_monsterinsights_sitenote_active":false,"_monsterinsights_sitenote_note":"","_monsterinsights_sitenote_category":0},"product_brand":[],"product_cat":[130,360],"product_tag":[],"class_list":{"0":"post-267286","1":"product","2":"type-product","3":"status-publish","4":"has-post-thumbnail","6":"product_cat-novella-historica-i-ficcio","7":"product_cat-novela-historica-y-ficcion","9":"first","10":"outofstock","11":"taxable","12":"shipping-taxable","13":"purchasable","14":"product-type-simple"},"acf":{"autor":"RYGIERT , BEATE","codart":"841911051","libros-coleccion":"GRANDES NOVELAS","ediciones":"1","encuadernacion":"R\u00fastica","fecha_de_publicacion":"01\/10\/2022","novedad":"0","paginas":"323","subtitulo":"LA ESCRITORA QUE DESAFI\u00d3 LAS CONVENCIONES Y ENAMOR\u00d3 A FR\u00c9DERIC CHOPIN","orden":"0","portada":"0","idioma":"spa","editorial":[{"ID":6297,"post_author":"3","post_date":"2022-07-28 17:49:10","post_date_gmt":"2022-07-28 15:49:10","post_content":"","post_title":"Maeva Ediciones","post_excerpt":"","post_status":"publish","comment_status":"closed","ping_status":"closed","post_password":"","post_name":"maeva-ediciones","to_ping":"","pinged":"","post_modified":"2022-07-28 17:49:10","post_modified_gmt":"2022-07-28 15:49:10","post_content_filtered":"","post_parent":0,"guid":"http:\/\/dev.claret.cat\/editorial\/maeva-ediciones\/","menu_order":0,"post_type":"editorial","post_mime_type":"","comment_count":"0","filter":"raw"}],"autores-libros":[{"ID":263330,"post_author":"3","post_date":"2022-12-01 11:15:14","post_date_gmt":"2022-12-01 10:15:14","post_content":"","post_title":"BEATE RYGIERT","post_excerpt":"","post_status":"publish","comment_status":"closed","ping_status":"closed","post_password":"","post_name":"beate-rygiert","to_ping":"","pinged":"","post_modified":"2022-12-01 11:15:14","post_modified_gmt":"2022-12-01 10:15:14","post_content_filtered":"","post_parent":0,"guid":"http:\/\/dev.claret.cat\/autor\/beate-rygiert\/","menu_order":0,"post_type":"autor","post_mime_type":"","comment_count":"0","filter":"raw"}],"booktrailer":"","resenas":""},"aioseo_notices":[],"_links":{"self":[{"href":"https:\/\/www.claret.cat\/es\/wp-json\/wp\/v2\/product\/267286","targetHints":{"allow":["GET"]}}],"collection":[{"href":"https:\/\/www.claret.cat\/es\/wp-json\/wp\/v2\/product"}],"about":[{"href":"https:\/\/www.claret.cat\/es\/wp-json\/wp\/v2\/types\/product"}],"wp:featuredmedia":[{"embeddable":true,"href":"https:\/\/www.claret.cat\/es\/wp-json\/wp\/v2\/media\/1085447"}],"wp:attachment":[{"href":"https:\/\/www.claret.cat\/es\/wp-json\/wp\/v2\/media?parent=267286"}],"wp:term":[{"taxonomy":"product_brand","embeddable":true,"href":"https:\/\/www.claret.cat\/es\/wp-json\/wp\/v2\/product_brand?post=267286"},{"taxonomy":"product_cat","embeddable":true,"href":"https:\/\/www.claret.cat\/es\/wp-json\/wp\/v2\/product_cat?post=267286"},{"taxonomy":"product_tag","embeddable":true,"href":"https:\/\/www.claret.cat\/es\/wp-json\/wp\/v2\/product_tag?post=267286"}],"curies":[{"name":"wp","href":"https:\/\/api.w.org\/{rel}","templated":true}]}}