{"id":267334,"date":"2022-12-01T13:16:57","date_gmt":"2022-12-01T12:16:57","guid":{"rendered":"http:\/\/dev.claret.cat\/producte\/marcus-pocus-2-un-regal-monstruos\/"},"modified":"2026-03-06T14:35:55","modified_gmt":"2026-03-06T13:35:55","slug":"marcus-pocus-2-un-regal-monstruos-9788413893419","status":"publish","type":"product","link":"https:\/\/www.claret.cat\/es\/libro\/marcus-pocus-2-un-regal-monstruos-9788413893419\/","title":{"rendered":"MARCUS POCUS 2. UN REGAL MONSTRU\u00d3S"},"content":{"rendered":"<p>Quan el Marcus va acceptar convertir-se en repartidor de m\u00e0gia, mai no hauria imaginat que entregaria un paquet a\u00a0Vila Mitjanit, la ciutat on viuen els monstres. I encara menys que la seva colla i ell acabarien ficats en una batalla ve\u00efnal entre vampirs i homes llop\u2026<br \/> Quin ser\u00e0 el b\u00e0ndol vencedor?<\/p>\n","protected":false},"excerpt":{"rendered":"<p>MA\u00d1AS, PEDRO \/ SIERRA LIST\u00d3N, DAVID<\/p>\n","protected":false},"featured_media":296085,"template":"","meta":{"_acf_changed":false,"om_disable_all_campaigns":false,"rs_blank_template":"","rs_page_bg_color":"","slide_template_v7":"","inline_featured_image":false,"_monsterinsights_skip_tracking":false,"_monsterinsights_sitenote_active":false,"_monsterinsights_sitenote_note":"","_monsterinsights_sitenote_category":0},"product_brand":[],"product_cat":[131,361],"product_tag":[],"class_list":{"0":"post-267334","1":"product","2":"type-product","3":"status-publish","4":"has-post-thumbnail","6":"product_cat-contes-per-infants-0-6-anys","7":"product_cat-cuentos-para-ninos-0-6-anos","9":"first","10":"instock","11":"taxable","12":"shipping-taxable","13":"purchasable","14":"product-type-simple"},"acf":{"autor":"MA\u00d1AS, PEDRO \/ SIERRA LIST\u00d3N, DAVID","codart":"841389341","libros-coleccion":"FORA DE COL.LECCI\u00d3","ediciones":"1","encuadernacion":"R\u00fastica","fecha_de_publicacion":"01\/10\/2022","novedad":"1","paginas":"124","subtitulo":"","orden":"0","portada":"0","idioma":"spa","editorial":[{"ID":6249,"post_author":"3","post_date":"2022-07-28 17:48:09","post_date_gmt":"2022-07-28 15:48:09","post_content":"","post_title":"Estrella Polar","post_excerpt":"","post_status":"publish","comment_status":"closed","ping_status":"closed","post_password":"","post_name":"estrella-polar","to_ping":"","pinged":"","post_modified":"2022-07-28 17:48:09","post_modified_gmt":"2022-07-28 15:48:09","post_content_filtered":"","post_parent":0,"guid":"http:\/\/dev.claret.cat\/editorial\/estrella-polar\/","menu_order":0,"post_type":"editorial","post_mime_type":"","comment_count":"0","filter":"raw"}],"autores-libros":[{"ID":5933,"post_author":"3","post_date":"2022-07-28 17:34:36","post_date_gmt":"2022-07-28 15:34:36","post_content":"","post_title":"PEDRO MA\u00d1AS","post_excerpt":"","post_status":"publish","comment_status":"closed","ping_status":"closed","post_password":"","post_name":"pedro-manas","to_ping":"","pinged":"","post_modified":"2022-07-28 17:34:36","post_modified_gmt":"2022-07-28 15:34:36","post_content_filtered":"","post_parent":0,"guid":"http:\/\/dev.claret.cat\/autor\/pedro-manas\/","menu_order":0,"post_type":"autor","post_mime_type":"","comment_count":"0","filter":"raw"},{"ID":5393,"post_author":"3","post_date":"2022-07-28 17:23:01","post_date_gmt":"2022-07-28 15:23:01","post_content":"","post_title":"DAVID SIERRA LIST\u00d3N","post_excerpt":"","post_status":"publish","comment_status":"closed","ping_status":"closed","post_password":"","post_name":"david-sierra-liston","to_ping":"","pinged":"","post_modified":"2022-07-28 17:23:01","post_modified_gmt":"2022-07-28 15:23:01","post_content_filtered":"","post_parent":0,"guid":"http:\/\/dev.claret.cat\/autor\/david-sierra-liston\/","menu_order":0,"post_type":"autor","post_mime_type":"","comment_count":"0","filter":"raw"}],"booktrailer":"","resenas":""},"aioseo_notices":[],"_links":{"self":[{"href":"https:\/\/www.claret.cat\/es\/wp-json\/wp\/v2\/product\/267334","targetHints":{"allow":["GET"]}}],"collection":[{"href":"https:\/\/www.claret.cat\/es\/wp-json\/wp\/v2\/product"}],"about":[{"href":"https:\/\/www.claret.cat\/es\/wp-json\/wp\/v2\/types\/product"}],"wp:featuredmedia":[{"embeddable":true,"href":"https:\/\/www.claret.cat\/es\/wp-json\/wp\/v2\/media\/296085"}],"wp:attachment":[{"href":"https:\/\/www.claret.cat\/es\/wp-json\/wp\/v2\/media?parent=267334"}],"wp:term":[{"taxonomy":"product_brand","embeddable":true,"href":"https:\/\/www.claret.cat\/es\/wp-json\/wp\/v2\/product_brand?post=267334"},{"taxonomy":"product_cat","embeddable":true,"href":"https:\/\/www.claret.cat\/es\/wp-json\/wp\/v2\/product_cat?post=267334"},{"taxonomy":"product_tag","embeddable":true,"href":"https:\/\/www.claret.cat\/es\/wp-json\/wp\/v2\/product_tag?post=267334"}],"curies":[{"name":"wp","href":"https:\/\/api.w.org\/{rel}","templated":true}]}}