{"id":267391,"date":"2022-12-01T13:18:20","date_gmt":"2022-12-01T12:18:20","guid":{"rendered":"http:\/\/dev.claret.cat\/producte\/150-enigmas-de-baker-street\/"},"modified":"2023-10-06T07:51:06","modified_gmt":"2023-10-06T05:51:06","slug":"150-enigmas-de-baker-street-9788419341129","status":"publish","type":"product","link":"https:\/\/www.claret.cat\/es\/libro\/150-enigmas-de-baker-street-9788419341129\/","title":{"rendered":"150 ENIGMAS DE BAKER STREET"},"content":{"rendered":"<p>\u00bfTe atreves a meterte en la piel de Sherlock Holmes?<br \/> Con una lupa en una mano y un l\u00e1piz en la otra, utiliza tus grandes dotes en el arte de la l\u00f3gica, la observaci\u00f3n y la deducci\u00f3n para resolver todo tipo de enigmas, acertijos y misterios. Emula al detective m\u00e1s famoso de la historia y ponte a prueba. Gracias a tu sagacidad y a tu agilidad mental \u00a1los delincuentes no tendr\u00e1n posibilidad alguna de escapar!<\/p>\n","protected":false},"excerpt":{"rendered":"<p>DESMARAIS, L\u00c9O<\/p>\n","protected":false},"featured_media":318764,"template":"","meta":{"_acf_changed":false,"om_disable_all_campaigns":false,"rs_blank_template":"","rs_page_bg_color":"","slide_template_v7":"","inline_featured_image":false,"_monsterinsights_skip_tracking":false,"_monsterinsights_sitenote_active":false,"_monsterinsights_sitenote_note":"","_monsterinsights_sitenote_category":0},"product_brand":[],"product_cat":[540],"product_tag":[],"class_list":{"0":"post-267391","1":"product","2":"type-product","3":"status-publish","4":"has-post-thumbnail","6":"product_cat-otros","8":"first","9":"instock","10":"taxable","11":"shipping-taxable","12":"purchasable","13":"product-type-simple"},"acf":{"autor":"DESMARAIS, L\u00c9O","codart":"841934112","libros-coleccion":"Tiempo Libre","ediciones":"1","encuadernacion":"R\u00fastica","fecha_de_publicacion":"01\/10\/2022","novedad":"1","paginas":"232","subtitulo":"DE SHERLOCK HOLMES","orden":"0","portada":"0","idioma":"spa","editorial":[{"ID":147420,"post_author":"3","post_date":"2022-10-14 11:50:26","post_date_gmt":"2022-10-14 09:50:26","post_content":"","post_title":"AMAT EDITORIAL","post_excerpt":"","post_status":"publish","comment_status":"closed","ping_status":"closed","post_password":"","post_name":"amat-editorial","to_ping":"","pinged":"","post_modified":"2022-10-14 11:50:26","post_modified_gmt":"2022-10-14 09:50:26","post_content_filtered":"","post_parent":0,"guid":"http:\/\/dev.claret.cat\/editorial\/amat-editorial\/","menu_order":0,"post_type":"editorial","post_mime_type":"","comment_count":"0","filter":"raw"}],"autores-libros":[{"ID":263669,"post_author":"3","post_date":"2022-12-01 11:19:38","post_date_gmt":"2022-12-01 10:19:38","post_content":"","post_title":"L\u00c9O DESMARAIS","post_excerpt":"","post_status":"publish","comment_status":"closed","ping_status":"closed","post_password":"","post_name":"leo-desmarais","to_ping":"","pinged":"","post_modified":"2022-12-01 11:19:38","post_modified_gmt":"2022-12-01 10:19:38","post_content_filtered":"","post_parent":0,"guid":"http:\/\/dev.claret.cat\/autor\/leo-desmarais\/","menu_order":0,"post_type":"autor","post_mime_type":"","comment_count":"0","filter":"raw"}]},"aioseo_notices":[],"_links":{"self":[{"href":"https:\/\/www.claret.cat\/es\/wp-json\/wp\/v2\/product\/267391","targetHints":{"allow":["GET"]}}],"collection":[{"href":"https:\/\/www.claret.cat\/es\/wp-json\/wp\/v2\/product"}],"about":[{"href":"https:\/\/www.claret.cat\/es\/wp-json\/wp\/v2\/types\/product"}],"wp:featuredmedia":[{"embeddable":true,"href":"https:\/\/www.claret.cat\/es\/wp-json\/wp\/v2\/media\/318764"}],"wp:attachment":[{"href":"https:\/\/www.claret.cat\/es\/wp-json\/wp\/v2\/media?parent=267391"}],"wp:term":[{"taxonomy":"product_brand","embeddable":true,"href":"https:\/\/www.claret.cat\/es\/wp-json\/wp\/v2\/product_brand?post=267391"},{"taxonomy":"product_cat","embeddable":true,"href":"https:\/\/www.claret.cat\/es\/wp-json\/wp\/v2\/product_cat?post=267391"},{"taxonomy":"product_tag","embeddable":true,"href":"https:\/\/www.claret.cat\/es\/wp-json\/wp\/v2\/product_tag?post=267391"}],"curies":[{"name":"wp","href":"https:\/\/api.w.org\/{rel}","templated":true}]}}