{"id":267400,"date":"2022-12-01T13:18:33","date_gmt":"2022-12-01T12:18:33","guid":{"rendered":"http:\/\/dev.claret.cat\/producte\/un-cap-de-setmana-superespacial-ed-regal\/"},"modified":"2023-10-06T07:51:02","modified_gmt":"2023-10-06T05:51:02","slug":"un-cap-de-setmana-superespacial-ed-regal-9788419320469","status":"publish","type":"product","link":"https:\/\/www.claret.cat\/es\/libro\/un-cap-de-setmana-superespacial-ed-regal-9788419320469\/","title":{"rendered":"UN CAP DE SETMANA SUPERESPACIAL (ED. REGAL)"},"content":{"rendered":"<p>Un bon dia, cap al tard, l&#8217;Orni i la seva companya Castor van a visitar el magn\u00edfic observatori del seu amic Rat. Constru\u00eft dalt d&#8217;un arbre, est\u00e0 ben equipat per fer descobertes incre\u00efbles: el cel, els estels, la nostra gal\u00e0xia, l&#8221;infinit&#8230;<\/p>\n<p> En una paraula, l&#8217;astronomia!<\/p>\n","protected":false},"excerpt":{"rendered":"<p>ALMERAS, GA\u00cbLLE<\/p>\n","protected":false},"featured_media":267401,"template":"","meta":{"_acf_changed":false,"om_disable_all_campaigns":false,"rs_blank_template":"","rs_page_bg_color":"","slide_template_v7":"","inline_featured_image":false,"_monsterinsights_skip_tracking":false,"_monsterinsights_sitenote_active":false,"_monsterinsights_sitenote_note":"","_monsterinsights_sitenote_category":0},"product_brand":[],"product_cat":[132],"product_tag":[],"class_list":{"0":"post-267400","1":"product","2":"type-product","3":"status-publish","4":"has-post-thumbnail","6":"product_cat-lectures-per-preadolescents-6-12-anys","8":"first","9":"instock","10":"taxable","11":"shipping-taxable","12":"purchasable","13":"product-type-simple"},"acf":{"autor":"ALMERAS, GA\u00cbLLE","codart":"841932046","libros-coleccion":"INFANTIL","ediciones":"1","encuadernacion":"R\u00fastica","fecha_de_publicacion":"01\/10\/2022","novedad":"1","paginas":"96","subtitulo":"","orden":"0","portada":"0","idioma":"cat","editorial":[{"ID":6314,"post_author":"3","post_date":"2022-07-28 17:49:31","post_date_gmt":"2022-07-28 15:49:31","post_content":"","post_title":"N\u00f3rdica","post_excerpt":"","post_status":"publish","comment_status":"closed","ping_status":"closed","post_password":"","post_name":"nordica","to_ping":"","pinged":"","post_modified":"2022-07-28 17:49:31","post_modified_gmt":"2022-07-28 15:49:31","post_content_filtered":"","post_parent":0,"guid":"http:\/\/dev.claret.cat\/editorial\/nordica\/","menu_order":0,"post_type":"editorial","post_mime_type":"","comment_count":"0","filter":"raw"}],"autores-libros":[{"ID":156572,"post_author":"3","post_date":"2022-10-14 15:21:53","post_date_gmt":"2022-10-14 13:21:53","post_content":"","post_title":"GA\u00cbLLE ALMERAS","post_excerpt":"","post_status":"publish","comment_status":"closed","ping_status":"closed","post_password":"","post_name":"gaelle-almeras","to_ping":"","pinged":"","post_modified":"2022-10-14 15:21:53","post_modified_gmt":"2022-10-14 13:21:53","post_content_filtered":"","post_parent":0,"guid":"http:\/\/dev.claret.cat\/autor\/gaelle-almeras\/","menu_order":0,"post_type":"autor","post_mime_type":"","comment_count":"0","filter":"raw"}]},"aioseo_notices":[],"_links":{"self":[{"href":"https:\/\/www.claret.cat\/es\/wp-json\/wp\/v2\/product\/267400","targetHints":{"allow":["GET"]}}],"collection":[{"href":"https:\/\/www.claret.cat\/es\/wp-json\/wp\/v2\/product"}],"about":[{"href":"https:\/\/www.claret.cat\/es\/wp-json\/wp\/v2\/types\/product"}],"wp:featuredmedia":[{"embeddable":true,"href":"https:\/\/www.claret.cat\/es\/wp-json\/wp\/v2\/media\/267401"}],"wp:attachment":[{"href":"https:\/\/www.claret.cat\/es\/wp-json\/wp\/v2\/media?parent=267400"}],"wp:term":[{"taxonomy":"product_brand","embeddable":true,"href":"https:\/\/www.claret.cat\/es\/wp-json\/wp\/v2\/product_brand?post=267400"},{"taxonomy":"product_cat","embeddable":true,"href":"https:\/\/www.claret.cat\/es\/wp-json\/wp\/v2\/product_cat?post=267400"},{"taxonomy":"product_tag","embeddable":true,"href":"https:\/\/www.claret.cat\/es\/wp-json\/wp\/v2\/product_tag?post=267400"}],"curies":[{"name":"wp","href":"https:\/\/api.w.org\/{rel}","templated":true}]}}