{"id":267427,"date":"2022-12-01T13:19:13","date_gmt":"2022-12-01T12:19:13","guid":{"rendered":"http:\/\/dev.claret.cat\/producte\/mi-primera-historia-de-la-musica-clasica\/"},"modified":"2024-02-13T16:56:46","modified_gmt":"2024-02-13T15:56:46","slug":"mi-primera-historia-de-la-musica-clasica-9788408257059","status":"publish","type":"product","link":"https:\/\/www.claret.cat\/es\/libro\/mi-primera-historia-de-la-musica-clasica-9788408257059\/","title":{"rendered":"MI PRIMERA HISTORIA DE LA M\u00daSICA CL\u00c1SICA"},"content":{"rendered":"<p>\u00a1Mi primer libro de sonidos para descubrir la historia de la m\u00fasica cl\u00e1sica!<br \/> En cada doble p\u00e1gina encontrar\u00e1s un bot\u00f3n que har\u00e1 sonar un fragmento de una pieza de m\u00fasica cl\u00e1sica. Una alegre ilustraci\u00f3n acompa\u00f1a cada melod\u00eda y hace que este recopilatorio de segmentos de 6 composiciones de diferentes \u00e9pocas, especialmente pensado para los m\u00e1s peque\u00f1os, sea \u00fanico.<br \/> Este libro contiene las melod\u00edas Entre Adam y Anikiel, Gaillarde, Marcha por la ceremonia de los turcos, Sinfon\u00eda n.\u00ba 25 en sol menor, Polonesa \u00abheroica\u00bb y El ritual de la primavera. Estas composiciones son ejemplos de la m\u00fasica medieval, renacentista, barroca, clasicista, rom\u00e1ntica y moderna.<br \/> Mientras escuchan las melod\u00edas, las criaturas podr\u00e1n deleitarse mirando las im\u00e1genes. Una manera de introducir la m\u00fasica cl\u00e1sica desde la primera infancia y despertar el o\u00eddo y la sensibilidad musicales.<br \/> Este libro musical es de cart\u00f3n resistente, y los botones tienen el tama\u00f1o ideal para manos peque\u00f1as, de manera que puedan disfrutarlo de manera aut\u00f3noma.<br \/> Un t\u00edtulo recomendado a partir de 1 a\u00f1o.<br \/> Ilustrado por S\u00e9verine Cordier.<br \/> T\u00edtulos de la colecci\u00f3n de m\u00fasica cl\u00e1sica:<\/p>\n<p> Mis primeras canciones de m\u00fasica cl\u00e1sica. Libro con luces y sonidos<br \/> Mis primeros instrumentos de m\u00fasica cl\u00e1sica<br \/> Mis primeras \u00f3peras<br \/> Mis primeras melod\u00edas cl\u00e1sicas<br \/> Mi primer Carnaval de los animales<br \/> Mis animales de la m\u00fasica cl\u00e1sica<br \/> Mis primeras canciones para bailar<br \/> Mis primeras nanas<br \/> Mis primeras canciones en ingl\u00e9s<br \/> Mi primer Beethoven<br \/> Mi primer Mozart<br \/> Mi primer Vivaldi<br \/> Mi primer Bach<\/p>\n","protected":false},"excerpt":{"rendered":"<p>CORDIER, S\u00c9VERINE<\/p>\n","protected":false},"featured_media":951853,"template":"","meta":{"_acf_changed":false,"om_disable_all_campaigns":false,"rs_blank_template":"","rs_page_bg_color":"","slide_template_v7":"","inline_featured_image":false,"_monsterinsights_skip_tracking":false,"_monsterinsights_sitenote_active":false,"_monsterinsights_sitenote_note":"","_monsterinsights_sitenote_category":0},"product_brand":[],"product_cat":[131,361],"product_tag":[],"class_list":{"0":"post-267427","1":"product","2":"type-product","3":"status-publish","4":"has-post-thumbnail","6":"product_cat-contes-per-infants-0-6-anys","7":"product_cat-cuentos-para-ninos-0-6-anos","9":"first","10":"instock","11":"taxable","12":"shipping-taxable","13":"purchasable","14":"product-type-simple"},"acf":{"autor":"CORDIER, S\u00c9VERINE","codart":"840825705","libros-coleccion":"Libros con sonido","ediciones":"1","encuadernacion":"Carpeta","fecha_de_publicacion":"01\/10\/2022","novedad":"1","paginas":"12","subtitulo":"","orden":"0","portada":"0","idioma":"spa","editorial":[{"ID":6233,"post_author":"3","post_date":"2022-07-28 17:47:48","post_date_gmt":"2022-07-28 15:47:48","post_content":"","post_title":"EDITORIAL PLANETA","post_excerpt":"","post_status":"publish","comment_status":"closed","ping_status":"closed","post_password":"","post_name":"editorial-planeta","to_ping":"","pinged":"","post_modified":"2022-07-28 17:47:48","post_modified_gmt":"2022-07-28 15:47:48","post_content_filtered":"","post_parent":0,"guid":"http:\/\/dev.claret.cat\/editorial\/editorial-planeta\/","menu_order":0,"post_type":"editorial","post_mime_type":"","comment_count":"0","filter":"raw"}],"autores-libros":[{"ID":169378,"post_author":"3","post_date":"2022-10-14 22:26:45","post_date_gmt":"2022-10-14 20:26:45","post_content":"","post_title":"S\u00c9VERINE CORDIER","post_excerpt":"","post_status":"publish","comment_status":"closed","ping_status":"closed","post_password":"","post_name":"severine-cordier","to_ping":"","pinged":"","post_modified":"2022-10-14 22:26:45","post_modified_gmt":"2022-10-14 20:26:45","post_content_filtered":"","post_parent":0,"guid":"http:\/\/dev.claret.cat\/autor\/severine-cordier\/","menu_order":0,"post_type":"autor","post_mime_type":"","comment_count":"0","filter":"raw"}]},"aioseo_notices":[],"_links":{"self":[{"href":"https:\/\/www.claret.cat\/es\/wp-json\/wp\/v2\/product\/267427","targetHints":{"allow":["GET"]}}],"collection":[{"href":"https:\/\/www.claret.cat\/es\/wp-json\/wp\/v2\/product"}],"about":[{"href":"https:\/\/www.claret.cat\/es\/wp-json\/wp\/v2\/types\/product"}],"wp:featuredmedia":[{"embeddable":true,"href":"https:\/\/www.claret.cat\/es\/wp-json\/wp\/v2\/media\/951853"}],"wp:attachment":[{"href":"https:\/\/www.claret.cat\/es\/wp-json\/wp\/v2\/media?parent=267427"}],"wp:term":[{"taxonomy":"product_brand","embeddable":true,"href":"https:\/\/www.claret.cat\/es\/wp-json\/wp\/v2\/product_brand?post=267427"},{"taxonomy":"product_cat","embeddable":true,"href":"https:\/\/www.claret.cat\/es\/wp-json\/wp\/v2\/product_cat?post=267427"},{"taxonomy":"product_tag","embeddable":true,"href":"https:\/\/www.claret.cat\/es\/wp-json\/wp\/v2\/product_tag?post=267427"}],"curies":[{"name":"wp","href":"https:\/\/api.w.org\/{rel}","templated":true}]}}