{"id":267439,"date":"2022-12-01T13:19:31","date_gmt":"2022-12-01T12:19:31","guid":{"rendered":"http:\/\/dev.claret.cat\/producte\/abordaje-integral-de-prevencion-de-la-conducta-suicida-y-autolesiva\/"},"modified":"2023-10-06T07:46:28","modified_gmt":"2023-10-06T05:46:28","slug":"abordaje-integral-de-prevencion-de-la-conducta-suicida-y-autolesiva-9788426735119","status":"publish","type":"product","link":"https:\/\/www.claret.cat\/es\/libro\/abordaje-integral-de-prevencion-de-la-conducta-suicida-y-autolesiva-9788426735119\/","title":{"rendered":"ABORDAJE INTEGRAL DE PREVENCI\u00d3N DE LA CONDUCTA SUICIDA Y AUTOLESIVA"},"content":{"rendered":"<p>El suicidio es considerado uno de los mayores problemas de salud p\u00fablica de la sociedad moderna, tanto de atenci\u00f3n social y sanitaria como educativa, que requiere de una mirada integral y de estrategias de actuaci\u00f3n esenciales para su prevenci\u00f3n, detecci\u00f3n precoz, intervenci\u00f3n y posvenci\u00f3n.  Este libro, lejos de ser un manual sobre la muerte, es un conjunto de reflexiones y aportaciones desde la experiencia y una mirada a la vida con rigor, profesionalidad y humanidad. En \u00e9l se dota de contenido, educaci\u00f3n y visibilidad a lo que se ha mantenido oculto, silenciado y estigmatizado hasta la actualidad: el suicidio y la autolesi\u00f3n.  A lo largo de los cap\u00edtulos se aborda la necesaria prevenci\u00f3n del suicidio desde diferentes miradas y enfoques, y se aporta recursos de ayuda a aquellas personas que deben velar y acompa\u00f1ar a las personas que sienten y hacen del dolor la pieza central de su existencia.  Saber acompa\u00f1ar, sostener y proteger al resto en sus sombras es vital para avanzar como sociedad. Sin duda, este libro deviene una herramienta imprescindible dirigida a profesionales del mundo de la salud, docentes, familias e interesados en un compendio actualizado, donde nutrir de respuestas \u00fatiles el urgente y necesario abordaje de la conducta suicida y autolesiva desde el compromiso educativo, social y cl\u00ednico que debe acompa\u00f1ar a su prevenci\u00f3n.  Luis Fernando L\u00f3pez Mart\u00ednez. Psic\u00f3logo general sanitario. Psicoterapeuta. Codirector Proyecto ISNISS. Coordinador t\u00e9cnico Programa Hablemos de Suicidio del Colegio Oficial de la Psicolog\u00eda de Madrid.   Jos\u00e9 Antonio Luengo Latorre. Psic\u00f3logo educativo y sanitario. Catedr\u00e1tico Ense\u00f1anza Secundaria. Decano del Colegio Oficial de la Psicolog\u00eda de Madrid.  Eva M. Carretero Garc\u00eda. Psic\u00f3loga sanitaria. Codirectora de Proyecto ISNISS. M\u00e1ster de Investigaci\u00f3n en Psicolog\u00eda.  Pedro Martin-Barrajon. Responsable Red Nacional de Psic\u00f3logos para la prevenci\u00f3n del suicidio en Psic\u00f3logos Princesa 81.  Miguel Guerrero D\u00edaz. Psic\u00f3logo cl\u00ednico. Coordinador de la Unidad de Prevenci\u00f3n e Intervenci\u00f3n Intensiva en Conducta Suicida \u00abUnidad Cicer\u00f3n\u00bb. Hospital Universitario Virgen de la Victoria de M\u00e1laga.   Jos\u00e9 Carlos Soto Madrigal. Superviviente formador testimonial en Prevenci\u00f3n de Suicidio. Codirector del Grupo de Ayuda Mutua para Supervivientes de Suicidio de Princesa 81.  Olga Ramos Calvo. Superviviente de familiar muerto por suicidio. Codirectora Grupos de Ayuda Mutua (GAM) para supervivientes de suicidio en Psic\u00f3logos Princesa 81.<\/p>\n","protected":false},"excerpt":{"rendered":"<p>(COORD.), L\u00d3PEZ MART\u00cdNEZ, LUIS FERNANDO<\/p>\n","protected":false},"featured_media":267440,"template":"","meta":{"_acf_changed":false,"om_disable_all_campaigns":false,"rs_blank_template":"","rs_page_bg_color":"","slide_template_v7":"","inline_featured_image":false,"_monsterinsights_skip_tracking":false,"_monsterinsights_sitenote_active":false,"_monsterinsights_sitenote_note":"","_monsterinsights_sitenote_category":0},"product_brand":[],"product_cat":[377],"product_tag":[],"class_list":{"0":"post-267439","1":"product","2":"type-product","3":"status-publish","4":"has-post-thumbnail","6":"product_cat-autoayuda-y-salud-mental","8":"first","9":"instock","10":"taxable","11":"shipping-taxable","12":"purchasable","13":"product-type-simple"},"acf":{"autor":"(COORD.), L\u00d3PEZ MART\u00cdNEZ, LUIS FERNANDO","codart":"842673511","libros-coleccion":"FORA DE COL.LECCI\u00d3","ediciones":"1","encuadernacion":"R\u00fastica","fecha_de_publicacion":"01\/10\/2022","novedad":"1","paginas":"188","subtitulo":"UNA MIRADA EDUCATIVA PARA FAMILIAS Y PROFESIONALES","orden":"0","portada":"0","idioma":"spa","editorial":[{"ID":6301,"post_author":"3","post_date":"2022-07-28 17:49:15","post_date_gmt":"2022-07-28 15:49:15","post_content":"","post_title":"Marcombo","post_excerpt":"","post_status":"publish","comment_status":"closed","ping_status":"closed","post_password":"","post_name":"marcombo","to_ping":"","pinged":"","post_modified":"2022-07-28 17:49:15","post_modified_gmt":"2022-07-28 15:49:15","post_content_filtered":"","post_parent":0,"guid":"http:\/\/dev.claret.cat\/editorial\/marcombo\/","menu_order":0,"post_type":"editorial","post_mime_type":"","comment_count":"0","filter":"raw"}],"autores-libros":[{"ID":263688,"post_author":"3","post_date":"2022-12-01 11:19:49","post_date_gmt":"2022-12-01 10:19:49","post_content":"","post_title":"L\u00d3PEZ MART\u00cdNEZ (COORD.)","post_excerpt":"","post_status":"publish","comment_status":"closed","ping_status":"closed","post_password":"","post_name":"lopez-martinez-coord","to_ping":"","pinged":"","post_modified":"2022-12-01 11:19:49","post_modified_gmt":"2022-12-01 10:19:49","post_content_filtered":"","post_parent":0,"guid":"http:\/\/dev.claret.cat\/autor\/lopez-martinez-coord\/","menu_order":0,"post_type":"autor","post_mime_type":"","comment_count":"0","filter":"raw"}]},"aioseo_notices":[],"_links":{"self":[{"href":"https:\/\/www.claret.cat\/es\/wp-json\/wp\/v2\/product\/267439","targetHints":{"allow":["GET"]}}],"collection":[{"href":"https:\/\/www.claret.cat\/es\/wp-json\/wp\/v2\/product"}],"about":[{"href":"https:\/\/www.claret.cat\/es\/wp-json\/wp\/v2\/types\/product"}],"wp:featuredmedia":[{"embeddable":true,"href":"https:\/\/www.claret.cat\/es\/wp-json\/wp\/v2\/media\/267440"}],"wp:attachment":[{"href":"https:\/\/www.claret.cat\/es\/wp-json\/wp\/v2\/media?parent=267439"}],"wp:term":[{"taxonomy":"product_brand","embeddable":true,"href":"https:\/\/www.claret.cat\/es\/wp-json\/wp\/v2\/product_brand?post=267439"},{"taxonomy":"product_cat","embeddable":true,"href":"https:\/\/www.claret.cat\/es\/wp-json\/wp\/v2\/product_cat?post=267439"},{"taxonomy":"product_tag","embeddable":true,"href":"https:\/\/www.claret.cat\/es\/wp-json\/wp\/v2\/product_tag?post=267439"}],"curies":[{"name":"wp","href":"https:\/\/api.w.org\/{rel}","templated":true}]}}