{"id":267460,"date":"2022-12-01T13:20:03","date_gmt":"2022-12-01T12:20:03","guid":{"rendered":"http:\/\/dev.claret.cat\/producte\/sherlock-holmes-la-banda-de-lunares\/"},"modified":"2025-05-17T10:55:13","modified_gmt":"2025-05-17T08:55:13","slug":"sherlock-holmes-la-banda-de-lunares-9788418667503","status":"publish","type":"product","link":"https:\/\/www.claret.cat\/es\/libro\/sherlock-holmes-la-banda-de-lunares-9788418667503\/","title":{"rendered":"SHERLOCK HOLMES: LA BANDA DE LUNARES"},"content":{"rendered":"<p>La causa de la muerte es DESCONOCIDA. Los misteriosos ruidos que se escucharon por \u00faltima vez en el momento de la muerte de Julia Stoner HAN REGRESADO. Su hermana Helen sabe que es s\u00f3lo cuesti\u00f3n de tiempo antes de que ella sufra el mismo destino. Un complot siniestro se ha puesto en marcha, y la \u00fanica forma de atrapar al culpable es caer en una TRAMPA MORTAL&#8230; Con La banda de lunares llegamos ya al quinto t\u00edtulo de esta colecci\u00f3n amena y divertida con los mejores casos del detective m\u00e1s famoso de todos los tiempos. Gracias a su narrativa \u00e1gil y a las llamativas ilustraciones ayudar\u00e1 a consolidar el amor por la lectura de los m\u00e1s j\u00f3venes. Adem\u00e1s, las did\u00e1cticas aclaraciones sobre t\u00e9rminos y objetos propios de la Inglaterra de la \u00e9poca los acercar\u00e1 a la literatura cl\u00e1sica de detectives.<\/p>\n","protected":false},"excerpt":{"rendered":"<p>CONAN DOYLE, ARTHUR<\/p>\n","protected":false},"featured_media":540979,"template":"","meta":{"_acf_changed":false,"om_disable_all_campaigns":false,"rs_blank_template":"","rs_page_bg_color":"","slide_template_v7":"","inline_featured_image":false,"_monsterinsights_skip_tracking":false,"_monsterinsights_sitenote_active":false,"_monsterinsights_sitenote_note":"","_monsterinsights_sitenote_category":0},"product_brand":[],"product_cat":[132,362],"product_tag":[],"class_list":{"0":"post-267460","1":"product","2":"type-product","3":"status-publish","4":"has-post-thumbnail","6":"product_cat-lectures-per-preadolescents-6-12-anys","7":"product_cat-libros-preadolescentes-6-12-anos","9":"first","10":"instock","11":"taxable","12":"shipping-taxable","13":"purchasable","14":"product-type-simple"},"acf":{"autor":"CONAN DOYLE, ARTHUR","codart":"841866750","libros-coleccion":"FORA DE COL.LECCI\u00d3","ediciones":"1","encuadernacion":"R\u00fastica","fecha_de_publicacion":"01\/10\/2022","novedad":"1","paginas":"126","subtitulo":"","orden":"0","portada":"0","idioma":"spa","editorial":[{"ID":147937,"post_author":"3","post_date":"2022-10-14 11:54:23","post_date_gmt":"2022-10-14 09:54:23","post_content":"","post_title":"Editorial Bulul\u00fa","post_excerpt":"","post_status":"publish","comment_status":"closed","ping_status":"closed","post_password":"","post_name":"editorial-bululu","to_ping":"","pinged":"","post_modified":"2022-10-14 11:54:23","post_modified_gmt":"2022-10-14 09:54:23","post_content_filtered":"","post_parent":0,"guid":"http:\/\/dev.claret.cat\/editorial\/editorial-bululu\/","menu_order":0,"post_type":"editorial","post_mime_type":"","comment_count":"0","filter":"raw"}],"autores-libros":[{"ID":151143,"post_author":"3","post_date":"2022-10-14 14:38:32","post_date_gmt":"2022-10-14 12:38:32","post_content":"","post_title":"ARTHUR CONAN DOYLE","post_excerpt":"","post_status":"publish","comment_status":"closed","ping_status":"closed","post_password":"","post_name":"arthur-conan-doyle-2","to_ping":"","pinged":"","post_modified":"2022-10-14 14:38:32","post_modified_gmt":"2022-10-14 12:38:32","post_content_filtered":"","post_parent":0,"guid":"http:\/\/dev.claret.cat\/autor\/arthur-conan-doyle-2\/","menu_order":0,"post_type":"autor","post_mime_type":"","comment_count":"0","filter":"raw"}],"booktrailer":"","resenas":""},"aioseo_notices":[],"_links":{"self":[{"href":"https:\/\/www.claret.cat\/es\/wp-json\/wp\/v2\/product\/267460","targetHints":{"allow":["GET"]}}],"collection":[{"href":"https:\/\/www.claret.cat\/es\/wp-json\/wp\/v2\/product"}],"about":[{"href":"https:\/\/www.claret.cat\/es\/wp-json\/wp\/v2\/types\/product"}],"wp:featuredmedia":[{"embeddable":true,"href":"https:\/\/www.claret.cat\/es\/wp-json\/wp\/v2\/media\/540979"}],"wp:attachment":[{"href":"https:\/\/www.claret.cat\/es\/wp-json\/wp\/v2\/media?parent=267460"}],"wp:term":[{"taxonomy":"product_brand","embeddable":true,"href":"https:\/\/www.claret.cat\/es\/wp-json\/wp\/v2\/product_brand?post=267460"},{"taxonomy":"product_cat","embeddable":true,"href":"https:\/\/www.claret.cat\/es\/wp-json\/wp\/v2\/product_cat?post=267460"},{"taxonomy":"product_tag","embeddable":true,"href":"https:\/\/www.claret.cat\/es\/wp-json\/wp\/v2\/product_tag?post=267460"}],"curies":[{"name":"wp","href":"https:\/\/api.w.org\/{rel}","templated":true}]}}