{"id":267472,"date":"2022-12-01T13:20:21","date_gmt":"2022-12-01T12:20:21","guid":{"rendered":"http:\/\/dev.claret.cat\/producte\/el-estudio-de-la-naturaleza\/"},"modified":"2024-04-23T12:30:57","modified_gmt":"2024-04-23T10:30:57","slug":"el-estudio-de-la-naturaleza-9788497164658","status":"publish","type":"product","link":"https:\/\/www.claret.cat\/es\/libro\/el-estudio-de-la-naturaleza-9788497164658\/","title":{"rendered":"EL ESTUDIO DE LA NATURALEZA"},"content":{"rendered":"<p>Paul Klee puede considerarse como unos de los creadores m\u00e1s importantes del siglo XX. Su personalidad reun\u00eda en s\u00ed al dibujante afamado, el pintor excelente, el m\u00fasico y el poeta, pero tambi\u00e9n al hombre de car\u00e1cter reflexivo y profundo, y al infatigable investigador de formas, colores, t\u00e9cnicas y conceptos. Durante una d\u00e9cada (1920- 1930) Klee fue profesor de la Bauhaus.<\/p>\n","protected":false},"excerpt":{"rendered":"<p>KLEE, PAUL<\/p>\n","protected":false},"featured_media":267473,"template":"","meta":{"_acf_changed":false,"om_disable_all_campaigns":false,"rs_blank_template":"","rs_page_bg_color":"","slide_template_v7":"","inline_featured_image":false,"_monsterinsights_skip_tracking":false,"_monsterinsights_sitenote_active":false,"_monsterinsights_sitenote_note":"","_monsterinsights_sitenote_category":0},"product_brand":[],"product_cat":[90,540],"product_tag":[],"class_list":{"0":"post-267472","1":"product","2":"type-product","3":"status-publish","4":"has-post-thumbnail","6":"product_cat-altres","7":"product_cat-otros","9":"first","10":"instock","11":"taxable","12":"shipping-taxable","13":"purchasable","14":"product-type-simple"},"acf":{"autor":"KLEE, PAUL","codart":"849716465","libros-coleccion":"CENTELLAS","ediciones":"1","encuadernacion":"R\u00fastica","fecha_de_publicacion":"01\/10\/2022","novedad":"1","paginas":"166","subtitulo":"","orden":"0","portada":"0","idioma":"spa","editorial":[{"ID":6273,"post_author":"3","post_date":"2022-07-28 17:48:39","post_date_gmt":"2022-07-28 15:48:39","post_content":"","post_title":"Jos\u00e9 J. Ola\u00f1eta Editor","post_excerpt":"","post_status":"publish","comment_status":"closed","ping_status":"closed","post_password":"","post_name":"jose-j-olaneta-editor","to_ping":"","pinged":"","post_modified":"2022-07-28 17:48:39","post_modified_gmt":"2022-07-28 15:48:39","post_content_filtered":"","post_parent":0,"guid":"http:\/\/dev.claret.cat\/editorial\/jose-j-olaneta-editor\/","menu_order":0,"post_type":"editorial","post_mime_type":"","comment_count":"0","filter":"raw"}],"autores-libros":[{"ID":263815,"post_author":"3","post_date":"2022-12-01 11:21:03","post_date_gmt":"2022-12-01 10:21:03","post_content":"","post_title":"PAUL KLEE","post_excerpt":"","post_status":"publish","comment_status":"closed","ping_status":"closed","post_password":"","post_name":"paul-klee","to_ping":"","pinged":"","post_modified":"2022-12-01 11:21:03","post_modified_gmt":"2022-12-01 10:21:03","post_content_filtered":"","post_parent":0,"guid":"http:\/\/dev.claret.cat\/autor\/paul-klee\/","menu_order":0,"post_type":"autor","post_mime_type":"","comment_count":"0","filter":"raw"}]},"aioseo_notices":[],"_links":{"self":[{"href":"https:\/\/www.claret.cat\/es\/wp-json\/wp\/v2\/product\/267472","targetHints":{"allow":["GET"]}}],"collection":[{"href":"https:\/\/www.claret.cat\/es\/wp-json\/wp\/v2\/product"}],"about":[{"href":"https:\/\/www.claret.cat\/es\/wp-json\/wp\/v2\/types\/product"}],"wp:featuredmedia":[{"embeddable":true,"href":"https:\/\/www.claret.cat\/es\/wp-json\/wp\/v2\/media\/267473"}],"wp:attachment":[{"href":"https:\/\/www.claret.cat\/es\/wp-json\/wp\/v2\/media?parent=267472"}],"wp:term":[{"taxonomy":"product_brand","embeddable":true,"href":"https:\/\/www.claret.cat\/es\/wp-json\/wp\/v2\/product_brand?post=267472"},{"taxonomy":"product_cat","embeddable":true,"href":"https:\/\/www.claret.cat\/es\/wp-json\/wp\/v2\/product_cat?post=267472"},{"taxonomy":"product_tag","embeddable":true,"href":"https:\/\/www.claret.cat\/es\/wp-json\/wp\/v2\/product_tag?post=267472"}],"curies":[{"name":"wp","href":"https:\/\/api.w.org\/{rel}","templated":true}]}}