{"id":267493,"date":"2022-12-01T13:20:53","date_gmt":"2022-12-01T12:20:53","guid":{"rendered":"http:\/\/dev.claret.cat\/producte\/experimentamos-ilusiones-opticas\/"},"modified":"2024-04-29T16:43:56","modified_gmt":"2024-04-29T14:43:56","slug":"experimentamos-ilusiones-opticas-9788491425953","status":"publish","type":"product","link":"https:\/\/www.claret.cat\/es\/libro\/experimentamos-ilusiones-opticas-9788491425953\/","title":{"rendered":"\u00a1EXPERIMENTAMOS! ILUSIONES \u00d3PTICAS"},"content":{"rendered":"<p>Las ilusiones \u00f3pticas nos hacen percibir lo que no est\u00e1 presente o que en la realidad es diferente.<\/p>\n","protected":false},"excerpt":{"rendered":"<p>FOSFORO\/TRIONFETTI, ROSELLA<\/p>\n","protected":false},"featured_media":946628,"template":"","meta":{"_acf_changed":false,"om_disable_all_campaigns":false,"rs_blank_template":"","rs_page_bg_color":"","slide_template_v7":"","inline_featured_image":false,"_monsterinsights_skip_tracking":false,"_monsterinsights_sitenote_active":false,"_monsterinsights_sitenote_note":"","_monsterinsights_sitenote_category":0},"product_brand":[],"product_cat":[132,362],"product_tag":[],"class_list":{"0":"post-267493","1":"product","2":"type-product","3":"status-publish","4":"has-post-thumbnail","6":"product_cat-lectures-per-preadolescents-6-12-anys","7":"product_cat-libros-preadolescentes-6-12-anos","9":"first","10":"instock","11":"taxable","12":"shipping-taxable","13":"purchasable","14":"product-type-simple"},"acf":{"autor":"FOSFORO\/TRIONFETTI, ROSELLA","codart":"849142595","libros-coleccion":"DESCUBRIENDO EL MUNDO","ediciones":"1","encuadernacion":"Carton\u00e9","fecha_de_publicacion":"01\/10\/2022","novedad":"1","paginas":"48","subtitulo":"","orden":"0","portada":"0","idioma":"spa","editorial":[{"ID":147395,"post_author":"3","post_date":"2022-10-14 11:50:15","post_date_gmt":"2022-10-14 09:50:15","post_content":"","post_title":"ALGAR EDITORIAL","post_excerpt":"","post_status":"publish","comment_status":"closed","ping_status":"closed","post_password":"","post_name":"algar-editorial","to_ping":"","pinged":"","post_modified":"2022-10-14 11:50:15","post_modified_gmt":"2022-10-14 09:50:15","post_content_filtered":"","post_parent":0,"guid":"http:\/\/dev.claret.cat\/editorial\/algar-editorial\/","menu_order":0,"post_type":"editorial","post_mime_type":"","comment_count":"0","filter":"raw"}],"autores-libros":[{"ID":263483,"post_author":"3","post_date":"2022-12-01 11:17:50","post_date_gmt":"2022-12-01 10:17:50","post_content":"","post_title":"FOSFORO","post_excerpt":"","post_status":"publish","comment_status":"closed","ping_status":"closed","post_password":"","post_name":"fosforo","to_ping":"","pinged":"","post_modified":"2022-12-01 11:17:50","post_modified_gmt":"2022-12-01 10:17:50","post_content_filtered":"","post_parent":0,"guid":"http:\/\/dev.claret.cat\/autor\/fosforo\/","menu_order":0,"post_type":"autor","post_mime_type":"","comment_count":"0","filter":"raw"},{"ID":263876,"post_author":"3","post_date":"2022-12-01 11:21:39","post_date_gmt":"2022-12-01 10:21:39","post_content":"","post_title":"ROSELLA TRIONFETTI","post_excerpt":"","post_status":"publish","comment_status":"closed","ping_status":"closed","post_password":"","post_name":"rosella-trionfetti","to_ping":"","pinged":"","post_modified":"2022-12-01 11:21:39","post_modified_gmt":"2022-12-01 10:21:39","post_content_filtered":"","post_parent":0,"guid":"http:\/\/dev.claret.cat\/autor\/rosella-trionfetti\/","menu_order":0,"post_type":"autor","post_mime_type":"","comment_count":"0","filter":"raw"}]},"aioseo_notices":[],"_links":{"self":[{"href":"https:\/\/www.claret.cat\/es\/wp-json\/wp\/v2\/product\/267493","targetHints":{"allow":["GET"]}}],"collection":[{"href":"https:\/\/www.claret.cat\/es\/wp-json\/wp\/v2\/product"}],"about":[{"href":"https:\/\/www.claret.cat\/es\/wp-json\/wp\/v2\/types\/product"}],"wp:featuredmedia":[{"embeddable":true,"href":"https:\/\/www.claret.cat\/es\/wp-json\/wp\/v2\/media\/946628"}],"wp:attachment":[{"href":"https:\/\/www.claret.cat\/es\/wp-json\/wp\/v2\/media?parent=267493"}],"wp:term":[{"taxonomy":"product_brand","embeddable":true,"href":"https:\/\/www.claret.cat\/es\/wp-json\/wp\/v2\/product_brand?post=267493"},{"taxonomy":"product_cat","embeddable":true,"href":"https:\/\/www.claret.cat\/es\/wp-json\/wp\/v2\/product_cat?post=267493"},{"taxonomy":"product_tag","embeddable":true,"href":"https:\/\/www.claret.cat\/es\/wp-json\/wp\/v2\/product_tag?post=267493"}],"curies":[{"name":"wp","href":"https:\/\/api.w.org\/{rel}","templated":true}]}}