{"id":267541,"date":"2022-12-01T13:22:07","date_gmt":"2022-12-01T12:22:07","guid":{"rendered":"http:\/\/dev.claret.cat\/producte\/el-coronel-no-tiene-quien-le-escriba\/"},"modified":"2023-10-06T07:50:17","modified_gmt":"2023-10-06T05:50:17","slug":"el-coronel-no-tiene-quien-le-escriba-9788439740728","status":"publish","type":"product","link":"https:\/\/www.claret.cat\/es\/libro\/el-coronel-no-tiene-quien-le-escriba-9788439740728\/","title":{"rendered":"EL CORONEL NO TIENE QUIEN LE ESCRIBA"},"content":{"rendered":"<p>En el 40.\u00ba aniversario de la concesi\u00f3n del Nobel de  Literatura a Gabriel Garc\u00eda M\u00e1rquez, Random House publica la edici\u00f3n ilustrada por Luisa Rivera<br \/>de  una de sus novelas m\u00e1s emblem\u00e1ticas. El coronel no tiene quien le escriba fue escrita por  Gabriel Garc\u00eda M\u00e1rquez durante su estancia en Par\u00eds, donde hab\u00eda  llegado, a mediados de los cincuenta, como corresponsal de prensa y con  la secreta intenci\u00f3n de estudiar cine. El cierre del peri\u00f3dico para el  que trabajaba le sumi\u00f3 en la pobreza mientras redactaba en tres  versiones distintas esta excepcional novela, que luego fue rechazada por varios editores antes de su publicaci\u00f3n. Tras el barroquismo faulkneriano de La hojarasca, esta  segunda novela supone un paso hacia la ascesis, hacia la econom\u00eda  expresiva, y el estilo del escritor se hace m\u00e1s puro y transparente. Se  trata tambi\u00e9n de una historia de injusticia y violencia: un viejo  coronel retirado va al puerto todos los viernes a esperar la llegada de  la carta oficial que responda a la justa reclamaci\u00f3n  de sus derechos  por los servicios prestados a la patria. Pero la patria permanece muda&#8230; La cr\u00edtica ha dicho:<br \/>\u00abCreo que es mi mejor libro, sin lugar a dudas. Tuve que escribir Cien a\u00f1os de soledad para que leyeran  El coronel no tiene quien le escriba\u00bb.<br \/>Gabriel Garc\u00eda M\u00e1rquez \u00abCreo, y m\u00e1s de una vez lo he afirmado, que la obra maestra de Garc\u00eda M\u00e1rquez se llama El coronel no tiene quien le escriba\u00bb.<br \/>Mario Benedetti Sobre El amor en los tiempos del c\u00f3lera:<br \/>\u00abEsta brillante y desgarradora novela es quiz\u00e1s una de las mejores  historias de amor jam\u00e1s contadas\u00bb.<br \/>The New York Times Book Review \u00abLa voz garciamarquiana alcanza aqu\u00ed un nivel en el que resulta a la vez  cl\u00e1sica y coloquial, opalescente y pura, capaz de alabar y  maldecir, de  re\u00edr y llorar, de fabular y cantar, de despegar y volar cuando es necesario\u00bb.<br \/>Thomas Pynchon, The New York Times Sobre Cien a\u00f1os de soledad:<br \/>\u00abEl Quijote de nuestro tiempo\u00bb.<br \/>Pablo Neruda \u00abCien a\u00f1os de soledad es una novela total, en la l\u00ednea de esas  creaciones demencialmente ambiciosas que compiten con la realidad real  de igual a igual, enfrent\u00e1ndole una imagen de una vitalidad, vastedad y  complejidad cualitativamente equivalentes. Esta totalidad se manifiesta  ante todo en la naturaleza plural de la novela, que es, simult\u00e1neamente,  cosas que se cre\u00edan antin\u00f3micas: tradicional y moderna, localista y universal, imaginaria y realista\u00bb.<br \/>Mario Vargas Llosa, El Pa\u00eds Sobre Cr\u00f3nica de una muerte anunciada:<br \/>\u00abLa suya es una devoci\u00f3n sin l\u00edmites por las letras, desorbitada,  febril, insistente, insomne entrega a las secretas maravillas de la palabra escrita\u00bb.<br \/>\u00c1lvaro Mutis \u00abSu mundo era el m\u00edo, traducido al espa\u00f1ol. No es extra\u00f1o que me enamorara de \u00e9l, no por su magia, sino por su realismo\u00bb.<br \/>Salman Rushdie Sobre La hojarasca:<br \/>\u00abCuando de la barbarie no quede ni sombra de recuerdo, las obras de  Garc\u00eda M\u00e1rquez seguir\u00e1n iluminando el coraz\u00f3n de multitudes con  su destello inagotable\u00bb.<br \/>Ricardo Moreno, El Pa\u00eds<\/p>\n","protected":false},"excerpt":{"rendered":"<p>GARC\u00cdA M\u00c1RQUEZ, GABRIEL \/ RIVERA, LUISA<\/p>\n","protected":false},"featured_media":267542,"template":"","meta":{"_acf_changed":false,"om_disable_all_campaigns":false,"rs_blank_template":"","rs_page_bg_color":"","slide_template_v7":"","inline_featured_image":false,"_monsterinsights_skip_tracking":false,"_monsterinsights_sitenote_active":false,"_monsterinsights_sitenote_note":"","_monsterinsights_sitenote_category":0},"product_brand":[],"product_cat":[357,555],"product_tag":[],"class_list":{"0":"post-267541","1":"product","2":"type-product","3":"status-publish","4":"has-post-thumbnail","6":"product_cat-novela-contemporanea","7":"product_cat-regalo","9":"first","10":"instock","11":"taxable","12":"shipping-taxable","13":"purchasable","14":"product-type-simple"},"acf":{"autor":"GARC\u00cdA M\u00c1RQUEZ, GABRIEL \/ RIVERA, LUISA","codart":"843974072","libros-coleccion":"Cl\u00e1sicos Mondadori","ediciones":"1","encuadernacion":"Carton\u00e9","fecha_de_publicacion":"01\/10\/2022","novedad":"1","paginas":"119","subtitulo":"","orden":"0","portada":"0","idioma":"spa","editorial":[{"ID":6290,"post_author":"3","post_date":"2022-07-28 17:49:01","post_date_gmt":"2022-07-28 15:49:01","post_content":"","post_title":"LITERATURA RANDOM HOUSE","post_excerpt":"","post_status":"publish","comment_status":"closed","ping_status":"closed","post_password":"","post_name":"literatura-random-house","to_ping":"","pinged":"","post_modified":"2022-07-28 17:49:01","post_modified_gmt":"2022-07-28 15:49:01","post_content_filtered":"","post_parent":0,"guid":"http:\/\/dev.claret.cat\/editorial\/literatura-random-house\/","menu_order":0,"post_type":"editorial","post_mime_type":"","comment_count":"0","filter":"raw"}],"autores-libros":[{"ID":162794,"post_author":"3","post_date":"2022-10-14 17:33:52","post_date_gmt":"2022-10-14 15:33:52","post_content":"","post_title":"LUISA RIVERA","post_excerpt":"","post_status":"publish","comment_status":"closed","ping_status":"closed","post_password":"","post_name":"luisa-rivera","to_ping":"","pinged":"","post_modified":"2022-10-14 17:33:52","post_modified_gmt":"2022-10-14 15:33:52","post_content_filtered":"","post_parent":0,"guid":"http:\/\/dev.claret.cat\/autor\/luisa-rivera\/","menu_order":0,"post_type":"autor","post_mime_type":"","comment_count":"0","filter":"raw"},{"ID":156520,"post_author":"3","post_date":"2022-10-14 15:21:28","post_date_gmt":"2022-10-14 13:21:28","post_content":"","post_title":"GABRIEL GARCIA MARQUEZ","post_excerpt":"","post_status":"publish","comment_status":"closed","ping_status":"closed","post_password":"","post_name":"gabriel-garcia-marquez","to_ping":"","pinged":"","post_modified":"2022-10-14 15:21:28","post_modified_gmt":"2022-10-14 13:21:28","post_content_filtered":"","post_parent":0,"guid":"http:\/\/dev.claret.cat\/autor\/gabriel-garcia-marquez\/","menu_order":0,"post_type":"autor","post_mime_type":"","comment_count":"0","filter":"raw"}]},"aioseo_notices":[],"_links":{"self":[{"href":"https:\/\/www.claret.cat\/es\/wp-json\/wp\/v2\/product\/267541","targetHints":{"allow":["GET"]}}],"collection":[{"href":"https:\/\/www.claret.cat\/es\/wp-json\/wp\/v2\/product"}],"about":[{"href":"https:\/\/www.claret.cat\/es\/wp-json\/wp\/v2\/types\/product"}],"wp:featuredmedia":[{"embeddable":true,"href":"https:\/\/www.claret.cat\/es\/wp-json\/wp\/v2\/media\/267542"}],"wp:attachment":[{"href":"https:\/\/www.claret.cat\/es\/wp-json\/wp\/v2\/media?parent=267541"}],"wp:term":[{"taxonomy":"product_brand","embeddable":true,"href":"https:\/\/www.claret.cat\/es\/wp-json\/wp\/v2\/product_brand?post=267541"},{"taxonomy":"product_cat","embeddable":true,"href":"https:\/\/www.claret.cat\/es\/wp-json\/wp\/v2\/product_cat?post=267541"},{"taxonomy":"product_tag","embeddable":true,"href":"https:\/\/www.claret.cat\/es\/wp-json\/wp\/v2\/product_tag?post=267541"}],"curies":[{"name":"wp","href":"https:\/\/api.w.org\/{rel}","templated":true}]}}