{"id":267652,"date":"2022-12-01T13:25:03","date_gmt":"2022-12-01T12:25:03","guid":{"rendered":"http:\/\/dev.claret.cat\/producte\/de-mayor-quiero-ser-feliz-la-autoestima-mis-primeros-habitos-positivos\/"},"modified":"2023-10-06T07:32:35","modified_gmt":"2023-10-06T05:32:35","slug":"de-mayor-quiero-ser-feliz-la-autoestima-mis-primeros-habitos-positivos-9788448862411","status":"publish","type":"product","link":"https:\/\/www.claret.cat\/es\/libro\/de-mayor-quiero-ser-feliz-la-autoestima-mis-primeros-habitos-positivos-9788448862411\/","title":{"rendered":"DE MAYOR QUIERO SER&#8230; FELIZ: LA AUTOESTIMA (MIS PRIMEROS H\u00c1BITOS POSITIVOS)"},"content":{"rendered":"<p>Una nueva entrega en formato cart\u00f3n de De mayor quiero ser&#8230; feliz, de Anna  Morat\u00f3, pensada espec\u00edficamente para los m\u00e1s peque\u00f1os de la casa. \u00bfQu\u00e9 podemos hacer para crecer sanos tanto por fuera como por dentro? \u00a1Es d\u00eda de juegos en casa! El loro Isidoro tiene que abrir seis cajitas  que contienen frases que explican cosas muy importantes para querernos a nosotros mismos. \u00bfLas podr\u00e1 abrir todas? La autoestima es un nuevo t\u00edtulo de la serie de cart\u00f3n Mis primeros h\u00e1bitos positivos de AnnaMorat\u00f3, para  explicar los conceptos b\u00e1sicos de positividad y autoestima a ni\u00f1os y ni\u00f1as de entre 2 y 4 a\u00f1os. * Con p\u00e1ginas de cart\u00f3n muy resistentes. Un formato ideal para que los  lectores m\u00e1s peque\u00f1os se inicien en el aprendizaje de la lectura sin romper sus primeros libros. * Sobre las tem\u00e1ticas clave en la crianza, tales como el lenguaje positivo y la autoestima. * Un cuento divertido para educar las emociones desde la positividad y aprender a ser felices desde peque\u00f1os.<\/p>\n","protected":false},"excerpt":{"rendered":"<p>MORAT\u00d3 GARC\u00cdA, ANNA<\/p>\n","protected":false},"featured_media":267653,"template":"","meta":{"_acf_changed":false,"om_disable_all_campaigns":false,"rs_blank_template":"","rs_page_bg_color":"","slide_template_v7":"","inline_featured_image":false,"_monsterinsights_skip_tracking":false,"_monsterinsights_sitenote_active":false,"_monsterinsights_sitenote_note":"","_monsterinsights_sitenote_category":0},"product_brand":[],"product_cat":[361],"product_tag":[],"class_list":{"0":"post-267652","1":"product","2":"type-product","3":"status-publish","4":"has-post-thumbnail","6":"product_cat-cuentos-para-ninos-0-6-anos","8":"first","9":"instock","10":"taxable","11":"shipping-taxable","12":"purchasable","13":"product-type-simple"},"acf":{"autor":"MORAT\u00d3 GARC\u00cdA, ANNA","codart":"844886241","libros-coleccion":"FORA DE COL.LECCI\u00d3","ediciones":"1","encuadernacion":"Carpeta","fecha_de_publicacion":"01\/10\/2022","novedad":"1","paginas":"12","subtitulo":"","orden":"0","portada":"0","idioma":"spa","editorial":[{"ID":6141,"post_author":"3","post_date":"2022-07-28 17:45:46","post_date_gmt":"2022-07-28 15:45:46","post_content":"","post_title":"BEASCOA","post_excerpt":"","post_status":"publish","comment_status":"closed","ping_status":"closed","post_password":"","post_name":"beascoa","to_ping":"","pinged":"","post_modified":"2022-07-28 17:45:46","post_modified_gmt":"2022-07-28 15:45:46","post_content_filtered":"","post_parent":0,"guid":"http:\/\/dev.claret.cat\/editorial\/beascoa\/","menu_order":0,"post_type":"editorial","post_mime_type":"","comment_count":"0","filter":"raw"}],"autores-libros":[{"ID":150628,"post_author":"3","post_date":"2022-10-14 14:34:29","post_date_gmt":"2022-10-14 12:34:29","post_content":"","post_title":"ANNA MORATO GARC\u00cdA","post_excerpt":"","post_status":"publish","comment_status":"closed","ping_status":"closed","post_password":"","post_name":"anna-morato-garcia","to_ping":"","pinged":"","post_modified":"2022-10-14 14:34:29","post_modified_gmt":"2022-10-14 12:34:29","post_content_filtered":"","post_parent":0,"guid":"http:\/\/dev.claret.cat\/autor\/anna-morato-garcia\/","menu_order":0,"post_type":"autor","post_mime_type":"","comment_count":"0","filter":"raw"}]},"aioseo_notices":[],"_links":{"self":[{"href":"https:\/\/www.claret.cat\/es\/wp-json\/wp\/v2\/product\/267652","targetHints":{"allow":["GET"]}}],"collection":[{"href":"https:\/\/www.claret.cat\/es\/wp-json\/wp\/v2\/product"}],"about":[{"href":"https:\/\/www.claret.cat\/es\/wp-json\/wp\/v2\/types\/product"}],"wp:featuredmedia":[{"embeddable":true,"href":"https:\/\/www.claret.cat\/es\/wp-json\/wp\/v2\/media\/267653"}],"wp:attachment":[{"href":"https:\/\/www.claret.cat\/es\/wp-json\/wp\/v2\/media?parent=267652"}],"wp:term":[{"taxonomy":"product_brand","embeddable":true,"href":"https:\/\/www.claret.cat\/es\/wp-json\/wp\/v2\/product_brand?post=267652"},{"taxonomy":"product_cat","embeddable":true,"href":"https:\/\/www.claret.cat\/es\/wp-json\/wp\/v2\/product_cat?post=267652"},{"taxonomy":"product_tag","embeddable":true,"href":"https:\/\/www.claret.cat\/es\/wp-json\/wp\/v2\/product_tag?post=267652"}],"curies":[{"name":"wp","href":"https:\/\/api.w.org\/{rel}","templated":true}]}}