{"id":267658,"date":"2022-12-01T13:25:13","date_gmt":"2022-12-01T12:25:13","guid":{"rendered":"http:\/\/dev.claret.cat\/producte\/de-gran-vull-ser-felic-llenguatge-positiu-els-meus-primers-habits-positius\/"},"modified":"2023-10-06T07:32:40","modified_gmt":"2023-10-06T05:32:40","slug":"de-gran-vull-ser-felic-llenguatge-positiu-els-meus-primers-habits-positius-9788448862435","status":"publish","type":"product","link":"https:\/\/www.claret.cat\/es\/libro\/de-gran-vull-ser-felic-llenguatge-positiu-els-meus-primers-habits-positius-9788448862435\/","title":{"rendered":"DE GRAN VULL SER&#8230; FELI\u00c7: LLENGUATGE POSITIU (ELS MEUS PRIMERS H\u00c0BITS POSITIUS)"},"content":{"rendered":"<p>Una nova entrega en format cartr\u00f3 de De gran vull ser# feli\u00e7, d#Anna Morat\u00f3, pensada espec\u00edficament per als m\u00e9s petits de casa. Totes les paraules s\u00f3n iguals? La Marta i en Mateu s#ho passen d#all\u00f2 m\u00e9s b\u00e9 amb el seu lloro Doro. Amb ell descobriran que hi ha paraules boniques i  paraules lletges, i que poden fer-nos sentir b\u00e9 o malament. El llenguatge positiu \u00e9s un nou llibre de la s\u00e8rie de cartr\u00f3 Els meus primers h\u00e0bits positius d#Anna  Morat\u00f3, per explicar els conceptes b\u00e0sics de positivitat i autoestima a nens i nenes d#entre 2 i 4 anys. * Amb p\u00e0gines de cartr\u00f3 molt resistents. Un format ideal perqu\u00e8 els  lectors m\u00e9s petits s#inici\u00efn en l#aprenentatge de la lectura sense que trenquin els seus primers llibres. * Sobre els temes clau en la crian\u00e7a, com s\u00f3n el llenguatge positiu i l#autoestima. * Un conte divertit per educar les emocions des de la positivitat i aprendre a ser feli\u00e7os des de petits.<\/p>\n","protected":false},"excerpt":{"rendered":"<p>MORAT\u00d3 GARC\u00cdA, ANNA<\/p>\n","protected":false},"featured_media":325684,"template":"","meta":{"_acf_changed":false,"om_disable_all_campaigns":false,"rs_blank_template":"","rs_page_bg_color":"","slide_template_v7":"","inline_featured_image":false,"_monsterinsights_skip_tracking":false,"_monsterinsights_sitenote_active":false,"_monsterinsights_sitenote_note":"","_monsterinsights_sitenote_category":0},"product_brand":[],"product_cat":[131],"product_tag":[],"class_list":{"0":"post-267658","1":"product","2":"type-product","3":"status-publish","4":"has-post-thumbnail","6":"product_cat-contes-per-infants-0-6-anys","8":"first","9":"instock","10":"taxable","11":"shipping-taxable","12":"purchasable","13":"product-type-simple"},"acf":{"autor":"MORAT\u00d3 GARC\u00cdA, ANNA","codart":"844886243","libros-coleccion":"FORA DE COL.LECCI\u00d3","ediciones":"1","encuadernacion":"Carpeta","fecha_de_publicacion":"01\/10\/2022","novedad":"1","paginas":"12","subtitulo":"","orden":"0","portada":"0","idioma":"cat","editorial":[{"ID":6141,"post_author":"3","post_date":"2022-07-28 17:45:46","post_date_gmt":"2022-07-28 15:45:46","post_content":"","post_title":"BEASCOA","post_excerpt":"","post_status":"publish","comment_status":"closed","ping_status":"closed","post_password":"","post_name":"beascoa","to_ping":"","pinged":"","post_modified":"2022-07-28 17:45:46","post_modified_gmt":"2022-07-28 15:45:46","post_content_filtered":"","post_parent":0,"guid":"http:\/\/dev.claret.cat\/editorial\/beascoa\/","menu_order":0,"post_type":"editorial","post_mime_type":"","comment_count":"0","filter":"raw"}],"autores-libros":[{"ID":150628,"post_author":"3","post_date":"2022-10-14 14:34:29","post_date_gmt":"2022-10-14 12:34:29","post_content":"","post_title":"ANNA MORATO GARC\u00cdA","post_excerpt":"","post_status":"publish","comment_status":"closed","ping_status":"closed","post_password":"","post_name":"anna-morato-garcia","to_ping":"","pinged":"","post_modified":"2022-10-14 14:34:29","post_modified_gmt":"2022-10-14 12:34:29","post_content_filtered":"","post_parent":0,"guid":"http:\/\/dev.claret.cat\/autor\/anna-morato-garcia\/","menu_order":0,"post_type":"autor","post_mime_type":"","comment_count":"0","filter":"raw"}]},"aioseo_notices":[],"_links":{"self":[{"href":"https:\/\/www.claret.cat\/es\/wp-json\/wp\/v2\/product\/267658","targetHints":{"allow":["GET"]}}],"collection":[{"href":"https:\/\/www.claret.cat\/es\/wp-json\/wp\/v2\/product"}],"about":[{"href":"https:\/\/www.claret.cat\/es\/wp-json\/wp\/v2\/types\/product"}],"wp:featuredmedia":[{"embeddable":true,"href":"https:\/\/www.claret.cat\/es\/wp-json\/wp\/v2\/media\/325684"}],"wp:attachment":[{"href":"https:\/\/www.claret.cat\/es\/wp-json\/wp\/v2\/media?parent=267658"}],"wp:term":[{"taxonomy":"product_brand","embeddable":true,"href":"https:\/\/www.claret.cat\/es\/wp-json\/wp\/v2\/product_brand?post=267658"},{"taxonomy":"product_cat","embeddable":true,"href":"https:\/\/www.claret.cat\/es\/wp-json\/wp\/v2\/product_cat?post=267658"},{"taxonomy":"product_tag","embeddable":true,"href":"https:\/\/www.claret.cat\/es\/wp-json\/wp\/v2\/product_tag?post=267658"}],"curies":[{"name":"wp","href":"https:\/\/api.w.org\/{rel}","templated":true}]}}