{"id":267694,"date":"2022-12-01T13:26:10","date_gmt":"2022-12-01T12:26:10","guid":{"rendered":"http:\/\/dev.claret.cat\/producte\/animales-heridos\/"},"modified":"2023-10-06T07:30:27","modified_gmt":"2023-10-06T05:30:27","slug":"animales-heridos-9788408264958","status":"publish","type":"product","link":"https:\/\/www.claret.cat\/es\/libro\/animales-heridos-9788408264958\/","title":{"rendered":"ANIMALES HERIDOS"},"content":{"rendered":"<p>Nora, con su madre mayor, afronta un divorcio despu\u00e9s de un largo matrimonio t\u00f3xico. Con la ayuda de los amigos, intentar\u00e1 deshacerse de todo lo que durante quince a\u00f1os la ha mantenido atrapada en una mentira. Daniel y sus hijos tambi\u00e9n deben afrontar una p\u00e9rdida irreversible y tr\u00e1gica. Como Anna, la madre de Nora, que desorientada afronta los primeros s\u00edntomas graves de la p\u00e9rdida de la memoria.<br \/> Una casa en medio del bosque, donde la madre de Nora fue feliz en su juventud, ser\u00e1 el refugio de esta extra\u00f1a nueva familia, que durante unos meses convivir\u00e1 bajo el mismo techo. Durante la convivencia, de los m\u00e1s peque\u00f1os a la mayor compartir\u00e1n confidencias y cada uno a su manera intentar\u00e1 reubicar el pasado y recuperar la energ\u00eda que les permita encontrar el norte y rehacer sus vidas.<br \/> Un grupo de desconocidos heridos por un pasado que pesa. Una casa en medio del bosque. Una segunda oportunidad.<\/p>\n","protected":false},"excerpt":{"rendered":"<p>ROCA PALET, ELISENDA<\/p>\n","protected":false},"featured_media":267695,"template":"","meta":{"_acf_changed":false,"om_disable_all_campaigns":false,"rs_blank_template":"","rs_page_bg_color":"","slide_template_v7":"","inline_featured_image":false,"_monsterinsights_skip_tracking":false,"_monsterinsights_sitenote_active":false,"_monsterinsights_sitenote_note":"","_monsterinsights_sitenote_category":0},"product_brand":[],"product_cat":[357],"product_tag":[],"class_list":{"0":"post-267694","1":"product","2":"type-product","3":"status-publish","4":"has-post-thumbnail","6":"product_cat-novela-contemporanea","8":"first","9":"instock","10":"taxable","11":"shipping-taxable","12":"purchasable","13":"product-type-simple"},"acf":{"autor":"ROCA PALET, ELISENDA","codart":"840826495","libros-coleccion":"Autores Espa\u00f1oles e Iberoamericanos","ediciones":"1","encuadernacion":"Carton\u00e9","fecha_de_publicacion":"01\/10\/2022","novedad":"1","paginas":"237","subtitulo":"","orden":"0","portada":"0","idioma":"spa","editorial":[{"ID":6233,"post_author":"3","post_date":"2022-07-28 17:47:48","post_date_gmt":"2022-07-28 15:47:48","post_content":"","post_title":"EDITORIAL PLANETA","post_excerpt":"","post_status":"publish","comment_status":"closed","ping_status":"closed","post_password":"","post_name":"editorial-planeta","to_ping":"","pinged":"","post_modified":"2022-07-28 17:47:48","post_modified_gmt":"2022-07-28 15:47:48","post_content_filtered":"","post_parent":0,"guid":"http:\/\/dev.claret.cat\/editorial\/editorial-planeta\/","menu_order":0,"post_type":"editorial","post_mime_type":"","comment_count":"0","filter":"raw"}],"autores-libros":[{"ID":154846,"post_author":"3","post_date":"2022-10-14 15:08:07","post_date_gmt":"2022-10-14 13:08:07","post_content":"","post_title":"ELISENDA ROCA PALET","post_excerpt":"","post_status":"publish","comment_status":"closed","ping_status":"closed","post_password":"","post_name":"elisenda-roca-palet","to_ping":"","pinged":"","post_modified":"2022-10-14 15:08:07","post_modified_gmt":"2022-10-14 13:08:07","post_content_filtered":"","post_parent":0,"guid":"http:\/\/dev.claret.cat\/autor\/elisenda-roca-palet\/","menu_order":0,"post_type":"autor","post_mime_type":"","comment_count":"0","filter":"raw"}]},"aioseo_notices":[],"_links":{"self":[{"href":"https:\/\/www.claret.cat\/es\/wp-json\/wp\/v2\/product\/267694","targetHints":{"allow":["GET"]}}],"collection":[{"href":"https:\/\/www.claret.cat\/es\/wp-json\/wp\/v2\/product"}],"about":[{"href":"https:\/\/www.claret.cat\/es\/wp-json\/wp\/v2\/types\/product"}],"wp:featuredmedia":[{"embeddable":true,"href":"https:\/\/www.claret.cat\/es\/wp-json\/wp\/v2\/media\/267695"}],"wp:attachment":[{"href":"https:\/\/www.claret.cat\/es\/wp-json\/wp\/v2\/media?parent=267694"}],"wp:term":[{"taxonomy":"product_brand","embeddable":true,"href":"https:\/\/www.claret.cat\/es\/wp-json\/wp\/v2\/product_brand?post=267694"},{"taxonomy":"product_cat","embeddable":true,"href":"https:\/\/www.claret.cat\/es\/wp-json\/wp\/v2\/product_cat?post=267694"},{"taxonomy":"product_tag","embeddable":true,"href":"https:\/\/www.claret.cat\/es\/wp-json\/wp\/v2\/product_tag?post=267694"}],"curies":[{"name":"wp","href":"https:\/\/api.w.org\/{rel}","templated":true}]}}