{"id":267778,"date":"2022-12-01T13:28:20","date_gmt":"2022-12-01T12:28:20","guid":{"rendered":"http:\/\/dev.claret.cat\/producte\/lislam-historia-espiritualitat-teologia-tradicions-i-festes\/"},"modified":"2025-02-01T01:48:08","modified_gmt":"2025-02-01T00:48:08","slug":"lislam-historia-espiritualitat-teologia-tradicions-i-festes-9788418908668","status":"publish","type":"product","link":"https:\/\/www.claret.cat\/es\/libro\/lislam-historia-espiritualitat-teologia-tradicions-i-festes-9788418908668\/","title":{"rendered":"L&#8217;ISLAM. HIST\u00d2RIA, ESPIRITUALITAT, TEOLOGIA, TRADICIONS I FESTES"},"content":{"rendered":"<p>Una aproximaci\u00f3 als signes d&#8217;identitat de l&#8217;Islam.<\/p>\n<p>Actualment, l&#8217;Islam, sobretot a Occident, no gaudeix de gaire bona premsa; molts el conceben &#8211;el concebem&#8211; com una religi\u00f3 que s&#8217;ha quedat aturada en el temps i que a penes ha progressat. Per\u00f2 com passa en tot, no hi ha un islam monol\u00edtic i \u00fanic, sin\u00f3 diversos. Partint d&#8217;aquesta premissa, Mart\u00ed \u00c0vila ens convida a descobrir tots els islams possibles a trav\u00e9s de la seva hist\u00f2ria i sobretot de la seva vast\u00edssima cultura, que va des de la filosofia fins a la teologia, passant per la medicina, l&#8217;arquitectura i l&#8217;art. I ens endinsa a l&#8217;Islam amb una mirada global i allunyada dels prejudicis per\u00f2 tamb\u00e9 centrant-se en q\u00fcestions m\u00e9s concretes, com ara portar el vel o no, el significat del gihad, l&#8217;aplicaci\u00f3 de la xaria, si \u00e9s necessari reinterpretar de nou l&#8217;Alcor\u00e0 a la llum de les noves realitats, el paper de la dona musulmana, o el conservadorisme i el progressisme dels seus practicants. Un assaig l\u00facid i aclaridor que tanca la trilogia de les religions abrah\u00e0miques, juntament amb El cristianisme i El judaisme, tamb\u00e9 en aquesta col\u00b7lecci\u00f3, i ens ajuda a entendre una religi\u00f3 que tamb\u00e9 forma part de la nostra hist\u00f2ria i de la nostra identitat.<\/p>\n","protected":false},"excerpt":{"rendered":"<p>\u00c1VILA, MART\u00cd<\/p>\n","protected":false},"featured_media":267779,"template":"","meta":{"_acf_changed":false,"om_disable_all_campaigns":false,"rs_blank_template":"","rs_page_bg_color":"","slide_template_v7":"","inline_featured_image":false,"_monsterinsights_skip_tracking":false,"_monsterinsights_sitenote_active":false,"_monsterinsights_sitenote_note":"","_monsterinsights_sitenote_category":0},"product_brand":[],"product_cat":[544,94],"product_tag":[],"class_list":{"0":"post-267778","1":"product","2":"type-product","3":"status-publish","4":"has-post-thumbnail","6":"product_cat-religiones","7":"product_cat-religions","9":"first","10":"instock","11":"taxable","12":"shipping-taxable","13":"purchasable","14":"product-type-simple"},"acf":{"autor":"\u00c1VILA, MART\u00cd","codart":"841890866","libros-coleccion":"Helios","ediciones":"1","encuadernacion":"R\u00fastica","fecha_de_publicacion":"01\/09\/2022","novedad":"1","paginas":"205","subtitulo":"HIST\u00d2RIA, ESPIRITUALITAT, TEOLOGIA, TRADICIONS I FESTES","orden":"0","portada":"1","idioma":"cat","editorial":[{"ID":6392,"post_author":"3","post_date":"2022-07-28 17:51:10","post_date_gmt":"2022-07-28 15:51:10","post_content":"","post_title":"Viena","post_excerpt":"","post_status":"publish","comment_status":"closed","ping_status":"closed","post_password":"","post_name":"viena","to_ping":"","pinged":"","post_modified":"2022-07-28 17:51:10","post_modified_gmt":"2022-07-28 15:51:10","post_content_filtered":"","post_parent":0,"guid":"http:\/\/dev.claret.cat\/editorial\/viena\/","menu_order":0,"post_type":"editorial","post_mime_type":"","comment_count":"0","filter":"raw"}],"autores-libros":[{"ID":263743,"post_author":"3","post_date":"2022-12-01 11:20:21","post_date_gmt":"2022-12-01 10:20:21","post_content":"","post_title":"MART\u00cd \u00c1VILA","post_excerpt":"","post_status":"publish","comment_status":"closed","ping_status":"closed","post_password":"","post_name":"marti-avila","to_ping":"","pinged":"","post_modified":"2022-12-01 11:20:21","post_modified_gmt":"2022-12-01 10:20:21","post_content_filtered":"","post_parent":0,"guid":"http:\/\/dev.claret.cat\/autor\/marti-avila\/","menu_order":0,"post_type":"autor","post_mime_type":"","comment_count":"0","filter":"raw"}]},"aioseo_notices":[],"_links":{"self":[{"href":"https:\/\/www.claret.cat\/es\/wp-json\/wp\/v2\/product\/267778","targetHints":{"allow":["GET"]}}],"collection":[{"href":"https:\/\/www.claret.cat\/es\/wp-json\/wp\/v2\/product"}],"about":[{"href":"https:\/\/www.claret.cat\/es\/wp-json\/wp\/v2\/types\/product"}],"wp:featuredmedia":[{"embeddable":true,"href":"https:\/\/www.claret.cat\/es\/wp-json\/wp\/v2\/media\/267779"}],"wp:attachment":[{"href":"https:\/\/www.claret.cat\/es\/wp-json\/wp\/v2\/media?parent=267778"}],"wp:term":[{"taxonomy":"product_brand","embeddable":true,"href":"https:\/\/www.claret.cat\/es\/wp-json\/wp\/v2\/product_brand?post=267778"},{"taxonomy":"product_cat","embeddable":true,"href":"https:\/\/www.claret.cat\/es\/wp-json\/wp\/v2\/product_cat?post=267778"},{"taxonomy":"product_tag","embeddable":true,"href":"https:\/\/www.claret.cat\/es\/wp-json\/wp\/v2\/product_tag?post=267778"}],"curies":[{"name":"wp","href":"https:\/\/api.w.org\/{rel}","templated":true}]}}