{"id":267847,"date":"2022-12-01T13:30:02","date_gmt":"2022-12-01T12:30:02","guid":{"rendered":"http:\/\/dev.claret.cat\/producte\/escapada-a-las-islas\/"},"modified":"2023-10-06T08:06:52","modified_gmt":"2023-10-06T06:06:52","slug":"escapada-a-las-islas-9788419094759","status":"publish","type":"product","link":"https:\/\/www.claret.cat\/es\/libro\/escapada-a-las-islas-9788419094759\/","title":{"rendered":"ESCAPADA A LAS ISLAS"},"content":{"rendered":"<p>* Esc\u00e1pese a una aventura en las islas de la mano de la ilustradora Millie Marotta.<br \/> * Rel\u00e1jese y descanse mientras viaja por las islas de todo el mundo. Sum\u00e9rjase en una isla paradis\u00edaca donde descansan las lagartijas y vuelan las aves marinas, desde Madagascar hasta la remota Svalbard, desde Vancouver hasta las Gal\u00e1pagos. <br \/> * Descubra el mapache pigmeo de Cozumel, el drag\u00f3n de Komodo, el zorro volador de Mauricio y el rinoceronte de Java. Pasee junto a ex\u00f3ticas plantas carn\u00edvoras, orqu\u00eddeas y enredaderas.<\/p>\n<p> Una fuente de inspiraci\u00f3n para los fan\u00e1ticos del color: ac\u00e9rquese y esc\u00e1pese a su propia isla de las maravillas.<\/p>\n<p> Este es un libro esencial para todos aquellos que disfrutan coloreando hermosas ilustraciones de forma imaginativa. En este hermoso viaje por las islas del mundo, d\u00e9 rienda suelta a su creatividad, disfrute de la actividad consciente perfecta y descubra criaturas fascinantes que necesitan nuestra ayuda y protecci\u00f3n.<\/p>\n","protected":false},"excerpt":{"rendered":"<p>MAROTTA, MILLIE<\/p>\n","protected":false},"featured_media":313561,"template":"","meta":{"_acf_changed":false,"om_disable_all_campaigns":false,"rs_blank_template":"","rs_page_bg_color":"","slide_template_v7":"","inline_featured_image":false,"_monsterinsights_skip_tracking":false,"_monsterinsights_sitenote_active":false,"_monsterinsights_sitenote_note":"","_monsterinsights_sitenote_category":0},"product_brand":[],"product_cat":[551,555],"product_tag":[],"class_list":{"0":"post-267847","1":"product","2":"type-product","3":"status-publish","4":"has-post-thumbnail","6":"product_cat-manualidades","7":"product_cat-regalo","9":"first","10":"instock","11":"taxable","12":"shipping-taxable","13":"purchasable","14":"product-type-simple"},"acf":{"autor":"MAROTTA, MILLIE","codart":"841909475","libros-coleccion":"","ediciones":"1","encuadernacion":"R\u00fastica","fecha_de_publicacion":"01\/09\/2022","novedad":"1","paginas":"96","subtitulo":"","orden":"0","portada":"0","idioma":"spa","editorial":[{"ID":147554,"post_author":"3","post_date":"2022-10-14 11:51:27","post_date_gmt":"2022-10-14 09:51:27","post_content":"","post_title":"BLUME (Naturart)","post_excerpt":"","post_status":"publish","comment_status":"closed","ping_status":"closed","post_password":"","post_name":"blume-naturart","to_ping":"","pinged":"","post_modified":"2022-10-14 11:51:27","post_modified_gmt":"2022-10-14 09:51:27","post_content_filtered":"","post_parent":0,"guid":"http:\/\/dev.claret.cat\/editorial\/blume-naturart\/","menu_order":0,"post_type":"editorial","post_mime_type":"","comment_count":"0","filter":"raw"}],"autores-libros":[{"ID":165103,"post_author":"3","post_date":"2022-10-14 17:52:25","post_date_gmt":"2022-10-14 15:52:25","post_content":"","post_title":"MILLIE MAROTTA","post_excerpt":"","post_status":"publish","comment_status":"closed","ping_status":"closed","post_password":"","post_name":"millie-marotta","to_ping":"","pinged":"","post_modified":"2022-10-14 17:52:25","post_modified_gmt":"2022-10-14 15:52:25","post_content_filtered":"","post_parent":0,"guid":"http:\/\/dev.claret.cat\/autor\/millie-marotta\/","menu_order":0,"post_type":"autor","post_mime_type":"","comment_count":"0","filter":"raw"}]},"aioseo_notices":[],"_links":{"self":[{"href":"https:\/\/www.claret.cat\/es\/wp-json\/wp\/v2\/product\/267847","targetHints":{"allow":["GET"]}}],"collection":[{"href":"https:\/\/www.claret.cat\/es\/wp-json\/wp\/v2\/product"}],"about":[{"href":"https:\/\/www.claret.cat\/es\/wp-json\/wp\/v2\/types\/product"}],"wp:featuredmedia":[{"embeddable":true,"href":"https:\/\/www.claret.cat\/es\/wp-json\/wp\/v2\/media\/313561"}],"wp:attachment":[{"href":"https:\/\/www.claret.cat\/es\/wp-json\/wp\/v2\/media?parent=267847"}],"wp:term":[{"taxonomy":"product_brand","embeddable":true,"href":"https:\/\/www.claret.cat\/es\/wp-json\/wp\/v2\/product_brand?post=267847"},{"taxonomy":"product_cat","embeddable":true,"href":"https:\/\/www.claret.cat\/es\/wp-json\/wp\/v2\/product_cat?post=267847"},{"taxonomy":"product_tag","embeddable":true,"href":"https:\/\/www.claret.cat\/es\/wp-json\/wp\/v2\/product_tag?post=267847"}],"curies":[{"name":"wp","href":"https:\/\/api.w.org\/{rel}","templated":true}]}}