{"id":267850,"date":"2022-12-01T13:30:07","date_gmt":"2022-12-01T12:30:07","guid":{"rendered":"http:\/\/dev.claret.cat\/producte\/los-juguetes-magicos-de-la-familia-claus\/"},"modified":"2023-10-06T08:06:53","modified_gmt":"2023-10-06T06:06:53","slug":"los-juguetes-magicos-de-la-familia-claus-9788419094766","status":"publish","type":"product","link":"https:\/\/www.claret.cat\/es\/libro\/los-juguetes-magicos-de-la-familia-claus-9788419094766\/","title":{"rendered":"LOS JUGUETES M\u00c1GICOS DE LA FAMILIA CLAUS"},"content":{"rendered":"<p>*  Nico Claus trabaja con sus tres t\u00edos en la tienda de juguetes de los hermanos Claus. <br \/> *  El t\u00edo Juan fabrica los juguetes, el t\u00edo Luis los revisa y el t\u00edo Leo a\u00f1ade el toque m\u00e1gico. Y es que cada juguete fabricado en esta jugueter\u00eda tiene una chispa especial que significa que encontrar\u00e1 al ni\u00f1o para el que est\u00e1 destinado.<br \/> *  Un d\u00eda, el joven Nico observa a una ni\u00f1a con la cara pegada al escaparate de la jugueter\u00eda. Cuando la muchacha desaparece, \u00e9l la sigue y descubre que vive en la calle con muchos otros ni\u00f1os. Y ninguno de ellos ha tenido nunca un juguete. Esa noche, Nico promete que cada ni\u00f1o tendr\u00e1 el juguete de sus sue\u00f1os.<\/p>\n<p> Esta m\u00e1gica historia representa un alegre regalo acerca de la bondad, la amabilidad hacia los dem\u00e1s, la generosidad y el verdadero esp\u00edritu de la Navidad.<\/p>\n","protected":false},"excerpt":{"rendered":"<p>LITCHFIELD, DAVID<\/p>\n","protected":false},"featured_media":310284,"template":"","meta":{"_acf_changed":false,"om_disable_all_campaigns":false,"rs_blank_template":"","rs_page_bg_color":"","slide_template_v7":"","inline_featured_image":false,"_monsterinsights_skip_tracking":false,"_monsterinsights_sitenote_active":false,"_monsterinsights_sitenote_note":"","_monsterinsights_sitenote_category":0},"product_brand":[],"product_cat":[361],"product_tag":[],"class_list":{"0":"post-267850","1":"product","2":"type-product","3":"status-publish","4":"has-post-thumbnail","6":"product_cat-cuentos-para-ninos-0-6-anos","8":"first","9":"instock","10":"taxable","11":"shipping-taxable","12":"purchasable","13":"product-type-simple"},"acf":{"autor":"LITCHFIELD, DAVID","codart":"841909476","libros-coleccion":"INFANTIL","ediciones":"1","encuadernacion":"Carton\u00e9","fecha_de_publicacion":"01\/09\/2022","novedad":"1","paginas":"45","subtitulo":"","orden":"0","portada":"0","idioma":"spa","editorial":[{"ID":147554,"post_author":"3","post_date":"2022-10-14 11:51:27","post_date_gmt":"2022-10-14 09:51:27","post_content":"","post_title":"BLUME (Naturart)","post_excerpt":"","post_status":"publish","comment_status":"closed","ping_status":"closed","post_password":"","post_name":"blume-naturart","to_ping":"","pinged":"","post_modified":"2022-10-14 11:51:27","post_modified_gmt":"2022-10-14 09:51:27","post_content_filtered":"","post_parent":0,"guid":"http:\/\/dev.claret.cat\/editorial\/blume-naturart\/","menu_order":0,"post_type":"editorial","post_mime_type":"","comment_count":"0","filter":"raw"}],"autores-libros":[{"ID":153867,"post_author":"3","post_date":"2022-10-14 15:00:10","post_date_gmt":"2022-10-14 13:00:10","post_content":"","post_title":"DAVID LITCHFIELD","post_excerpt":"","post_status":"publish","comment_status":"closed","ping_status":"closed","post_password":"","post_name":"david-litchfield","to_ping":"","pinged":"","post_modified":"2022-10-14 15:00:10","post_modified_gmt":"2022-10-14 13:00:10","post_content_filtered":"","post_parent":0,"guid":"http:\/\/dev.claret.cat\/autor\/david-litchfield\/","menu_order":0,"post_type":"autor","post_mime_type":"","comment_count":"0","filter":"raw"}]},"aioseo_notices":[],"_links":{"self":[{"href":"https:\/\/www.claret.cat\/es\/wp-json\/wp\/v2\/product\/267850","targetHints":{"allow":["GET"]}}],"collection":[{"href":"https:\/\/www.claret.cat\/es\/wp-json\/wp\/v2\/product"}],"about":[{"href":"https:\/\/www.claret.cat\/es\/wp-json\/wp\/v2\/types\/product"}],"wp:featuredmedia":[{"embeddable":true,"href":"https:\/\/www.claret.cat\/es\/wp-json\/wp\/v2\/media\/310284"}],"wp:attachment":[{"href":"https:\/\/www.claret.cat\/es\/wp-json\/wp\/v2\/media?parent=267850"}],"wp:term":[{"taxonomy":"product_brand","embeddable":true,"href":"https:\/\/www.claret.cat\/es\/wp-json\/wp\/v2\/product_brand?post=267850"},{"taxonomy":"product_cat","embeddable":true,"href":"https:\/\/www.claret.cat\/es\/wp-json\/wp\/v2\/product_cat?post=267850"},{"taxonomy":"product_tag","embeddable":true,"href":"https:\/\/www.claret.cat\/es\/wp-json\/wp\/v2\/product_tag?post=267850"}],"curies":[{"name":"wp","href":"https:\/\/api.w.org\/{rel}","templated":true}]}}