{"id":267853,"date":"2022-12-01T13:30:08","date_gmt":"2022-12-01T12:30:08","guid":{"rendered":"http:\/\/dev.claret.cat\/producte\/les-joguines-magiques-de-la-familia-claus\/"},"modified":"2024-11-25T18:05:13","modified_gmt":"2024-11-25T17:05:13","slug":"les-joguines-magiques-de-la-familia-claus-9788419094773","status":"publish","type":"product","link":"https:\/\/www.claret.cat\/es\/libro\/les-joguines-magiques-de-la-familia-claus-9788419094773\/","title":{"rendered":"LES JOGUINES M\u00c0GIQUES DE LA FAMILIA CLAUS"},"content":{"rendered":"<p>* El Nico Claus treballa amb els seus tres oncles a la botiga Joguines Germans Claus. <br \/> * L&#8221;oncle Joan fabrica les joguines, l&#8221;oncle Llu\u00eds les revisa i l&#8221;oncle Leo hi dona el to m\u00e0gic! I \u00e9s que cada joguina fabricada a la botiga dels germans Claus t\u00e9 una gr\u00e0cia especial que fa que trobi el nen o nena a qui est\u00e0 destinada.<br \/> * Un dia el jove Nico veu una nena amb la cara enganxada a l&#8221;aparador de la botiga. Quan desapareix, el Nico la segueix i descobreix que viu al carrer amb molts altres infants. Cap d&#8221;ells no ha tingut mai una joguina. Aquella nit, el Nico promet que cada nen tindr\u00e0 la joguina dels seus somnis, i aix\u00ed neix una nova llegenda sobre el pare Noel.<\/p>\n<p> Aquesta hist\u00f2ria m\u00e0gica \u00e9s un regal d&#8221;all\u00f2 m\u00e9s alegre basat en la bondat, l&#8221;amabilitat vers els altres, la generositat i l&#8221;aut\u00e8ntic esperit del Nadal.<\/p>\n","protected":false},"excerpt":{"rendered":"<p>LITCHFIELD, DAVID<\/p>\n","protected":false},"featured_media":267854,"template":"","meta":{"_acf_changed":false,"om_disable_all_campaigns":false,"rs_blank_template":"","rs_page_bg_color":"","slide_template_v7":"","inline_featured_image":false,"_monsterinsights_skip_tracking":false,"_monsterinsights_sitenote_active":false,"_monsterinsights_sitenote_note":"","_monsterinsights_sitenote_category":0},"product_brand":[],"product_cat":[131,361],"product_tag":[],"class_list":{"0":"post-267853","1":"product","2":"type-product","3":"status-publish","4":"has-post-thumbnail","6":"product_cat-contes-per-infants-0-6-anys","7":"product_cat-cuentos-para-ninos-0-6-anos","9":"first","10":"instock","11":"taxable","12":"shipping-taxable","13":"purchasable","14":"product-type-simple"},"acf":{"autor":"LITCHFIELD, DAVID","codart":"841909477","libros-coleccion":"","ediciones":"1","encuadernacion":"Carton\u00e9","fecha_de_publicacion":"01\/09\/2022","novedad":"1","paginas":"45","subtitulo":"","orden":"0","portada":"0","idioma":"cat","editorial":[{"ID":147554,"post_author":"3","post_date":"2022-10-14 11:51:27","post_date_gmt":"2022-10-14 09:51:27","post_content":"","post_title":"BLUME (Naturart)","post_excerpt":"","post_status":"publish","comment_status":"closed","ping_status":"closed","post_password":"","post_name":"blume-naturart","to_ping":"","pinged":"","post_modified":"2022-10-14 11:51:27","post_modified_gmt":"2022-10-14 09:51:27","post_content_filtered":"","post_parent":0,"guid":"http:\/\/dev.claret.cat\/editorial\/blume-naturart\/","menu_order":0,"post_type":"editorial","post_mime_type":"","comment_count":"0","filter":"raw"}],"autores-libros":[{"ID":153867,"post_author":"3","post_date":"2022-10-14 15:00:10","post_date_gmt":"2022-10-14 13:00:10","post_content":"","post_title":"DAVID LITCHFIELD","post_excerpt":"","post_status":"publish","comment_status":"closed","ping_status":"closed","post_password":"","post_name":"david-litchfield","to_ping":"","pinged":"","post_modified":"2022-10-14 15:00:10","post_modified_gmt":"2022-10-14 13:00:10","post_content_filtered":"","post_parent":0,"guid":"http:\/\/dev.claret.cat\/autor\/david-litchfield\/","menu_order":0,"post_type":"autor","post_mime_type":"","comment_count":"0","filter":"raw"}]},"aioseo_notices":[],"_links":{"self":[{"href":"https:\/\/www.claret.cat\/es\/wp-json\/wp\/v2\/product\/267853","targetHints":{"allow":["GET"]}}],"collection":[{"href":"https:\/\/www.claret.cat\/es\/wp-json\/wp\/v2\/product"}],"about":[{"href":"https:\/\/www.claret.cat\/es\/wp-json\/wp\/v2\/types\/product"}],"wp:featuredmedia":[{"embeddable":true,"href":"https:\/\/www.claret.cat\/es\/wp-json\/wp\/v2\/media\/267854"}],"wp:attachment":[{"href":"https:\/\/www.claret.cat\/es\/wp-json\/wp\/v2\/media?parent=267853"}],"wp:term":[{"taxonomy":"product_brand","embeddable":true,"href":"https:\/\/www.claret.cat\/es\/wp-json\/wp\/v2\/product_brand?post=267853"},{"taxonomy":"product_cat","embeddable":true,"href":"https:\/\/www.claret.cat\/es\/wp-json\/wp\/v2\/product_cat?post=267853"},{"taxonomy":"product_tag","embeddable":true,"href":"https:\/\/www.claret.cat\/es\/wp-json\/wp\/v2\/product_tag?post=267853"}],"curies":[{"name":"wp","href":"https:\/\/api.w.org\/{rel}","templated":true}]}}