{"id":267943,"date":"2022-12-01T13:32:31","date_gmt":"2022-12-01T12:32:31","guid":{"rendered":"http:\/\/dev.claret.cat\/producte\/estats-units-el-pais-de-les-contradiccions\/"},"modified":"2025-01-31T13:57:20","modified_gmt":"2025-01-31T12:57:20","slug":"estats-units-el-pais-de-les-contradiccions-9788418928673","status":"publish","type":"product","link":"https:\/\/www.claret.cat\/es\/libro\/estats-units-el-pais-de-les-contradiccions-9788418928673\/","title":{"rendered":"ESTATS UNITS, EL PA\u00cdS DE LES CONTRADICCIONS"},"content":{"rendered":"<p>Un retrat vibrant de l&#8217;etapa m\u00e9s convulsa de la hist\u00f2ria recent dels Estats Units, on la realitat ha superat definitivament la ficci\u00f3.<br \/> Quan Xesco Reverter va arribar com a corresponsal de TV3 als Estats Units, Donald Trump tot just comen\u00e7ava el seu mandat. L&#8217;auge del trumpisme va ser el detonant d&#8217;uns anys plens de turbul\u00e8ncies que han explicitat les contradiccions, les fractures, les crisis i els fantasmes que arrossega aquest pa\u00eds tan ric i fascinant com incapa\u00e7 d&#8217;evitar la polaritzaci\u00f3 extrema de la seva societat.<br \/> En aquest formidable exemple de periodisme literari, l&#8217;autor viatja a diferents punts del pa\u00eds i s&#8217;endinsa en la realitat americana per explicar-nos hist\u00f2ries incre\u00efbles de molts ciutadans que ha conegut de primera m\u00e0. Hi descobrirem els que pateixen el racisme estructural, la silenciosa epid\u00e8mia de les drogues, el cruel sistema penitenciari, la passi\u00f3 per les armes i les seves nefastes conseq\u00fc\u00e8ncies, els activistes de les revoltes populars i els que estan darrere de la derogaci\u00f3 del dret a l&#8217;avortament. Realitats tan diferents com les dels protagonistes del boom petrolier que ha canviat l&#8217;economia del planeta o les dels migrants irregulars que creuen la frontera de R\u00edo Grande somiant en un futur millor. I no hi podien faltar, tamb\u00e9, les interioritats d&#8221;alguns dels episodis m\u00e9s sonats i alarmants de la presid\u00e8ncia de Donald Trump.<br \/> \u00abLa primera pot\u00e8ncia \u00e9s un pa\u00eds excepcional en molts sentits, tamb\u00e9, i aix\u00f2 m&#8217;ha sobtat, per la profunditat, la complexitat i la perennitat dels seus problemes i contradiccions, que intento explicar i fer entendre en aquestes p\u00e0gines. A mi m&#8217;ha atrapat i fascinat m\u00e9s del que m&#8217;esperava; espero que a tu, lector, t&#8217;enganxin les seves hist\u00f2ries i els personatges que he conegut, i que la teva visi\u00f3 d&#8217;aquest gran pa\u00eds quan arribis a l&#8217;\u00faltima p\u00e0gina sigui m\u00e9s rica en matisos i coneixement que quan el vas comen\u00e7ar.\u00bb<\/p>\n","protected":false},"excerpt":{"rendered":"<p>REVERTER I BAQUER, XESCO<\/p>\n","protected":false},"featured_media":306632,"template":"","meta":{"_acf_changed":false,"om_disable_all_campaigns":false,"rs_blank_template":"","rs_page_bg_color":"","slide_template_v7":"","inline_featured_image":false,"_monsterinsights_skip_tracking":false,"_monsterinsights_sitenote_active":false,"_monsterinsights_sitenote_note":"","_monsterinsights_sitenote_category":0},"product_brand":[],"product_cat":[120,569],"product_tag":[],"class_list":{"0":"post-267943","1":"product","2":"type-product","3":"status-publish","4":"has-post-thumbnail","6":"product_cat-politica","7":"product_cat-politica-2_humanidades-spa","9":"first","10":"instock","11":"taxable","12":"shipping-taxable","13":"purchasable","14":"product-type-simple"},"acf":{"autor":"REVERTER I BAQUER, XESCO","codart":"841892867","libros-coleccion":"Pausa","ediciones":"1","encuadernacion":"R\u00fastica","fecha_de_publicacion":"01\/09\/2022","novedad":"1","paginas":"320","subtitulo":"","orden":"0","portada":"0","idioma":"cat","editorial":[{"ID":6124,"post_author":"3","post_date":"2022-07-28 17:45:24","post_date_gmt":"2022-07-28 15:45:24","post_content":"","post_title":"ARA LLIBRES,SCCL","post_excerpt":"","post_status":"publish","comment_status":"closed","ping_status":"closed","post_password":"","post_name":"ara-llibressccl","to_ping":"","pinged":"","post_modified":"2022-07-28 17:45:24","post_modified_gmt":"2022-07-28 15:45:24","post_content_filtered":"","post_parent":0,"guid":"http:\/\/dev.claret.cat\/editorial\/ara-llibressccl\/","menu_order":0,"post_type":"editorial","post_mime_type":"","comment_count":"0","filter":"raw"}],"autores-libros":[{"ID":263970,"post_author":"3","post_date":"2022-12-01 11:22:35","post_date_gmt":"2022-12-01 10:22:35","post_content":"","post_title":"XESCO REVERTER I BAQUER","post_excerpt":"","post_status":"publish","comment_status":"closed","ping_status":"closed","post_password":"","post_name":"xesco-reverter-i-baquer","to_ping":"","pinged":"","post_modified":"2022-12-01 11:22:35","post_modified_gmt":"2022-12-01 10:22:35","post_content_filtered":"","post_parent":0,"guid":"http:\/\/dev.claret.cat\/autor\/xesco-reverter-i-baquer\/","menu_order":0,"post_type":"autor","post_mime_type":"","comment_count":"0","filter":"raw"}]},"aioseo_notices":[],"_links":{"self":[{"href":"https:\/\/www.claret.cat\/es\/wp-json\/wp\/v2\/product\/267943","targetHints":{"allow":["GET"]}}],"collection":[{"href":"https:\/\/www.claret.cat\/es\/wp-json\/wp\/v2\/product"}],"about":[{"href":"https:\/\/www.claret.cat\/es\/wp-json\/wp\/v2\/types\/product"}],"wp:featuredmedia":[{"embeddable":true,"href":"https:\/\/www.claret.cat\/es\/wp-json\/wp\/v2\/media\/306632"}],"wp:attachment":[{"href":"https:\/\/www.claret.cat\/es\/wp-json\/wp\/v2\/media?parent=267943"}],"wp:term":[{"taxonomy":"product_brand","embeddable":true,"href":"https:\/\/www.claret.cat\/es\/wp-json\/wp\/v2\/product_brand?post=267943"},{"taxonomy":"product_cat","embeddable":true,"href":"https:\/\/www.claret.cat\/es\/wp-json\/wp\/v2\/product_cat?post=267943"},{"taxonomy":"product_tag","embeddable":true,"href":"https:\/\/www.claret.cat\/es\/wp-json\/wp\/v2\/product_tag?post=267943"}],"curies":[{"name":"wp","href":"https:\/\/api.w.org\/{rel}","templated":true}]}}