{"id":267967,"date":"2022-12-01T13:33:10","date_gmt":"2022-12-01T12:33:10","guid":{"rendered":"http:\/\/dev.claret.cat\/producte\/com-cuidar-el-tio-i-evitar-que-cagui-abans-dhora\/"},"modified":"2025-11-12T12:05:46","modified_gmt":"2025-11-12T11:05:46","slug":"com-cuidar-el-tio-i-evitar-que-cagui-abans-dhora-9788447949045","status":"publish","type":"product","link":"https:\/\/www.claret.cat\/es\/libro\/com-cuidar-el-tio-i-evitar-que-cagui-abans-dhora-9788447949045\/","title":{"rendered":"COM CUIDAR EL TI\u00d3 I EVITAR QUE CAGUI ABANS D&#8221;HORA"},"content":{"rendered":"<p>Com arriben els tions a casa vostra? Conv\u00e9 donar cops de bast\u00f3 al Pare Noel o als Reis Mags? Quan feu cagar el ti\u00f3, realment li feu mal? I, sobretot: com heu de cuidar el ti\u00f3 per evitar que cagui abans de Nadal? En aquest llibre trobareu, per fi, les respostes que est\u00e0veu esperant. I tamb\u00e9: 10 instruccions b\u00e0siques per cuidar el ti\u00f3.<\/p>\n","protected":false},"excerpt":{"rendered":"<p>VENDRELL CORRONS, OSCAR<\/p>\n","protected":false},"featured_media":315500,"template":"","meta":{"_acf_changed":false,"om_disable_all_campaigns":false,"rs_blank_template":"","rs_page_bg_color":"","slide_template_v7":"","inline_featured_image":false,"_monsterinsights_skip_tracking":false,"_monsterinsights_sitenote_active":false,"_monsterinsights_sitenote_note":"","_monsterinsights_sitenote_category":0},"product_brand":[],"product_cat":[131,361],"product_tag":[],"class_list":{"0":"post-267967","1":"product","2":"type-product","3":"status-publish","4":"has-post-thumbnail","6":"product_cat-contes-per-infants-0-6-anys","7":"product_cat-cuentos-para-ninos-0-6-anos","9":"first","10":"instock","11":"taxable","12":"shipping-taxable","13":"purchasable","14":"product-type-simple"},"acf":{"autor":"VENDRELL CORRONS, OSCAR","codart":"844794904","libros-coleccion":"\u00c0lbum","ediciones":"1","encuadernacion":"Carton\u00e9","fecha_de_publicacion":"01\/09\/2022","novedad":"1","paginas":"40","subtitulo":"","orden":"0","portada":"0","idioma":"cat","editorial":[{"ID":147536,"post_author":"3","post_date":"2022-10-14 11:51:19","post_date_gmt":"2022-10-14 09:51:19","post_content":"","post_title":"BAULA-EDELVIVES-VALENCIANO\/CATALAN-TXT-","post_excerpt":"","post_status":"publish","comment_status":"closed","ping_status":"closed","post_password":"","post_name":"baula-edelvives-valenciano-catalan-txt","to_ping":"","pinged":"","post_modified":"2022-10-14 11:51:19","post_modified_gmt":"2022-10-14 09:51:19","post_content_filtered":"","post_parent":0,"guid":"http:\/\/dev.claret.cat\/editorial\/baula-edelvives-valenciano-catalan-txt\/","menu_order":0,"post_type":"editorial","post_mime_type":"","comment_count":"0","filter":"raw"}],"autores-libros":[{"ID":166338,"post_author":"3","post_date":"2022-10-14 18:02:21","post_date_gmt":"2022-10-14 16:02:21","post_content":"","post_title":"\u00d2SCAR VENDRELL CORRONS","post_excerpt":"","post_status":"publish","comment_status":"closed","ping_status":"closed","post_password":"","post_name":"oscar-vendrell-corrons","to_ping":"","pinged":"","post_modified":"2022-10-14 18:02:21","post_modified_gmt":"2022-10-14 16:02:21","post_content_filtered":"","post_parent":0,"guid":"http:\/\/dev.claret.cat\/autor\/oscar-vendrell-corrons\/","menu_order":0,"post_type":"autor","post_mime_type":"","comment_count":"0","filter":"raw"}],"booktrailer":"","resenas":""},"aioseo_notices":[],"_links":{"self":[{"href":"https:\/\/www.claret.cat\/es\/wp-json\/wp\/v2\/product\/267967","targetHints":{"allow":["GET"]}}],"collection":[{"href":"https:\/\/www.claret.cat\/es\/wp-json\/wp\/v2\/product"}],"about":[{"href":"https:\/\/www.claret.cat\/es\/wp-json\/wp\/v2\/types\/product"}],"wp:featuredmedia":[{"embeddable":true,"href":"https:\/\/www.claret.cat\/es\/wp-json\/wp\/v2\/media\/315500"}],"wp:attachment":[{"href":"https:\/\/www.claret.cat\/es\/wp-json\/wp\/v2\/media?parent=267967"}],"wp:term":[{"taxonomy":"product_brand","embeddable":true,"href":"https:\/\/www.claret.cat\/es\/wp-json\/wp\/v2\/product_brand?post=267967"},{"taxonomy":"product_cat","embeddable":true,"href":"https:\/\/www.claret.cat\/es\/wp-json\/wp\/v2\/product_cat?post=267967"},{"taxonomy":"product_tag","embeddable":true,"href":"https:\/\/www.claret.cat\/es\/wp-json\/wp\/v2\/product_tag?post=267967"}],"curies":[{"name":"wp","href":"https:\/\/api.w.org\/{rel}","templated":true}]}}