{"id":267997,"date":"2022-12-01T13:33:59","date_gmt":"2022-12-01T12:33:59","guid":{"rendered":"http:\/\/dev.claret.cat\/producte\/cuina-catalana-tradicional-amb-terrissa\/"},"modified":"2023-10-06T08:13:17","modified_gmt":"2023-10-06T06:13:17","slug":"cuina-catalana-tradicional-amb-terrissa-9788417116620","status":"publish","type":"product","link":"https:\/\/www.claret.cat\/es\/libro\/cuina-catalana-tradicional-amb-terrissa-9788417116620\/","title":{"rendered":"CUINA CATALANA TRADICIONAL AMB TERRISSA"},"content":{"rendered":"<p>La terrissa ha estat el material fonamental de la cuina catalana, que \u00e9s inimaginable sense les olles, cassoles i altres atuells fets amb aquest material popular, envernissat o sense. Cuinar amb fang \u00e9s un tast d\u2019hist\u00f2ria que ens submergeix al Paleol\u00edtic i a la cuina de les nostres mares i \u00e0vies. \u00c9s la cuina de l\u2019amor\u00f3s xup-xup, una que mai no haur\u00edem d\u2019oblidar. Una cuina sana, saborosa i sostenible, de la terra i nascuda de la terra.<\/p>\n<p>En aquest llibre hi trobareu tots els secrets de cuina amb terrissa, amb grans receptes dels Pa\u00efsos Catalans, amb principal esment als centres terrissaires, com Breda, La Bisbal, Quart o Verd\u00fa. Tota la cultura i els secrets de la cuina de la terrissa al vostre abast: la hist\u00f2ria, els obradors, els museus, les t\u00e8cniques i usos i els plats.<\/p>\n","protected":false},"excerpt":{"rendered":"<p>F\u00c0BREGA, JAUME<\/p>\n","protected":false},"featured_media":267998,"template":"","meta":{"_acf_changed":false,"om_disable_all_campaigns":false,"rs_blank_template":"","rs_page_bg_color":"","slide_template_v7":"","inline_featured_image":false,"_monsterinsights_skip_tracking":false,"_monsterinsights_sitenote_active":false,"_monsterinsights_sitenote_note":"","_monsterinsights_sitenote_category":0},"product_brand":[],"product_cat":[103],"product_tag":[],"class_list":{"0":"post-267997","1":"product","2":"type-product","3":"status-publish","4":"has-post-thumbnail","6":"product_cat-cuina","8":"first","9":"instock","10":"taxable","11":"shipping-taxable","12":"purchasable","13":"product-type-simple"},"acf":{"autor":"F\u00c0BREGA, JAUME","codart":"841711662","libros-coleccion":"REBOST I CUINA","ediciones":"1","encuadernacion":"R\u00fastica","fecha_de_publicacion":"01\/09\/2022","novedad":"1","paginas":"128","subtitulo":"","orden":"0","portada":"0","idioma":"cat","editorial":[{"ID":6255,"post_author":"3","post_date":"2022-07-28 17:48:16","post_date_gmt":"2022-07-28 15:48:16","post_content":"","post_title":"FARELL EDITORS I DISSENYADORS","post_excerpt":"","post_status":"publish","comment_status":"closed","ping_status":"closed","post_password":"","post_name":"farell-editors-i-dissenyadors","to_ping":"","pinged":"","post_modified":"2022-07-28 17:48:16","post_modified_gmt":"2022-07-28 15:48:16","post_content_filtered":"","post_parent":0,"guid":"http:\/\/dev.claret.cat\/editorial\/farell-editors-i-dissenyadors\/","menu_order":0,"post_type":"editorial","post_mime_type":"","comment_count":"0","filter":"raw"}],"autores-libros":[{"ID":158583,"post_author":"3","post_date":"2022-10-14 15:38:00","post_date_gmt":"2022-10-14 13:38:00","post_content":"","post_title":"JAUME F\u00c0BREGA","post_excerpt":"","post_status":"publish","comment_status":"closed","ping_status":"closed","post_password":"","post_name":"jaume-fabrega","to_ping":"","pinged":"","post_modified":"2022-10-14 15:38:00","post_modified_gmt":"2022-10-14 13:38:00","post_content_filtered":"","post_parent":0,"guid":"http:\/\/dev.claret.cat\/autor\/jaume-fabrega\/","menu_order":0,"post_type":"autor","post_mime_type":"","comment_count":"0","filter":"raw"}]},"aioseo_notices":[],"_links":{"self":[{"href":"https:\/\/www.claret.cat\/es\/wp-json\/wp\/v2\/product\/267997","targetHints":{"allow":["GET"]}}],"collection":[{"href":"https:\/\/www.claret.cat\/es\/wp-json\/wp\/v2\/product"}],"about":[{"href":"https:\/\/www.claret.cat\/es\/wp-json\/wp\/v2\/types\/product"}],"wp:featuredmedia":[{"embeddable":true,"href":"https:\/\/www.claret.cat\/es\/wp-json\/wp\/v2\/media\/267998"}],"wp:attachment":[{"href":"https:\/\/www.claret.cat\/es\/wp-json\/wp\/v2\/media?parent=267997"}],"wp:term":[{"taxonomy":"product_brand","embeddable":true,"href":"https:\/\/www.claret.cat\/es\/wp-json\/wp\/v2\/product_brand?post=267997"},{"taxonomy":"product_cat","embeddable":true,"href":"https:\/\/www.claret.cat\/es\/wp-json\/wp\/v2\/product_cat?post=267997"},{"taxonomy":"product_tag","embeddable":true,"href":"https:\/\/www.claret.cat\/es\/wp-json\/wp\/v2\/product_tag?post=267997"}],"curies":[{"name":"wp","href":"https:\/\/api.w.org\/{rel}","templated":true}]}}