{"id":268039,"date":"2022-12-01T13:35:04","date_gmt":"2022-12-01T12:35:04","guid":{"rendered":"http:\/\/dev.claret.cat\/producte\/prohibida-lentrada-als-elefants-2\/"},"modified":"2023-11-27T13:30:50","modified_gmt":"2023-11-27T12:30:50","slug":"prohibida-lentrada-als-elefants-9788419094711","status":"publish","type":"product","link":"https:\/\/www.claret.cat\/es\/libro\/prohibida-lentrada-als-elefants-9788419094711\/","title":{"rendered":"PROHIBIDA L&#8217;ENTRADA ALS ELEFANTS"},"content":{"rendered":"<p>\u00abEl problema que t\u00e9 adoptar un elefantet com a animal de companyia \u00e9s que la gent no ho veu amb bons ulls. I \u00e9s que ning\u00fa m\u00e9s no t\u00e9 un elefant a casa. Cada dia trec a passejar el meu elefant. Val a dir que \u00e9s molt considerat, i per res del m\u00f3n no deixaria que em mull\u00e9s. No li agraden gaire les esquerdes de la vorera. Sempre l&#8221;he d&#8221;agafar a coll perqu\u00e8 passi. Aix\u00f2 \u00e9s el que fan els amics: ajudar-se per poder saltar les esquerdes\u00bb.<\/p>\n<p> Una dol\u00e7a hist\u00f2ria que capta la m\u00e0gia de l&#8221;amistat i l&#8221;alegria de conviure amb una mascota.<\/p>\n","protected":false},"excerpt":{"rendered":"<p>MANTCHEV, LISA \/ YOO, TAEEUN<\/p>\n","protected":false},"featured_media":943304,"template":"","meta":{"_acf_changed":false,"om_disable_all_campaigns":false,"rs_blank_template":"","rs_page_bg_color":"","slide_template_v7":"","inline_featured_image":false,"_monsterinsights_skip_tracking":false,"_monsterinsights_sitenote_active":false,"_monsterinsights_sitenote_note":"","_monsterinsights_sitenote_category":0},"product_brand":[],"product_cat":[131,361],"product_tag":[],"class_list":{"0":"post-268039","1":"product","2":"type-product","3":"status-publish","4":"has-post-thumbnail","6":"product_cat-contes-per-infants-0-6-anys","7":"product_cat-cuentos-para-ninos-0-6-anos","9":"first","10":"instock","11":"taxable","12":"shipping-taxable","13":"purchasable","14":"product-type-simple"},"acf":{"autor":"MANTCHEV, LISA \/ YOO, TAEEUN","codart":"841909471","libros-coleccion":"","ediciones":"1","encuadernacion":"Carton\u00e9","fecha_de_publicacion":"01\/08\/2022","novedad":"1","paginas":"45","subtitulo":"","orden":"0","portada":"0","idioma":"cat","editorial":[{"ID":147554,"post_author":"3","post_date":"2022-10-14 11:51:27","post_date_gmt":"2022-10-14 09:51:27","post_content":"","post_title":"BLUME (Naturart)","post_excerpt":"","post_status":"publish","comment_status":"closed","ping_status":"closed","post_password":"","post_name":"blume-naturart","to_ping":"","pinged":"","post_modified":"2022-10-14 11:51:27","post_modified_gmt":"2022-10-14 09:51:27","post_content_filtered":"","post_parent":0,"guid":"http:\/\/dev.claret.cat\/editorial\/blume-naturart\/","menu_order":0,"post_type":"editorial","post_mime_type":"","comment_count":"0","filter":"raw"}],"autores-libros":[{"ID":263679,"post_author":"3","post_date":"2022-12-01 11:19:44","post_date_gmt":"2022-12-01 10:19:44","post_content":"","post_title":"LISA MANTCHEV","post_excerpt":"","post_status":"publish","comment_status":"closed","ping_status":"closed","post_password":"","post_name":"lisa-mantchev","to_ping":"","pinged":"","post_modified":"2022-12-01 11:19:44","post_modified_gmt":"2022-12-01 10:19:44","post_content_filtered":"","post_parent":0,"guid":"http:\/\/dev.claret.cat\/autor\/lisa-mantchev\/","menu_order":0,"post_type":"autor","post_mime_type":"","comment_count":"0","filter":"raw"},{"ID":263932,"post_author":"3","post_date":"2022-12-01 11:22:12","post_date_gmt":"2022-12-01 10:22:12","post_content":"","post_title":"TAEEUN YOO","post_excerpt":"","post_status":"publish","comment_status":"closed","ping_status":"closed","post_password":"","post_name":"taeeun-yoo","to_ping":"","pinged":"","post_modified":"2022-12-01 11:22:12","post_modified_gmt":"2022-12-01 10:22:12","post_content_filtered":"","post_parent":0,"guid":"http:\/\/dev.claret.cat\/autor\/taeeun-yoo\/","menu_order":0,"post_type":"autor","post_mime_type":"","comment_count":"0","filter":"raw"}]},"aioseo_notices":[],"_links":{"self":[{"href":"https:\/\/www.claret.cat\/es\/wp-json\/wp\/v2\/product\/268039","targetHints":{"allow":["GET"]}}],"collection":[{"href":"https:\/\/www.claret.cat\/es\/wp-json\/wp\/v2\/product"}],"about":[{"href":"https:\/\/www.claret.cat\/es\/wp-json\/wp\/v2\/types\/product"}],"wp:featuredmedia":[{"embeddable":true,"href":"https:\/\/www.claret.cat\/es\/wp-json\/wp\/v2\/media\/943304"}],"wp:attachment":[{"href":"https:\/\/www.claret.cat\/es\/wp-json\/wp\/v2\/media?parent=268039"}],"wp:term":[{"taxonomy":"product_brand","embeddable":true,"href":"https:\/\/www.claret.cat\/es\/wp-json\/wp\/v2\/product_brand?post=268039"},{"taxonomy":"product_cat","embeddable":true,"href":"https:\/\/www.claret.cat\/es\/wp-json\/wp\/v2\/product_cat?post=268039"},{"taxonomy":"product_tag","embeddable":true,"href":"https:\/\/www.claret.cat\/es\/wp-json\/wp\/v2\/product_tag?post=268039"}],"curies":[{"name":"wp","href":"https:\/\/api.w.org\/{rel}","templated":true}]}}