{"id":268087,"date":"2022-12-01T13:36:15","date_gmt":"2022-12-01T12:36:15","guid":{"rendered":"http:\/\/dev.claret.cat\/producte\/capria-1-despierta-tu-magia\/"},"modified":"2023-10-06T08:39:39","modified_gmt":"2023-10-06T06:39:39","slug":"capria-1-despierta-tu-magia-9788419357564","status":"publish","type":"product","link":"https:\/\/www.claret.cat\/es\/libro\/capria-1-despierta-tu-magia-9788419357564\/","title":{"rendered":"CAPRIA 1 &#8211; DESPIERTA TU MAGIA"},"content":{"rendered":"<p>UNA NUEVA SERIE DE AVENTURAS Y MISTERIO DE MARTINA D&#8221;ANTIOCHIA QUE TE LLEVAR\u00c1 A OTRO MUNDO. EL MUNDO DE ELENA EST\u00c1 A PUNTO DE CAMBIAR&#8230; PERO ELLA A\u00daN NO LO SABE. Elena ha recibido un REGALO muy especial. Especial porque era de su abuela, no porque le vaya a servir de mucho:  \u00bfqu\u00e9 se supone que tiene que hacer con esa cosa antigua y oxidada? Todo cambiar\u00e1 cuando descubra que ese regalo tiene el PODER para entrar  en un mundo lleno de secretos, donde encontrar\u00e1 respuestas a todas sus preguntas y tambi\u00e9n descubrir\u00e1 qui\u00e9n es ella realmente. Un mundo que DESPERTAR\u00c1 SU MAGIA. El nuevo mundo m\u00e1gico de la autora de La Diversi\u00f3n de Martina, el fen\u00f3meno que supera los 800.000 lectores<\/p>\n","protected":false},"excerpt":{"rendered":"<p>D&#8217;ANTIOCHIA, MARTINA<\/p>\n","protected":false},"featured_media":451342,"template":"","meta":{"_acf_changed":false,"om_disable_all_campaigns":false,"rs_blank_template":"","rs_page_bg_color":"","slide_template_v7":"","inline_featured_image":false,"_monsterinsights_skip_tracking":false,"_monsterinsights_sitenote_active":false,"_monsterinsights_sitenote_note":"","_monsterinsights_sitenote_category":0},"product_brand":[],"product_cat":[362],"product_tag":[],"class_list":{"0":"post-268087","1":"product","2":"type-product","3":"status-publish","4":"has-post-thumbnail","6":"product_cat-libros-preadolescentes-6-12-anos","8":"first","9":"instock","10":"taxable","11":"shipping-taxable","12":"purchasable","13":"product-type-simple"},"acf":{"autor":"D'ANTIOCHIA, MARTINA","codart":"841935756","libros-coleccion":"FORA DE COL.LECCI\u00d3","ediciones":"1","encuadernacion":"Carton\u00e9","fecha_de_publicacion":"01\/07\/2022","novedad":"1","paginas":"155","subtitulo":"","orden":"0","portada":"0","idioma":"spa","editorial":[{"ID":6310,"post_author":"3","post_date":"2022-07-28 17:49:26","post_date_gmt":"2022-07-28 15:49:26","post_content":"","post_title":"MONTENA","post_excerpt":"","post_status":"publish","comment_status":"closed","ping_status":"closed","post_password":"","post_name":"montena","to_ping":"","pinged":"","post_modified":"2022-07-28 17:49:26","post_modified_gmt":"2022-07-28 15:49:26","post_content_filtered":"","post_parent":0,"guid":"http:\/\/dev.claret.cat\/editorial\/montena\/","menu_order":0,"post_type":"editorial","post_mime_type":"","comment_count":"0","filter":"raw"}],"autores-libros":[{"ID":164327,"post_author":"3","post_date":"2022-10-14 17:46:11","post_date_gmt":"2022-10-14 15:46:11","post_content":"","post_title":"MARTINA D\u00b4ANTIOCHIA","post_excerpt":"","post_status":"publish","comment_status":"closed","ping_status":"closed","post_password":"","post_name":"martina-dantiochia-2","to_ping":"","pinged":"","post_modified":"2022-10-14 17:46:11","post_modified_gmt":"2022-10-14 15:46:11","post_content_filtered":"","post_parent":0,"guid":"http:\/\/dev.claret.cat\/autor\/martina-dantiochia-2\/","menu_order":0,"post_type":"autor","post_mime_type":"","comment_count":"0","filter":"raw"}]},"aioseo_notices":[],"_links":{"self":[{"href":"https:\/\/www.claret.cat\/es\/wp-json\/wp\/v2\/product\/268087","targetHints":{"allow":["GET"]}}],"collection":[{"href":"https:\/\/www.claret.cat\/es\/wp-json\/wp\/v2\/product"}],"about":[{"href":"https:\/\/www.claret.cat\/es\/wp-json\/wp\/v2\/types\/product"}],"wp:featuredmedia":[{"embeddable":true,"href":"https:\/\/www.claret.cat\/es\/wp-json\/wp\/v2\/media\/451342"}],"wp:attachment":[{"href":"https:\/\/www.claret.cat\/es\/wp-json\/wp\/v2\/media?parent=268087"}],"wp:term":[{"taxonomy":"product_brand","embeddable":true,"href":"https:\/\/www.claret.cat\/es\/wp-json\/wp\/v2\/product_brand?post=268087"},{"taxonomy":"product_cat","embeddable":true,"href":"https:\/\/www.claret.cat\/es\/wp-json\/wp\/v2\/product_cat?post=268087"},{"taxonomy":"product_tag","embeddable":true,"href":"https:\/\/www.claret.cat\/es\/wp-json\/wp\/v2\/product_tag?post=268087"}],"curies":[{"name":"wp","href":"https:\/\/api.w.org\/{rel}","templated":true}]}}