{"id":268102,"date":"2022-12-01T13:36:37","date_gmt":"2022-12-01T12:36:37","guid":{"rendered":"http:\/\/dev.claret.cat\/producte\/a-soles-2\/"},"modified":"2023-10-06T08:38:09","modified_gmt":"2023-10-06T06:38:09","slug":"a-soles-9788419017352","status":"publish","type":"product","link":"https:\/\/www.claret.cat\/es\/libro\/a-soles-9788419017352\/","title":{"rendered":"A SOLES"},"content":{"rendered":"<p>2A EDICI\u00d3 \u00abENFRONTAR-NOS A LA FOSCOR DELS DIUMENGES A LA TARDA, ALS &#8216;HO SENTO, JA HE QUEDAT&#8217;, A LA VERGONYA DE DEMANAR TAULA PER A UN, O D&#8217;ANAR AL CINE SOL, A LES MIRADES COMPASSIVES DELS ALTRES, A LES PARELLES ENAMORADES QUE ES MULTIPLIQUEN AL TEU VOLTANT I ES MOSTREN M\u00c9S AFECTUOSES QUE MAI, M\u00c9S FELICES, M\u00c9S SOMRIENTS&#8230; DE SOBTE, EL TEU CERVELL NOM\u00c9S VEU TOT EL QUE VOL TANT I NO ACONSEGUEIX TENIR, TOT EL QUE HA PERDUT.\u00bb En el m\u00f3n actual, i sobretot a partir d&#8217;una determinada edat, sembla que la solitud s&#8217;ent\u00e9n com un frac\u00e0s: estar solter, divorciat o separat s\u00f3n situacions que cal evitar, o que hem de superar com m\u00e9s aviat millor. Per\u00f2 en realitat, saber estar sol \u00e9s indispensable i un signe d&#8221;aut\u00e8ntica maduresa, d&#8217;autonomia i de riquesa personal. Silvia Congost, una de les psic\u00f2logues m\u00e9s reconegudes del nostre pa\u00eds, ens convida a perdre la por a la solitud. Aprendre a escoltar-nos, a dialogar amb les nostres pors i a calmar-les \u00e9s el cam\u00ed que ens porta a tenir una exist\u00e8ncia plena i sense imposicions socials. _A soles_ \u00e9s l&#8217;oportunitat d&#8217;un aprenentatge que, si el sabem aprofitar, ens servir\u00e0 per a tota la nostra vida.<\/p>\n","protected":false},"excerpt":{"rendered":"<p>CONGOST PROVENSAL, SILVIA<\/p>\n","protected":false},"featured_media":318752,"template":"","meta":{"_acf_changed":false,"om_disable_all_campaigns":false,"rs_blank_template":"","rs_page_bg_color":"","slide_template_v7":"","inline_featured_image":false,"_monsterinsights_skip_tracking":false,"_monsterinsights_sitenote_active":false,"_monsterinsights_sitenote_note":"","_monsterinsights_sitenote_category":0},"product_brand":[],"product_cat":[179],"product_tag":[],"class_list":{"0":"post-268102","1":"product","2":"type-product","3":"status-publish","4":"has-post-thumbnail","6":"product_cat-autoajuda-i-salut-mental","8":"first","9":"instock","10":"taxable","11":"shipping-taxable","12":"purchasable","13":"product-type-simple"},"acf":{"autor":"CONGOST PROVENSAL, SILVIA","codart":"841901735","libros-coleccion":"Inspira","ediciones":"1","encuadernacion":"R\u00fastica","fecha_de_publicacion":"01\/07\/2022","novedad":"1","paginas":"302","subtitulo":"DESCOBREIX EL PLAER D'ESTAR AMB TU MATEIX","orden":"0","portada":"0","idioma":"cat","editorial":[{"ID":6122,"post_author":"3","post_date":"2022-07-28 17:45:22","post_date_gmt":"2022-07-28 15:45:22","post_content":"","post_title":"ANGLE EDITORIAL","post_excerpt":"","post_status":"publish","comment_status":"closed","ping_status":"closed","post_password":"","post_name":"angle-editorial","to_ping":"","pinged":"","post_modified":"2022-07-28 17:45:22","post_modified_gmt":"2022-07-28 15:45:22","post_content_filtered":"","post_parent":0,"guid":"http:\/\/dev.claret.cat\/editorial\/angle-editorial\/","menu_order":0,"post_type":"editorial","post_mime_type":"","comment_count":"0","filter":"raw"}],"autores-libros":[{"ID":169495,"post_author":"3","post_date":"2022-10-14 22:27:41","post_date_gmt":"2022-10-14 20:27:41","post_content":"","post_title":"SILVIA CONGOST PROVENSAL","post_excerpt":"","post_status":"publish","comment_status":"closed","ping_status":"closed","post_password":"","post_name":"silvia-congost-provensal","to_ping":"","pinged":"","post_modified":"2022-10-14 22:27:41","post_modified_gmt":"2022-10-14 20:27:41","post_content_filtered":"","post_parent":0,"guid":"http:\/\/dev.claret.cat\/autor\/silvia-congost-provensal\/","menu_order":0,"post_type":"autor","post_mime_type":"","comment_count":"0","filter":"raw"}]},"aioseo_notices":[],"_links":{"self":[{"href":"https:\/\/www.claret.cat\/es\/wp-json\/wp\/v2\/product\/268102","targetHints":{"allow":["GET"]}}],"collection":[{"href":"https:\/\/www.claret.cat\/es\/wp-json\/wp\/v2\/product"}],"about":[{"href":"https:\/\/www.claret.cat\/es\/wp-json\/wp\/v2\/types\/product"}],"wp:featuredmedia":[{"embeddable":true,"href":"https:\/\/www.claret.cat\/es\/wp-json\/wp\/v2\/media\/318752"}],"wp:attachment":[{"href":"https:\/\/www.claret.cat\/es\/wp-json\/wp\/v2\/media?parent=268102"}],"wp:term":[{"taxonomy":"product_brand","embeddable":true,"href":"https:\/\/www.claret.cat\/es\/wp-json\/wp\/v2\/product_brand?post=268102"},{"taxonomy":"product_cat","embeddable":true,"href":"https:\/\/www.claret.cat\/es\/wp-json\/wp\/v2\/product_cat?post=268102"},{"taxonomy":"product_tag","embeddable":true,"href":"https:\/\/www.claret.cat\/es\/wp-json\/wp\/v2\/product_tag?post=268102"}],"curies":[{"name":"wp","href":"https:\/\/api.w.org\/{rel}","templated":true}]}}