{"id":268204,"date":"2022-12-01T13:39:07","date_gmt":"2022-12-01T12:39:07","guid":{"rendered":"http:\/\/dev.claret.cat\/producte\/sherlock-holmes-el-signo-de-los-cuatro\/"},"modified":"2024-04-24T17:30:07","modified_gmt":"2024-04-24T15:30:07","slug":"sherlock-holmes-el-signo-de-los-cuatro-9788418667350","status":"publish","type":"product","link":"https:\/\/www.claret.cat\/es\/libro\/sherlock-holmes-el-signo-de-los-cuatro-9788418667350\/","title":{"rendered":"SHERLOCK HOLMES: EL SIGNO DE LOS CUATRO"},"content":{"rendered":"<p>&#8216;Espere ESTA TARDE a las siete en el exterior del teatro Lyceum, en el  tercer pilar empezando por la izquierda. Si es desconfiada, venga acompa\u00f1ada de dos amigos. Ha sido usted agraviada y se le har\u00e1 JUSTICIA. No llame a la polic\u00eda. Si lo hace, todo ser\u00e1 en vano.&#8217; Cuando se le pide a Holmes que investigue un cr\u00edptico mensaje recibido por Mary Morstan, ni \u00e9l ni Watson esperan verse envueltos en una red de traiciones de d\u00e9cadas de antig\u00fcedad. Pronto estar\u00e1n realizando peligrosas expediciones a la luz de la luna para descubrir el significado del signo de los cuatro y resolver un crimen enterrado hace mucho tiempo.<\/p>\n","protected":false},"excerpt":{"rendered":"<p>CONAN DOYLE, ARTHUR<\/p>\n","protected":false},"featured_media":268205,"template":"","meta":{"_acf_changed":false,"om_disable_all_campaigns":false,"rs_blank_template":"","rs_page_bg_color":"","slide_template_v7":"","inline_featured_image":false,"_monsterinsights_skip_tracking":false,"_monsterinsights_sitenote_active":false,"_monsterinsights_sitenote_note":"","_monsterinsights_sitenote_category":0},"product_brand":[],"product_cat":[132,362],"product_tag":[],"class_list":{"0":"post-268204","1":"product","2":"type-product","3":"status-publish","4":"has-post-thumbnail","6":"product_cat-lectures-per-preadolescents-6-12-anys","7":"product_cat-libros-preadolescentes-6-12-anos","9":"first","10":"instock","11":"taxable","12":"shipping-taxable","13":"purchasable","14":"product-type-simple"},"acf":{"autor":"CONAN DOYLE, ARTHUR","codart":"841866735","libros-coleccion":"FORA DE COL.LECCI\u00d3","ediciones":"1","encuadernacion":"R\u00fastica","fecha_de_publicacion":"01\/04\/2022","novedad":"1","paginas":"253","subtitulo":"","orden":"0","portada":"0","idioma":"spa","editorial":[{"ID":147937,"post_author":"3","post_date":"2022-10-14 11:54:23","post_date_gmt":"2022-10-14 09:54:23","post_content":"","post_title":"Editorial Bulul\u00fa","post_excerpt":"","post_status":"publish","comment_status":"closed","ping_status":"closed","post_password":"","post_name":"editorial-bululu","to_ping":"","pinged":"","post_modified":"2022-10-14 11:54:23","post_modified_gmt":"2022-10-14 09:54:23","post_content_filtered":"","post_parent":0,"guid":"http:\/\/dev.claret.cat\/editorial\/editorial-bululu\/","menu_order":0,"post_type":"editorial","post_mime_type":"","comment_count":"0","filter":"raw"}],"autores-libros":[{"ID":151143,"post_author":"3","post_date":"2022-10-14 14:38:32","post_date_gmt":"2022-10-14 12:38:32","post_content":"","post_title":"ARTHUR CONAN DOYLE","post_excerpt":"","post_status":"publish","comment_status":"closed","ping_status":"closed","post_password":"","post_name":"arthur-conan-doyle-2","to_ping":"","pinged":"","post_modified":"2022-10-14 14:38:32","post_modified_gmt":"2022-10-14 12:38:32","post_content_filtered":"","post_parent":0,"guid":"http:\/\/dev.claret.cat\/autor\/arthur-conan-doyle-2\/","menu_order":0,"post_type":"autor","post_mime_type":"","comment_count":"0","filter":"raw"}]},"aioseo_notices":[],"_links":{"self":[{"href":"https:\/\/www.claret.cat\/es\/wp-json\/wp\/v2\/product\/268204","targetHints":{"allow":["GET"]}}],"collection":[{"href":"https:\/\/www.claret.cat\/es\/wp-json\/wp\/v2\/product"}],"about":[{"href":"https:\/\/www.claret.cat\/es\/wp-json\/wp\/v2\/types\/product"}],"wp:featuredmedia":[{"embeddable":true,"href":"https:\/\/www.claret.cat\/es\/wp-json\/wp\/v2\/media\/268205"}],"wp:attachment":[{"href":"https:\/\/www.claret.cat\/es\/wp-json\/wp\/v2\/media?parent=268204"}],"wp:term":[{"taxonomy":"product_brand","embeddable":true,"href":"https:\/\/www.claret.cat\/es\/wp-json\/wp\/v2\/product_brand?post=268204"},{"taxonomy":"product_cat","embeddable":true,"href":"https:\/\/www.claret.cat\/es\/wp-json\/wp\/v2\/product_cat?post=268204"},{"taxonomy":"product_tag","embeddable":true,"href":"https:\/\/www.claret.cat\/es\/wp-json\/wp\/v2\/product_tag?post=268204"}],"curies":[{"name":"wp","href":"https:\/\/api.w.org\/{rel}","templated":true}]}}