{"id":268207,"date":"2022-12-01T13:39:12","date_gmt":"2022-12-01T12:39:12","guid":{"rendered":"http:\/\/dev.claret.cat\/producte\/sherlock-holmes-el-vampiro-de-sussex\/"},"modified":"2026-03-03T19:20:12","modified_gmt":"2026-03-03T18:20:12","slug":"sherlock-holmes-el-vampiro-de-sussex-9788418667374","status":"publish","type":"product","link":"https:\/\/www.claret.cat\/es\/libro\/sherlock-holmes-el-vampiro-de-sussex-9788418667374\/","title":{"rendered":"SHERLOCK HOLMES: EL VAMPIRO DE SUSSEX"},"content":{"rendered":"<p>&#8216;Estimado se\u00f1or, Nuestro cliente, el se\u00f1or Robert Ferguson, nos ha hecho una consulta sobre VAMPIROS. Dado que somos una empresa de ingenier\u00eda, no nos es posible asesorarlo en esta materia. \u00bfQuiz\u00e1 usted  nos pueda AYUDAR?&#8217; Holmes y Watson se enfrentan a su caso m\u00e1s extra\u00f1o hasta el momento cuando un marido angustiado acude a ellos desesperado por comprender el comportamiento extra\u00f1o de su esposa&#8230; \u00a1la ha pillado chupando la sangre de su beb\u00e9! Pero, los vampiros no existen&#8230; \u00bfo s\u00ed?<\/p>\n","protected":false},"excerpt":{"rendered":"<p>CONAN DOYLE, ARTHUR<\/p>\n","protected":false},"featured_media":268208,"template":"","meta":{"_acf_changed":false,"om_disable_all_campaigns":false,"rs_blank_template":"","rs_page_bg_color":"","slide_template_v7":"","inline_featured_image":false,"_monsterinsights_skip_tracking":false,"_monsterinsights_sitenote_active":false,"_monsterinsights_sitenote_note":"","_monsterinsights_sitenote_category":0},"product_brand":[],"product_cat":[132,362],"product_tag":[],"class_list":{"0":"post-268207","1":"product","2":"type-product","3":"status-publish","4":"has-post-thumbnail","6":"product_cat-lectures-per-preadolescents-6-12-anys","7":"product_cat-libros-preadolescentes-6-12-anos","9":"first","10":"instock","11":"taxable","12":"shipping-taxable","13":"purchasable","14":"product-type-simple"},"acf":{"autor":"CONAN DOYLE, ARTHUR","codart":"841866737","libros-coleccion":"FORA DE COL.LECCI\u00d3","ediciones":"1","encuadernacion":"R\u00fastica","fecha_de_publicacion":"01\/04\/2022","novedad":"1","paginas":"110","subtitulo":"","orden":"0","portada":"0","idioma":"spa","editorial":[{"ID":147937,"post_author":"3","post_date":"2022-10-14 11:54:23","post_date_gmt":"2022-10-14 09:54:23","post_content":"","post_title":"Editorial Bulul\u00fa","post_excerpt":"","post_status":"publish","comment_status":"closed","ping_status":"closed","post_password":"","post_name":"editorial-bululu","to_ping":"","pinged":"","post_modified":"2022-10-14 11:54:23","post_modified_gmt":"2022-10-14 09:54:23","post_content_filtered":"","post_parent":0,"guid":"http:\/\/dev.claret.cat\/editorial\/editorial-bululu\/","menu_order":0,"post_type":"editorial","post_mime_type":"","comment_count":"0","filter":"raw"}],"autores-libros":[{"ID":151143,"post_author":"3","post_date":"2022-10-14 14:38:32","post_date_gmt":"2022-10-14 12:38:32","post_content":"","post_title":"ARTHUR CONAN DOYLE","post_excerpt":"","post_status":"publish","comment_status":"closed","ping_status":"closed","post_password":"","post_name":"arthur-conan-doyle-2","to_ping":"","pinged":"","post_modified":"2022-10-14 14:38:32","post_modified_gmt":"2022-10-14 12:38:32","post_content_filtered":"","post_parent":0,"guid":"http:\/\/dev.claret.cat\/autor\/arthur-conan-doyle-2\/","menu_order":0,"post_type":"autor","post_mime_type":"","comment_count":"0","filter":"raw"}],"booktrailer":"","resenas":""},"aioseo_notices":[],"_links":{"self":[{"href":"https:\/\/www.claret.cat\/es\/wp-json\/wp\/v2\/product\/268207","targetHints":{"allow":["GET"]}}],"collection":[{"href":"https:\/\/www.claret.cat\/es\/wp-json\/wp\/v2\/product"}],"about":[{"href":"https:\/\/www.claret.cat\/es\/wp-json\/wp\/v2\/types\/product"}],"wp:featuredmedia":[{"embeddable":true,"href":"https:\/\/www.claret.cat\/es\/wp-json\/wp\/v2\/media\/268208"}],"wp:attachment":[{"href":"https:\/\/www.claret.cat\/es\/wp-json\/wp\/v2\/media?parent=268207"}],"wp:term":[{"taxonomy":"product_brand","embeddable":true,"href":"https:\/\/www.claret.cat\/es\/wp-json\/wp\/v2\/product_brand?post=268207"},{"taxonomy":"product_cat","embeddable":true,"href":"https:\/\/www.claret.cat\/es\/wp-json\/wp\/v2\/product_cat?post=268207"},{"taxonomy":"product_tag","embeddable":true,"href":"https:\/\/www.claret.cat\/es\/wp-json\/wp\/v2\/product_tag?post=268207"}],"curies":[{"name":"wp","href":"https:\/\/api.w.org\/{rel}","templated":true}]}}