{"id":268210,"date":"2022-12-01T13:39:16","date_gmt":"2022-12-01T12:39:16","guid":{"rendered":"http:\/\/dev.claret.cat\/producte\/adolescente-inmortal-el\/"},"modified":"2023-10-06T09:48:50","modified_gmt":"2023-10-06T07:48:50","slug":"adolescente-inmortal-el-9788415757597","status":"publish","type":"product","link":"https:\/\/www.claret.cat\/es\/libro\/adolescente-inmortal-el-9788415757597\/","title":{"rendered":"ADOLESCENTE INMORTAL, EL"},"content":{"rendered":"<p>&#8216;De mis catorce ahos tengo m\u00e1s recuerdos que si tuviera mila\u00f1os.&#8217;  Pierre Klossowski  &#8216;Este hombre parece venir de muy lejos. No s\u00f3lo de Europa Central, no s\u00f3lo de la Roma Imperial, no s\u00f3lo de Tubinga. Bajo esta extra\u00f1a calavera, con una frente m\u00e1s alta de lo natural, luchan, se abrazan, se odian, hacen el amor y se dan muerte, como nubes en un cielo borrascoso, multitud de dioses y diosas, los sue\u00f1os y deseos indescriptibles tanto de los h\u00e9roes de la mitologia como los de Kafka, Nietzsche, Hofmannsthal, Rilke, todos verdaderos habitantes de hoy por los siglos de los siglos. Para este hombre atormentado, este hombre de \u00e9xtasis, s\u00f3lo somos contempor\u00e1neos por azar, feliz o no, seg\u00fan su voluntad de poder afectiva. &gt;&gt;<\/p>\n","protected":false},"excerpt":{"rendered":"<p>PIERRE KLOSSOWSKI<\/p>\n","protected":false},"featured_media":276999,"template":"","meta":{"_acf_changed":false,"om_disable_all_campaigns":false,"rs_blank_template":"","rs_page_bg_color":"","slide_template_v7":"","inline_featured_image":false,"_monsterinsights_skip_tracking":false,"_monsterinsights_sitenote_active":false,"_monsterinsights_sitenote_note":"","_monsterinsights_sitenote_category":0},"product_brand":[],"product_cat":[373,445],"product_tag":[],"class_list":{"0":"post-268210","1":"product","2":"type-product","3":"status-publish","4":"has-post-thumbnail","6":"product_cat-autores","7":"product_cat-etica-filosofia-2_humanidades","9":"first","10":"instock","11":"taxable","12":"shipping-taxable","13":"purchasable","14":"product-type-simple"},"acf":{"autor":"PIERRE KLOSSOWSKI","codart":"841575759","libros-coleccion":"FORA DE COL.LECCI\u00d3","ediciones":"1","encuadernacion":"R\u00fastica","fecha_de_publicacion":"01\/04\/2022","novedad":"1","paginas":"114","subtitulo":"","orden":"0","portada":"0","idioma":"spa","editorial":[{"ID":276998,"post_author":"3","post_date":"2022-12-09 08:03:52","post_date_gmt":"2022-12-09 07:03:52","post_content":"","post_title":"ARENA LIBROS","post_excerpt":"","post_status":"publish","comment_status":"closed","ping_status":"closed","post_password":"","post_name":"arena-libros","to_ping":"","pinged":"","post_modified":"2022-12-09 08:03:52","post_modified_gmt":"2022-12-09 07:03:52","post_content_filtered":"","post_parent":0,"guid":"http:\/\/dev.claret.cat\/editorial\/arena-libros\/","menu_order":0,"post_type":"editorial","post_mime_type":"","comment_count":"0","filter":"raw"}],"autores-libros":[{"ID":263838,"post_author":"3","post_date":"2022-12-01 11:21:16","post_date_gmt":"2022-12-01 10:21:16","post_content":"","post_title":"PIERRE KLOSSOWSKI","post_excerpt":"","post_status":"publish","comment_status":"closed","ping_status":"closed","post_password":"","post_name":"pierre-klossowski","to_ping":"","pinged":"","post_modified":"2022-12-01 11:21:16","post_modified_gmt":"2022-12-01 10:21:16","post_content_filtered":"","post_parent":0,"guid":"http:\/\/dev.claret.cat\/autor\/pierre-klossowski\/","menu_order":0,"post_type":"autor","post_mime_type":"","comment_count":"0","filter":"raw"}]},"aioseo_notices":[],"_links":{"self":[{"href":"https:\/\/www.claret.cat\/es\/wp-json\/wp\/v2\/product\/268210","targetHints":{"allow":["GET"]}}],"collection":[{"href":"https:\/\/www.claret.cat\/es\/wp-json\/wp\/v2\/product"}],"about":[{"href":"https:\/\/www.claret.cat\/es\/wp-json\/wp\/v2\/types\/product"}],"wp:featuredmedia":[{"embeddable":true,"href":"https:\/\/www.claret.cat\/es\/wp-json\/wp\/v2\/media\/276999"}],"wp:attachment":[{"href":"https:\/\/www.claret.cat\/es\/wp-json\/wp\/v2\/media?parent=268210"}],"wp:term":[{"taxonomy":"product_brand","embeddable":true,"href":"https:\/\/www.claret.cat\/es\/wp-json\/wp\/v2\/product_brand?post=268210"},{"taxonomy":"product_cat","embeddable":true,"href":"https:\/\/www.claret.cat\/es\/wp-json\/wp\/v2\/product_cat?post=268210"},{"taxonomy":"product_tag","embeddable":true,"href":"https:\/\/www.claret.cat\/es\/wp-json\/wp\/v2\/product_tag?post=268210"}],"curies":[{"name":"wp","href":"https:\/\/api.w.org\/{rel}","templated":true}]}}